{"id":124416,"date":"2025-11-05T10:43:22","date_gmt":"2025-11-05T09:43:22","guid":{"rendered":"https:\/\/watchdeluxe.it\/prodotto\/montblanc-meisterstuck-porte-cartes-a-5-compartiments-ref-199317\/"},"modified":"2025-11-05T10:43:22","modified_gmt":"2025-11-05T09:43:22","slug":"montblanc-meisterstuck-porte-cartes-a-5-compartiments-ref-199317","status":"publish","type":"product","link":"https:\/\/watchdeluxe.it\/fr\/prodotto\/montblanc-meisterstuck-porte-cartes-a-5-compartiments-ref-199317\/","title":{"rendered":"Montblanc Meisterst\u00fcck Porte-cartes \u00e0 5 compartiments ref. 199317"},"content":{"rendered":"<p>Montblanc Meisterst\u00fcck Porte-cartes \u00e0 5 compartiments ref. 199317<\/p>\n<ul class=\"KsbFXc U6u95\" data-complete=\"true\" data-processed=\"true\">\n<li data-hveid=\"CAQQAA\" data-complete=\"true\" data-sae=\"\"><span class=\"T286Pc\" data-sfc-cp=\"\" data-complete=\"true\"><strong class=\"Yjhzub\" data-complete=\"true\">Design<\/strong>: Ce porte-cartes est con\u00e7u pour se glisser facilement dans une poche. Il pr\u00e9sente le logo et l&#8217;embl\u00e8me Montblanc grav\u00e9s sur la face avant, encadr\u00e9s par un anneau plaqu\u00e9 palladium. <\/span><\/li>\n<li data-hveid=\"CAQQAQ\" data-complete=\"true\" data-sae=\"\"><span class=\"T286Pc\" data-sfc-cp=\"\" data-complete=\"true\"><strong class=\"Yjhzub\" data-complete=\"true\">Mat\u00e9riaux<\/strong>: En cuir de veau lisse pleine fleur de couleur noire.<\/span><\/li>\n<li data-hveid=\"CAQQAg\" data-complete=\"true\" data-sae=\"\"><span class=\"T286Pc\" data-sfc-cp=\"\" data-complete=\"true\"><strong class=\"Yjhzub\" data-complete=\"true\">Capacit\u00e9<\/strong>: offre de l&#8217;espace pour organiser efficacement les cartes de cr\u00e9dit et les petits objets, avec cinq fentes pour cartes de cr\u00e9dit et trois poches suppl\u00e9mentaires.<\/span><\/li>\n<li data-hveid=\"CAQQAw\" data-complete=\"true\" data-sae=\"\"><span class=\"T286Pc\" data-sfc-cp=\"\" data-complete=\"true\"><strong class=\"Yjhzub\" data-complete=\"true\">Dimensions<\/strong>: Selon le site web alwaysfashion.com, les dimensions sont de 100 x 15 x 65 mm.<\/span><span class=\"uJ19be notranslate\" data-wiz-uids=\"Jetqze_12,Jetqze_13\" data-complete=\"true\"><span class=\"vKEkVd\" data-animation-atomic=\"\" data-sae=\"\"> <\/span><\/span><\/li>\n<\/ul>\n","protected":false},"excerpt":{"rendered":"<p>Montblanc Meisterst\u00fcck Porte-cartes \u00e0 5 compartiments ref. 199317 Design: Ce porte-cartes est con\u00e7u pour se glisser facilement dans une poche. Il pr\u00e9sente le logo et l&#8217;embl\u00e8me Montblanc grav\u00e9s sur la face avant, encadr\u00e9s par un anneau plaqu\u00e9 palladium. Mat\u00e9riaux: En cuir de veau lisse pleine fleur de couleur noire. Capacit\u00e9: offre de l&#8217;espace pour organiser [&hellip;]<\/p>\n","protected":false},"featured_media":124411,"template":"","meta":{"_crdt_document":"","advanced_seo_description":"","jetpack_seo_html_title":"","jetpack_seo_noindex":false},"product_brand":[1907],"product_cat":[1929],"product_tag":[1496],"berocket_brand":[],"woo-feed-brand":[],"class_list":{"0":"post-124416","1":"product","2":"type-product","3":"status-publish","4":"has-post-thumbnail","6":"product_brand-montblanc","7":"product_cat-montblanc","8":"product_tag-porta-carte","10":"first","11":"instock","12":"sale","13":"taxable","14":"shipping-taxable","15":"purchasable","16":"product-type-simple"},"bundled_by":[],"bundle_stock_status":"instock","bundle_stock_quantity":1,"bundle_virtual":false,"bundle_layout":"","bundle_add_to_cart_form_location":"","bundle_editable_in_cart":false,"bundle_sold_individually_context":"","bundle_item_grouping":"","bundle_min_size":"","bundle_max_size":"","bundle_price":[],"bundled_items":[],"bundle_sell_ids":[],"group_of_quantity":0,"min_quantity":0,"max_quantity":"","exclude_order_quantity_value_rules":"no","exclude_category_quantity_rules":"no","combine_variations":"no","exclude_global_add_ons":[],"addons":[],"jetpack_sharing_enabled":true,"jetpack_likes_enabled":true,"_links":{"self":[{"href":"https:\/\/watchdeluxe.it\/fr\/wp-json\/wp\/v2\/product\/124416","targetHints":{"allow":["GET"]}}],"collection":[{"href":"https:\/\/watchdeluxe.it\/fr\/wp-json\/wp\/v2\/product"}],"about":[{"href":"https:\/\/watchdeluxe.it\/fr\/wp-json\/wp\/v2\/types\/product"}],"wp:featuredmedia":[{"embeddable":true,"href":"https:\/\/watchdeluxe.it\/fr\/wp-json\/wp\/v2\/media\/124411"}],"wp:attachment":[{"href":"https:\/\/watchdeluxe.it\/fr\/wp-json\/wp\/v2\/media?parent=124416"}],"wp:term":[{"taxonomy":"product_brand","embeddable":true,"href":"https:\/\/watchdeluxe.it\/fr\/wp-json\/wp\/v2\/product_brand?post=124416"},{"taxonomy":"product_cat","embeddable":true,"href":"https:\/\/watchdeluxe.it\/fr\/wp-json\/wp\/v2\/product_cat?post=124416"},{"taxonomy":"product_tag","embeddable":true,"href":"https:\/\/watchdeluxe.it\/fr\/wp-json\/wp\/v2\/product_tag?post=124416"},{"taxonomy":"berocket_brand","embeddable":true,"href":"https:\/\/watchdeluxe.it\/fr\/wp-json\/wp\/v2\/berocket_brand?post=124416"},{"taxonomy":"woo-feed-brand","embeddable":true,"href":"https:\/\/watchdeluxe.it\/fr\/wp-json\/wp\/v2\/woo-feed-brand?post=124416"}],"curies":[{"name":"wp","href":"https:\/\/api.w.org\/{rel}","templated":true}]}}