{"id":124220,"date":"2025-11-05T09:55:55","date_gmt":"2025-11-05T08:55:55","guid":{"rendered":"https:\/\/watchdeluxe.it\/prodotto\/montblanc-meisterstuck-porte-cartes-a-6-compartiments-en-cuir-bleu-fume-ref-199268\/"},"modified":"2025-11-05T09:55:55","modified_gmt":"2025-11-05T08:55:55","slug":"montblanc-meisterstuck-porte-cartes-a-6-compartiments-en-cuir-bleu-fume-ref-199268","status":"publish","type":"product","link":"https:\/\/watchdeluxe.it\/fr\/prodotto\/montblanc-meisterstuck-porte-cartes-a-6-compartiments-en-cuir-bleu-fume-ref-199268\/","title":{"rendered":"Montblanc Meisterst\u00fcck Porte-cartes \u00e0 6 compartiments en cuir bleu fum\u00e9 ref. 199268"},"content":{"rendered":"<p>Montblanc Meisterst\u00fcck Porte-cartes \u00e0 6 compartiments en cuir bleu fum\u00e9 ref. 199268<\/p>\n<ul class=\"KsbFXc U6u95\" data-complete=\"true\" data-processed=\"true\">\n<li data-hveid=\"CAQQAA\" data-complete=\"true\" data-sae=\"\"><span class=\"T286Pc\" data-sfc-cp=\"\" data-complete=\"true\"><strong class=\"Yjhzub\" data-complete=\"true\">Mod\u00e8le :<\/strong> Meisterst\u00fcck, porte-cartes \u00e0 6 compartiments.<\/span><\/li>\n<li data-hveid=\"CAQQAQ\" data-complete=\"true\" data-sae=\"\"><span class=\"T286Pc\" data-sfc-cp=\"\" data-complete=\"true\"><strong class=\"Yjhzub\" data-complete=\"true\">Num\u00e9ro d&#8217;identification :<\/strong> 199268.<\/span><\/li>\n<li data-hveid=\"CAQQAg\" data-complete=\"true\" data-sae=\"\"><span class=\"T286Pc\" data-sfc-cp=\"\" data-complete=\"true\"><strong class=\"Yjhzub\" data-complete=\"true\">Mati\u00e8re :<\/strong> cuir de vache teint \u00e0 la main avec effet ombr\u00e9.<\/span><\/li>\n<li data-hveid=\"CAQQAw\" data-complete=\"true\" data-sae=\"\"><span class=\"T286Pc\" data-sfc-cp=\"\" data-complete=\"true\"><strong class=\"Yjhzub\" data-complete=\"true\">Couleur :<\/strong> bleu fum\u00e9.<\/span><\/li>\n<li data-hveid=\"CAQQBA\" data-complete=\"true\" data-sae=\"\"><span class=\"T286Pc\" data-sfc-cp=\"\" data-complete=\"true\"><strong class=\"Yjhzub\" data-complete=\"true\">Compartiments :<\/strong> six fentes pour cartes de cr\u00e9dit et une poche suppl\u00e9mentaire pour les petits objets.<\/span><\/li>\n<li data-hveid=\"CAQQBQ\" data-complete=\"true\" data-sae=\"\"><span class=\"T286Pc\" data-sfc-cp=\"\" data-complete=\"true\"><strong class=\"Yjhzub\" data-complete=\"true\">Dimensions :<\/strong> Les dimensions sont d&#8217;environ 100 x 5 x 80 mm, selon la boutique Montblanc de Munich.<\/span><span class=\"uJ19be notranslate\" data-wiz-uids=\"xM7wib_1a,xM7wib_1b\" data-complete=\"true\"><span class=\"vKEkVd\" data-animation-atomic=\"\" data-sae=\"\"> <\/span><\/span><\/li>\n<\/ul>\n","protected":false},"excerpt":{"rendered":"<p>Montblanc Meisterst\u00fcck Porte-cartes \u00e0 6 compartiments en cuir bleu fum\u00e9 ref. 199268 Mod\u00e8le : Meisterst\u00fcck, porte-cartes \u00e0 6 compartiments. Num\u00e9ro d&#8217;identification : 199268. Mati\u00e8re : cuir de vache teint \u00e0 la main avec effet ombr\u00e9. Couleur : bleu fum\u00e9. Compartiments : six fentes pour cartes de cr\u00e9dit et une poche suppl\u00e9mentaire pour les petits objets. [&hellip;]<\/p>\n","protected":false},"featured_media":124202,"template":"","meta":{"_crdt_document":"","advanced_seo_description":"","jetpack_seo_html_title":"","jetpack_seo_noindex":false},"product_brand":[1907],"product_cat":[1929],"product_tag":[1496],"berocket_brand":[],"woo-feed-brand":[],"class_list":{"0":"post-124220","1":"product","2":"type-product","3":"status-publish","4":"has-post-thumbnail","6":"product_brand-montblanc","7":"product_cat-montblanc","8":"product_tag-porta-carte","10":"first","11":"instock","12":"sale","13":"taxable","14":"shipping-taxable","15":"purchasable","16":"product-type-simple"},"bundled_by":[],"bundle_stock_status":"instock","bundle_stock_quantity":1,"bundle_virtual":false,"bundle_layout":"","bundle_add_to_cart_form_location":"","bundle_editable_in_cart":false,"bundle_sold_individually_context":"","bundle_item_grouping":"","bundle_min_size":"","bundle_max_size":"","bundle_price":[],"bundled_items":[],"bundle_sell_ids":[],"group_of_quantity":0,"min_quantity":0,"max_quantity":"","exclude_order_quantity_value_rules":"no","exclude_category_quantity_rules":"no","combine_variations":"no","exclude_global_add_ons":[],"addons":[],"jetpack_sharing_enabled":true,"jetpack_likes_enabled":true,"_links":{"self":[{"href":"https:\/\/watchdeluxe.it\/fr\/wp-json\/wp\/v2\/product\/124220","targetHints":{"allow":["GET"]}}],"collection":[{"href":"https:\/\/watchdeluxe.it\/fr\/wp-json\/wp\/v2\/product"}],"about":[{"href":"https:\/\/watchdeluxe.it\/fr\/wp-json\/wp\/v2\/types\/product"}],"wp:featuredmedia":[{"embeddable":true,"href":"https:\/\/watchdeluxe.it\/fr\/wp-json\/wp\/v2\/media\/124202"}],"wp:attachment":[{"href":"https:\/\/watchdeluxe.it\/fr\/wp-json\/wp\/v2\/media?parent=124220"}],"wp:term":[{"taxonomy":"product_brand","embeddable":true,"href":"https:\/\/watchdeluxe.it\/fr\/wp-json\/wp\/v2\/product_brand?post=124220"},{"taxonomy":"product_cat","embeddable":true,"href":"https:\/\/watchdeluxe.it\/fr\/wp-json\/wp\/v2\/product_cat?post=124220"},{"taxonomy":"product_tag","embeddable":true,"href":"https:\/\/watchdeluxe.it\/fr\/wp-json\/wp\/v2\/product_tag?post=124220"},{"taxonomy":"berocket_brand","embeddable":true,"href":"https:\/\/watchdeluxe.it\/fr\/wp-json\/wp\/v2\/berocket_brand?post=124220"},{"taxonomy":"woo-feed-brand","embeddable":true,"href":"https:\/\/watchdeluxe.it\/fr\/wp-json\/wp\/v2\/woo-feed-brand?post=124220"}],"curies":[{"name":"wp","href":"https:\/\/api.w.org\/{rel}","templated":true}]}}