{"id":124175,"date":"2025-11-05T09:48:01","date_gmt":"2025-11-05T08:48:01","guid":{"rendered":"https:\/\/watchdeluxe.it\/prodotto\/montblanc-porte-cartes-a-5-compartiments-de-la-collection-extreme-3-0-ref-220282\/"},"modified":"2026-04-08T09:17:38","modified_gmt":"2026-04-08T07:17:38","slug":"montblanc-porte-cartes-a-5-compartiments-de-la-collection-extreme-3-0-ref-220282","status":"publish","type":"product","link":"https:\/\/watchdeluxe.it\/fr\/prodotto\/montblanc-porte-cartes-a-5-compartiments-de-la-collection-extreme-3-0-ref-220282\/","title":{"rendered":"Montblanc porte-cartes \u00e0 5 compartiments de la collection Extreme 3.0 r\u00e9f. 220282"},"content":{"rendered":"<p>Montblanc porte-cartes \u00e0 5 compartiments de la collection Extreme 3.0 r\u00e9f. 220282<\/p>\n<ul>\n<li><strong>Marque :<\/strong> Montblanc<\/li>\n<li><strong>Mod\u00e8le :<\/strong> Extreme 3.0<\/li>\n<li><strong>R\u00e9f\u00e9rence :<\/strong> 220282<\/li>\n<li><strong>Mat\u00e9riaux :<\/strong> Cuir de haute qualit\u00e9<\/li>\n<li><strong>\n<li><strong>Etat :<\/strong> Nouveau<\/li>\n<li><strong>Sexe :<\/strong> Unisexe<\/li>\n<\/ul>\n","protected":false},"excerpt":{"rendered":"<p>D\u00e9couvrez l&#8217;\u00e9l\u00e9gance et la fonctionnalit\u00e9 du porte-cartes Montblanc 220282, un accessoire de luxe incontournable.<\/p>\n","protected":false},"featured_media":124166,"template":"","meta":{"_crdt_document":"","advanced_seo_description":"","jetpack_seo_html_title":"","jetpack_seo_noindex":false},"product_brand":[],"product_cat":[1929],"product_tag":[1496],"berocket_brand":[],"woo-feed-brand":[],"class_list":{"0":"post-124175","1":"product","2":"type-product","3":"status-publish","4":"has-post-thumbnail","6":"product_cat-montblanc","7":"product_tag-porta-carte","9":"first","10":"instock","11":"sale","12":"taxable","13":"shipping-taxable","14":"purchasable","15":"product-type-simple"},"bundled_by":[],"bundle_stock_status":"instock","bundle_stock_quantity":1,"bundle_virtual":false,"bundle_layout":"","bundle_add_to_cart_form_location":"","bundle_editable_in_cart":false,"bundle_sold_individually_context":"","bundle_item_grouping":"","bundle_min_size":"","bundle_max_size":"","bundle_price":[],"bundled_items":[],"bundle_sell_ids":[],"group_of_quantity":0,"min_quantity":0,"max_quantity":"","exclude_order_quantity_value_rules":"no","exclude_category_quantity_rules":"no","combine_variations":"no","exclude_global_add_ons":[],"addons":[],"jetpack_sharing_enabled":true,"jetpack_likes_enabled":true,"_links":{"self":[{"href":"https:\/\/watchdeluxe.it\/fr\/wp-json\/wp\/v2\/product\/124175","targetHints":{"allow":["GET"]}}],"collection":[{"href":"https:\/\/watchdeluxe.it\/fr\/wp-json\/wp\/v2\/product"}],"about":[{"href":"https:\/\/watchdeluxe.it\/fr\/wp-json\/wp\/v2\/types\/product"}],"wp:featuredmedia":[{"embeddable":true,"href":"https:\/\/watchdeluxe.it\/fr\/wp-json\/wp\/v2\/media\/124166"}],"wp:attachment":[{"href":"https:\/\/watchdeluxe.it\/fr\/wp-json\/wp\/v2\/media?parent=124175"}],"wp:term":[{"taxonomy":"product_brand","embeddable":true,"href":"https:\/\/watchdeluxe.it\/fr\/wp-json\/wp\/v2\/product_brand?post=124175"},{"taxonomy":"product_cat","embeddable":true,"href":"https:\/\/watchdeluxe.it\/fr\/wp-json\/wp\/v2\/product_cat?post=124175"},{"taxonomy":"product_tag","embeddable":true,"href":"https:\/\/watchdeluxe.it\/fr\/wp-json\/wp\/v2\/product_tag?post=124175"},{"taxonomy":"berocket_brand","embeddable":true,"href":"https:\/\/watchdeluxe.it\/fr\/wp-json\/wp\/v2\/berocket_brand?post=124175"},{"taxonomy":"woo-feed-brand","embeddable":true,"href":"https:\/\/watchdeluxe.it\/fr\/wp-json\/wp\/v2\/woo-feed-brand?post=124175"}],"curies":[{"name":"wp","href":"https:\/\/api.w.org\/{rel}","templated":true}]}}