{"id":123976,"date":"2025-11-04T16:46:50","date_gmt":"2025-11-04T15:46:50","guid":{"rendered":"https:\/\/watchdeluxe.it\/prodotto\/nomos-tetra-ochra-ref-437\/"},"modified":"2025-11-26T10:17:50","modified_gmt":"2025-11-26T09:17:50","slug":"nomos-tetra-ochra-ref-437","status":"publish","type":"product","link":"https:\/\/watchdeluxe.it\/fr\/prodotto\/nomos-tetra-ochra-ref-437\/","title":{"rendered":"Nomos Tetra Ochra ref. 437"},"content":{"rendered":"<p>Nomos Tetra Ochra ref. 437<\/p>\n<div class=\"product-specs__listing\">\n<dl class=\"specs-list\">\n<dt>Cas<\/dt>\n<dd>acier inoxydable, fix\u00e9 par quatre vis<br \/>\nverre saphir fond du bo\u00eetier<\/dd>\n<dt>Verre<\/dt>\n<dd>verre saphir<\/dd>\n<dt>Charge<\/dt>\n<dd>manuel<\/dd>\n<dt>Dimensions<\/dt>\n<dd>diam\u00e8tre <span class=\"size-property\"> 29,5 mm <\/span><br \/>\n\u00e9paisseur <span class=\"size-property\"> 6,5 mm <\/span><br \/>\ntaille de la boucle ext\u00e9rieure <span class=\"size-property\"> 40,5 mm <\/span> <\/dd>\n<dt>R\u00e9sistance \u00e0 l&#8217;eau<\/dt>\n<dd>5 atm (r\u00e9sistant aux \u00e9claboussures)<\/dd>\n<\/dl>\n<dl class=\"specs-list\">\n<dt>Cadran<\/dt>\n<dd>ocre jaune<\/dd>\n<dt>Mains<\/dt>\n<dd>rhodi\u00e9, aiguille des secondes jaune<\/dd>\n<dt>sangle<\/dt>\n<dd>daim v\u00e9g\u00e9talien, rebord\u00e9, beige<br \/>\n<span class=\"size-property\"> largeur de boucle 18 mm <\/span> <\/dd>\n<\/dl>\n<\/div>\n","protected":false},"excerpt":{"rendered":"<p>Nomos Tetra Ochra ref. 437 Cas acier inoxydable, fix\u00e9 par quatre vis verre saphir fond du bo\u00eetier Verre verre saphir Charge manuel Dimensions diam\u00e8tre 29,5 mm \u00e9paisseur 6,5 mm taille de la boucle ext\u00e9rieure 40,5 mm R\u00e9sistance \u00e0 l&#8217;eau 5 atm (r\u00e9sistant aux \u00e9claboussures) Cadran ocre jaune Mains rhodi\u00e9, aiguille des secondes jaune sangle daim [&hellip;]<\/p>\n","protected":false},"featured_media":127062,"template":"","meta":{"_crdt_document":"","advanced_seo_description":"","jetpack_seo_html_title":"","jetpack_seo_noindex":false},"product_brand":[2154],"product_cat":[3908],"product_tag":[],"berocket_brand":[],"woo-feed-brand":[],"class_list":{"0":"post-123976","1":"product","2":"type-product","3":"status-publish","4":"has-post-thumbnail","6":"product_brand-nomos-glashutte","7":"product_cat-sans-categorie","9":"first","10":"instock","11":"sale","12":"taxable","13":"shipping-taxable","14":"purchasable","15":"product-type-simple"},"bundled_by":[],"bundle_stock_status":"instock","bundle_stock_quantity":1,"bundle_virtual":false,"bundle_layout":"","bundle_add_to_cart_form_location":"","bundle_editable_in_cart":false,"bundle_sold_individually_context":"","bundle_item_grouping":"","bundle_min_size":"","bundle_max_size":"","bundle_price":[],"bundled_items":[],"bundle_sell_ids":[],"group_of_quantity":0,"min_quantity":0,"max_quantity":"","exclude_order_quantity_value_rules":"no","exclude_category_quantity_rules":"no","combine_variations":"no","jetpack_sharing_enabled":true,"jetpack_likes_enabled":true,"_links":{"self":[{"href":"https:\/\/watchdeluxe.it\/fr\/wp-json\/wp\/v2\/product\/123976","targetHints":{"allow":["GET"]}}],"collection":[{"href":"https:\/\/watchdeluxe.it\/fr\/wp-json\/wp\/v2\/product"}],"about":[{"href":"https:\/\/watchdeluxe.it\/fr\/wp-json\/wp\/v2\/types\/product"}],"wp:featuredmedia":[{"embeddable":true,"href":"https:\/\/watchdeluxe.it\/fr\/wp-json\/"}],"wp:attachment":[{"href":"https:\/\/watchdeluxe.it\/fr\/wp-json\/wp\/v2\/media?parent=123976"}],"wp:term":[{"taxonomy":"product_brand","embeddable":true,"href":"https:\/\/watchdeluxe.it\/fr\/wp-json\/wp\/v2\/product_brand?post=123976"},{"taxonomy":"product_cat","embeddable":true,"href":"https:\/\/watchdeluxe.it\/fr\/wp-json\/wp\/v2\/product_cat?post=123976"},{"taxonomy":"product_tag","embeddable":true,"href":"https:\/\/watchdeluxe.it\/fr\/wp-json\/wp\/v2\/product_tag?post=123976"},{"taxonomy":"berocket_brand","embeddable":true,"href":"https:\/\/watchdeluxe.it\/fr\/wp-json\/wp\/v2\/berocket_brand?post=123976"},{"taxonomy":"woo-feed-brand","embeddable":true,"href":"https:\/\/watchdeluxe.it\/fr\/wp-json\/wp\/v2\/woo-feed-brand?post=123976"}],"curies":[{"name":"wp","href":"https:\/\/api.w.org\/{rel}","templated":true}]}}