{"id":123408,"date":"2025-11-03T15:41:34","date_gmt":"2025-11-03T14:41:34","guid":{"rendered":"https:\/\/watchdeluxe.it\/prodotto\/hamilton-khaki-field-reserve-de-marche-40-mm-ref-h69509930\/"},"modified":"2025-11-03T15:41:34","modified_gmt":"2025-11-03T14:41:34","slug":"hamilton-khaki-field-reserve-de-marche-40-mm-ref-h69509930","status":"publish","type":"product","link":"https:\/\/watchdeluxe.it\/fr\/prodotto\/hamilton-khaki-field-reserve-de-marche-40-mm-ref-h69509930\/","title":{"rendered":"Hamilton Khaki field r\u00e9serve de marche 40 mm ref. H69509930"},"content":{"rendered":"<p>Hamilton Khaki field r\u00e9serve de marche 40 mm ref. H69509930<\/p>\n<ul>\n<li><span class=\"attribute-label\">Calibre<\/span> <span class=\"attribute-value\">H-23<\/span><\/li>\n<li><span class=\"attribute-label\">Collection<\/span> <span class=\"attribute-value\">Champ kaki<\/span><\/li>\n<li><span class=\"attribute-label\">Mouvement<\/span> <span class=\"attribute-value\">M\u00e9canique<\/span><\/li>\n<li><span class=\"attribute-label\">Fonctions de la montre<\/span> <span class=\"attribute-value\">R\u00e9serve de marche<\/span><\/li>\n<li><span class=\"attribute-label\">Dimensions du bo\u00eetier<\/span> <span class=\"attribute-value\">40 mm<\/span><\/li>\n<li><span class=\"attribute-label\">Epaisseur (mm)<\/span> <span class=\"attribute-value\">11.95<\/span><\/li>\n<li><span class=\"attribute-label\">Couleur du cadran<\/span> <span class=\"attribute-value\">Noir<\/span><\/li>\n<li><span class=\"attribute-label\">Mat\u00e9riau du bo\u00eetier<\/span> <span class=\"attribute-value\">Acier<\/span><\/li>\n<li><span class=\"attribute-label\">Verre<\/span> <span class=\"attribute-value\">Saphir<\/span><\/li>\n<li><span class=\"attribute-label\">Largeur de la boucle<\/span> <span class=\"attribute-value\">20 mm<\/span><\/li>\n<li><span class=\"attribute-label\">R\u00e9serve de marche<\/span> <span class=\"attribute-value\">80 heures<\/span><\/li>\n<li><span class=\"attribute-label\">Statut de la collection<\/span> <span class=\"attribute-value\">Collection actuelle<\/span><\/li>\n<li><span class=\"attribute-label\">R\u00e9sistance \u00e0 l&#8217;eau<\/span> <span class=\"attribute-value\">10 bars (100m)<\/span><\/li>\n<li><span class=\"attribute-label\">Anti-reflet<\/span> <span class=\"attribute-value\">Oui<\/span><\/li>\n<li><span class=\"attribute-label\">Nivachron<\/span> <span class=\"attribute-value\">Oui<\/span><\/li>\n<li><span class=\"attribute-label\">Super Luminova<\/span> <span class=\"attribute-value\">Oui<\/span><\/li>\n<\/ul>\n","protected":false},"excerpt":{"rendered":"<p>Hamilton Khaki field r\u00e9serve de marche 40 mm ref. H69509930 Calibre H-23 Collection Champ kaki Mouvement M\u00e9canique Fonctions de la montre R\u00e9serve de marche Dimensions du bo\u00eetier 40 mm Epaisseur (mm) 11.95 Couleur du cadran Noir Mat\u00e9riau du bo\u00eetier Acier Verre Saphir Largeur de la boucle 20 mm R\u00e9serve de marche 80 heures Statut de [&hellip;]<\/p>\n","protected":false},"featured_media":123401,"template":"","meta":{"_crdt_document":"","advanced_seo_description":"","jetpack_seo_html_title":"","jetpack_seo_noindex":false},"product_brand":[],"product_cat":[2292],"product_tag":[2306],"berocket_brand":[],"woo-feed-brand":[],"class_list":{"0":"post-123408","1":"product","2":"type-product","3":"status-publish","4":"has-post-thumbnail","6":"product_cat-hamilton-fr","7":"product_tag-kaki","9":"first","10":"outofstock","11":"sale","12":"taxable","13":"shipping-taxable","14":"purchasable","15":"product-type-simple"},"bundled_by":[],"bundle_stock_status":"outofstock","bundle_stock_quantity":0,"bundle_virtual":false,"bundle_layout":"","bundle_add_to_cart_form_location":"","bundle_editable_in_cart":false,"bundle_sold_individually_context":"","bundle_item_grouping":"","bundle_min_size":"","bundle_max_size":"","bundle_price":[],"bundled_items":[],"bundle_sell_ids":[],"group_of_quantity":0,"min_quantity":0,"max_quantity":"","exclude_order_quantity_value_rules":"no","exclude_category_quantity_rules":"no","combine_variations":"no","jetpack_sharing_enabled":true,"jetpack_likes_enabled":true,"_links":{"self":[{"href":"https:\/\/watchdeluxe.it\/fr\/wp-json\/wp\/v2\/product\/123408","targetHints":{"allow":["GET"]}}],"collection":[{"href":"https:\/\/watchdeluxe.it\/fr\/wp-json\/wp\/v2\/product"}],"about":[{"href":"https:\/\/watchdeluxe.it\/fr\/wp-json\/wp\/v2\/types\/product"}],"wp:featuredmedia":[{"embeddable":true,"href":"https:\/\/watchdeluxe.it\/fr\/wp-json\/wp\/v2\/media\/123401"}],"wp:attachment":[{"href":"https:\/\/watchdeluxe.it\/fr\/wp-json\/wp\/v2\/media?parent=123408"}],"wp:term":[{"taxonomy":"product_brand","embeddable":true,"href":"https:\/\/watchdeluxe.it\/fr\/wp-json\/wp\/v2\/product_brand?post=123408"},{"taxonomy":"product_cat","embeddable":true,"href":"https:\/\/watchdeluxe.it\/fr\/wp-json\/wp\/v2\/product_cat?post=123408"},{"taxonomy":"product_tag","embeddable":true,"href":"https:\/\/watchdeluxe.it\/fr\/wp-json\/wp\/v2\/product_tag?post=123408"},{"taxonomy":"berocket_brand","embeddable":true,"href":"https:\/\/watchdeluxe.it\/fr\/wp-json\/wp\/v2\/berocket_brand?post=123408"},{"taxonomy":"woo-feed-brand","embeddable":true,"href":"https:\/\/watchdeluxe.it\/fr\/wp-json\/wp\/v2\/woo-feed-brand?post=123408"}],"curies":[{"name":"wp","href":"https:\/\/api.w.org\/{rel}","templated":true}]}}