{"id":123271,"date":"2025-10-30T15:28:55","date_gmt":"2025-10-30T14:28:55","guid":{"rendered":"https:\/\/watchdeluxe.it\/prodotto\/iwc-portugais-calendrier-perpetuel-vert-ref-iw344207\/"},"modified":"2025-11-26T09:56:36","modified_gmt":"2025-11-26T08:56:36","slug":"iwc-portugais-calendrier-perpetuel-vert-ref-iw344207","status":"publish","type":"product","link":"https:\/\/watchdeluxe.it\/fr\/prodotto\/iwc-portugais-calendrier-perpetuel-vert-ref-iw344207\/","title":{"rendered":"Iwc Portugais Calendrier Perp\u00e9tuel vert r\u00e9f. IW344207"},"content":{"rendered":"<p>Iwc Portugais Calendrier Perp\u00e9tuel vert r\u00e9f. IW344207<\/p>\n<ul>\n<li data-hveid=\"CAUQAA\" data-complete=\"true\" data-sae=\"\"><span class=\"T286Pc\" data-sfc-cp=\"\" data-complete=\"true\"><strong class=\"Yjhzub\" data-complete=\"true\">Mouvement :<\/strong> la montre est anim\u00e9e par un mouvement automatique maison, le calibre 82650, avec une r\u00e9serve de marche d&#8217;environ 60 heures.<\/span><\/li>\n<li data-hveid=\"CAUQAQ\" data-complete=\"true\" data-sae=\"\"><span class=\"T286Pc\" data-sfc-cp=\"\" data-complete=\"true\">Calendrier perp\u00e9tuel <strong class=\"Yjhzub\" data-complete=\"true\">:<\/strong> la complication du calendrier perp\u00e9tuel, qui s&#8217;ajuste automatiquement en fonction de la longueur des mois et des ann\u00e9es bissextiles, est int\u00e9gr\u00e9e dans un mouvement de la famille des 82000 calibres.<\/span><\/li>\n<li data-hveid=\"CAUQAg\" data-sae=\"\" data-complete=\"true\"><span class=\"T286Pc\" data-sfc-cp=\"\" data-complete=\"true\"><strong class=\"Yjhzub\" data-complete=\"true\">Bo\u00eetier :<\/strong> le bo\u00eetier en acier inoxydable a un diam\u00e8tre de 42,4 mm et une \u00e9paisseur de 13,8 mm. Le fond du bo\u00eetier est en verre saphir, ce qui permet d&#8217;admirer le mouvement.<\/span><\/li>\n<li data-hveid=\"CAUQAw\" data-complete=\"true\" data-processed=\"true\" data-sae=\"\"><span class=\"T286Pc\" data-sfc-cp=\"\" data-complete=\"true\">Cadran <strong class=\"Yjhzub\" data-complete=\"true\">et verre :<\/strong> le cadran est vert et le verre saphir convexe est trait\u00e9 antireflet sur les deux faces.<\/span><\/li>\n<li data-hveid=\"CAUQBA\" data-complete=\"true\" data-processed=\"true\" data-sae=\"\"><span class=\"T286Pc\" data-sfc-cp=\"\" data-complete=\"true\"><strong class=\"Yjhzub\" data-complete=\"true\">Bracelet :<\/strong> il est associ\u00e9 \u00e0 un bracelet en cuir d&#8217;alligator vert.<\/span><\/li>\n<li data-hveid=\"CAUQBQ\" data-complete=\"true\" data-processed=\"true\" data-sae=\"\"><span class=\"T286Pc\" data-sfc-cp=\"\" data-complete=\"true\"><strong class=\"Yjhzub\" data-complete=\"true\">\u00c9tanch\u00e9it\u00e9 :<\/strong> il est r\u00e9sistant \u00e0 l&#8217;eau jusqu&#8217;\u00e0 3 bars.<\/span><span class=\"uJ19be notranslate\" data-wiz-uids=\"Acsi7d_1b,Acsi7d_1c\" data-complete=\"true\"><span class=\"vKEkVd\" data-animation-atomic=\"\" data-sae=\"\"> <\/span><\/span><\/li>\n<\/ul>\n","protected":false},"excerpt":{"rendered":"<p>Iwc Portugais Calendrier Perp\u00e9tuel vert r\u00e9f. IW344207 Mouvement : la montre est anim\u00e9e par un mouvement automatique maison, le calibre 82650, avec une r\u00e9serve de marche d&#8217;environ 60 heures. Calendrier perp\u00e9tuel : la complication du calendrier perp\u00e9tuel, qui s&#8217;ajuste automatiquement en fonction de la longueur des mois et des ann\u00e9es bissextiles, est int\u00e9gr\u00e9e dans un [&hellip;]<\/p>\n","protected":false},"featured_media":123254,"template":"","meta":{"_crdt_document":"","advanced_seo_description":"","jetpack_seo_html_title":"","jetpack_seo_noindex":false},"product_brand":[],"product_cat":[2229],"product_tag":[2882],"berocket_brand":[],"woo-feed-brand":[],"class_list":{"0":"post-123271","1":"product","2":"type-product","3":"status-publish","4":"has-post-thumbnail","6":"product_cat-iwc-fr","7":"product_tag-portugais","9":"first","10":"instock","11":"sale","12":"taxable","13":"shipping-taxable","14":"purchasable","15":"product-type-simple"},"bundled_by":[],"bundle_stock_status":"instock","bundle_stock_quantity":1,"bundle_virtual":false,"bundle_layout":"","bundle_add_to_cart_form_location":"","bundle_editable_in_cart":false,"bundle_sold_individually_context":"","bundle_item_grouping":"","bundle_min_size":"","bundle_max_size":"","bundle_price":[],"bundled_items":[],"bundle_sell_ids":[],"group_of_quantity":0,"min_quantity":0,"max_quantity":"","exclude_order_quantity_value_rules":"no","exclude_category_quantity_rules":"no","combine_variations":"no","exclude_global_add_ons":[],"addons":[],"jetpack_sharing_enabled":true,"jetpack_likes_enabled":true,"_links":{"self":[{"href":"https:\/\/watchdeluxe.it\/fr\/wp-json\/wp\/v2\/product\/123271","targetHints":{"allow":["GET"]}}],"collection":[{"href":"https:\/\/watchdeluxe.it\/fr\/wp-json\/wp\/v2\/product"}],"about":[{"href":"https:\/\/watchdeluxe.it\/fr\/wp-json\/wp\/v2\/types\/product"}],"wp:featuredmedia":[{"embeddable":true,"href":"https:\/\/watchdeluxe.it\/fr\/wp-json\/wp\/v2\/media\/123254"}],"wp:attachment":[{"href":"https:\/\/watchdeluxe.it\/fr\/wp-json\/wp\/v2\/media?parent=123271"}],"wp:term":[{"taxonomy":"product_brand","embeddable":true,"href":"https:\/\/watchdeluxe.it\/fr\/wp-json\/wp\/v2\/product_brand?post=123271"},{"taxonomy":"product_cat","embeddable":true,"href":"https:\/\/watchdeluxe.it\/fr\/wp-json\/wp\/v2\/product_cat?post=123271"},{"taxonomy":"product_tag","embeddable":true,"href":"https:\/\/watchdeluxe.it\/fr\/wp-json\/wp\/v2\/product_tag?post=123271"},{"taxonomy":"berocket_brand","embeddable":true,"href":"https:\/\/watchdeluxe.it\/fr\/wp-json\/wp\/v2\/berocket_brand?post=123271"},{"taxonomy":"woo-feed-brand","embeddable":true,"href":"https:\/\/watchdeluxe.it\/fr\/wp-json\/wp\/v2\/woo-feed-brand?post=123271"}],"curies":[{"name":"wp","href":"https:\/\/api.w.org\/{rel}","templated":true}]}}