{"id":123051,"date":"2023-03-17T18:44:05","date_gmt":"2023-03-17T17:44:05","guid":{"rendered":"https:\/\/watchdeluxe.it\/prodotto\/nomos-glashutte-zurich-heures-du-monde-bleu-nuit-ref-807\/"},"modified":"2026-04-07T12:17:06","modified_gmt":"2026-04-07T10:17:06","slug":"nomos-glashutte-zurich-heures-du-monde-bleu-nuit-ref-807","status":"publish","type":"product","link":"https:\/\/watchdeluxe.it\/fr\/prodotto\/nomos-glashutte-zurich-heures-du-monde-bleu-nuit-ref-807\/","title":{"rendered":"NOMOS GLASHUTTE Z\u00fcrich heures du monde bleu nuit REF. 807"},"content":{"rendered":"<div class=\"text-container\" data-mce-fragment=\"1\">\n<div class=\"specs-list specs-list--ref\" data-mce-fragment=\"1\">\n<dl data-mce-fragment=\"1\">NOMOS GLASHUTTE Z\u00fcrich heures du monde bleu nuit REF. 807<\/dl>\n<\/div>\n<div class=\"list-couple\" data-mce-fragment=\"1\">\n<div class=\"specs-list\" data-mce-fragment=\"1\">\n<dl data-mce-fragment=\"1\">\n<dt data-mce-fragment=\"1\">Bo\u00eetier<\/dt>\n<dd data-mce-fragment=\"1\">acier inoxydable, tripartite <br data-mce-fragment=\"1\">fond en verre saphir<\/dd>\n<\/dl>\n<dl data-mce-fragment=\"1\">\n<dt data-mce-fragment=\"1\">Verre<\/dt>\n<dd data-mce-fragment=\"1\">verre saphir bomb\u00e9 avec traitement antireflet \u00e0 l&#8217;int\u00e9rieur et \u00e0 l&#8217;ext\u00e9rieur<\/dd>\n<\/dl>\n<dl data-mce-fragment=\"1\">\n<dt data-mce-fragment=\"1\">Remontage<\/dt>\n<dd data-mce-fragment=\"1\">automatique<\/dd>\n<\/dl>\n<dl data-mce-fragment=\"1\">\n<dt data-mce-fragment=\"1\">Dimensions<\/dt>\n<dd data-mce-fragment=\"1\">diam\u00e8tre <span class=\"size-property\" data-mce-fragment=\"1\"> 39,9 mm <\/span> <br data-mce-fragment=\"1\">\u00e9paisseur <span class=\"size-property\" data-mce-fragment=\"1\"> 10,9 mm <\/span><\/dd>\n<\/dl>\n<dl data-mce-fragment=\"1\">\n<dt data-mce-fragment=\"1\">\u00c9tanch\u00e9it\u00e9<\/dt>\n<dd data-mce-fragment=\"1\">3 atm (r\u00e9sistant aux \u00e9claboussures)<\/dd>\n<\/dl>\n<\/div>\n<div class=\"specs-list\" data-mce-fragment=\"1\">\n<dl data-mce-fragment=\"1\">\n<dt data-mce-fragment=\"1\">Cadran<\/dt>\n<dd data-mce-fragment=\"1\">galvanis\u00e9, bleu, avec fuseaux horaires et indicateur 24 heures<\/dd>\n<\/dl>\n<dl data-mce-fragment=\"1\">\n<dt data-mce-fragment=\"1\">Aiguilles<\/dt>\n<dd data-mce-fragment=\"1\">plaqu\u00e9 rhodium, facett\u00e9es<\/dd>\n<\/dl>\n<dl data-mce-fragment=\"1\">\n<dt data-mce-fragment=\"1\">bracelet<\/dt>\n<dd data-mce-fragment=\"1\">Horween Genuine Shell Cordovan noir<br data-mce-fragment=\"1\"><span class=\"size-property\" data-mce-fragment=\"1\"> largeur entre cornes 20 mm <\/span><\/dd>\n<\/dl>\n<\/div>\n<\/div>\n<\/div>\n","protected":false},"excerpt":{"rendered":"<p>NOMOS GLASHUTTE Z\u00fcrich heures du monde bleu nuit REF. 807 Bo\u00eetier acier inoxydable, tripartite fond en verre saphir Verre verre saphir bomb\u00e9 avec traitement antireflet \u00e0 l&#8217;int\u00e9rieur et \u00e0 l&#8217;ext\u00e9rieur Remontage automatique Dimensions diam\u00e8tre 39,9 mm \u00e9paisseur 10,9 mm \u00c9tanch\u00e9it\u00e9 3 atm (r\u00e9sistant aux \u00e9claboussures) Cadran galvanis\u00e9, bleu, avec fuseaux horaires et indicateur 24 heures [&hellip;]<\/p>\n","protected":false},"featured_media":164787,"template":"","meta":{"_crdt_document":"","advanced_seo_description":"","jetpack_seo_html_title":"","jetpack_seo_noindex":false},"product_brand":[],"product_cat":[2376],"product_tag":[3081],"berocket_brand":[],"woo-feed-brand":[],"class_list":{"0":"post-123051","1":"product","2":"type-product","3":"status-publish","4":"has-post-thumbnail","6":"product_cat-nomos-glashutte-fr","7":"product_tag-zurich-fr","9":"first","10":"instock","11":"sale","12":"taxable","13":"shipping-taxable","14":"purchasable","15":"product-type-simple"},"bundled_by":[],"bundle_stock_status":"instock","bundle_stock_quantity":1,"bundle_virtual":false,"bundle_layout":"","bundle_add_to_cart_form_location":"","bundle_editable_in_cart":false,"bundle_sold_individually_context":"","bundle_item_grouping":"","bundle_min_size":"","bundle_max_size":"","bundle_price":[],"bundled_items":[],"bundle_sell_ids":[],"group_of_quantity":0,"min_quantity":0,"max_quantity":"","exclude_order_quantity_value_rules":"no","exclude_category_quantity_rules":"no","combine_variations":"no","jetpack_sharing_enabled":true,"jetpack_likes_enabled":true,"_links":{"self":[{"href":"https:\/\/watchdeluxe.it\/fr\/wp-json\/wp\/v2\/product\/123051","targetHints":{"allow":["GET"]}}],"collection":[{"href":"https:\/\/watchdeluxe.it\/fr\/wp-json\/wp\/v2\/product"}],"about":[{"href":"https:\/\/watchdeluxe.it\/fr\/wp-json\/wp\/v2\/types\/product"}],"wp:featuredmedia":[{"embeddable":true,"href":"https:\/\/watchdeluxe.it\/fr\/wp-json\/wp\/v2\/media\/164787"}],"wp:attachment":[{"href":"https:\/\/watchdeluxe.it\/fr\/wp-json\/wp\/v2\/media?parent=123051"}],"wp:term":[{"taxonomy":"product_brand","embeddable":true,"href":"https:\/\/watchdeluxe.it\/fr\/wp-json\/wp\/v2\/product_brand?post=123051"},{"taxonomy":"product_cat","embeddable":true,"href":"https:\/\/watchdeluxe.it\/fr\/wp-json\/wp\/v2\/product_cat?post=123051"},{"taxonomy":"product_tag","embeddable":true,"href":"https:\/\/watchdeluxe.it\/fr\/wp-json\/wp\/v2\/product_tag?post=123051"},{"taxonomy":"berocket_brand","embeddable":true,"href":"https:\/\/watchdeluxe.it\/fr\/wp-json\/wp\/v2\/berocket_brand?post=123051"},{"taxonomy":"woo-feed-brand","embeddable":true,"href":"https:\/\/watchdeluxe.it\/fr\/wp-json\/wp\/v2\/woo-feed-brand?post=123051"}],"curies":[{"name":"wp","href":"https:\/\/api.w.org\/{rel}","templated":true}]}}