{"id":121691,"date":"2025-10-03T15:10:58","date_gmt":"2025-10-03T13:10:58","guid":{"rendered":"https:\/\/watchdeluxe.it\/prodotto\/nomos-club-campus-38-electric-green-ref-726-gb\/"},"modified":"2025-11-26T10:16:51","modified_gmt":"2025-11-26T09:16:51","slug":"nomos-club-campus-38-electric-green-ref-726-gb","status":"publish","type":"product","link":"https:\/\/watchdeluxe.it\/fr\/prodotto\/nomos-club-campus-38-electric-green-ref-726-gb\/","title":{"rendered":"Nomos Club campus 38 electric green ref. 726.gb"},"content":{"rendered":"<p>Nomos Club campus 38 electric green ref. 726.gb<\/p>\n<div class=\"list-couple\">\n<div class=\"specs-list\">\n<dl>\n<dt>Cas<\/dt>\n<dd>acier inoxydable, bipartite<br \/>\nverre saphir fond<br \/>\nviss\u00e9<\/dd>\n<\/dl>\n<dl>\n<dt>Verre<\/dt>\n<dd>verre saphir bomb\u00e9<\/dd>\n<\/dl>\n<dl>\n<dt>Charge<\/dt>\n<dd>manuel<\/dd>\n<\/dl>\n<dl>\n<dt>Dimensions<\/dt>\n<dd>diam\u00e8tre <span class=\"size-property\"> 38,5 mm <\/span><br \/>\n\u00e9paisseur <span class=\"size-property\"> 8,5 mm <\/span><br \/>\ntaille de la boucle ext\u00e9rieure <span class=\"size-property\"> 48,9 mm <\/span><\/dd>\n<\/dl>\n<dl>\n<dt>R\u00e9sistance \u00e0 l&#8217;eau<\/dt>\n<dd>10 atm (adapt\u00e9 \u00e0 la natation)<\/dd>\n<\/dl>\n<\/div>\n<div class=\"specs-list\">\n<dl>\n<dt>Cadran<\/dt>\n<dd>vert<br \/>\nChiffres arabes et romains et index avec superluminova blanc (luminescence bleue)<\/dd>\n<\/dl>\n<dl>\n<dt>Aiguilles<\/dt>\n<dd>Rhodi\u00e9es, avec inserts en superluminova blanc (luminescence bleue), aiguille des secondes orange fluorescente<\/dd>\n<\/dl>\n<dl>\n<dt>sangle<\/dt>\n<dd>Su\u00e8de gris<br \/>\n<span class=\"size-property\"> Largeur des cornes 20 mm <\/span><\/dd>\n<\/dl>\n<\/div>\n<\/div>\n","protected":false},"excerpt":{"rendered":"<p>Nomos Club campus 38 electric green ref. 726.gb Cas acier inoxydable, bipartite verre saphir fond viss\u00e9 Verre verre saphir bomb\u00e9 Charge manuel Dimensions diam\u00e8tre 38,5 mm \u00e9paisseur 8,5 mm taille de la boucle ext\u00e9rieure 48,9 mm R\u00e9sistance \u00e0 l&#8217;eau 10 atm (adapt\u00e9 \u00e0 la natation) Cadran vert Chiffres arabes et romains et index avec superluminova [&hellip;]<\/p>\n","protected":false},"featured_media":127075,"template":"","meta":{"_crdt_document":"","advanced_seo_description":"","jetpack_seo_html_title":"","jetpack_seo_noindex":false},"product_brand":[2154],"product_cat":[3721],"product_tag":[],"berocket_brand":[],"woo-feed-brand":[],"class_list":{"0":"post-121691","1":"product","2":"type-product","3":"status-publish","4":"has-post-thumbnail","6":"product_brand-nomos-glashutte","7":"product_cat-unkategorisiert","9":"first","10":"instock","11":"sale","12":"taxable","13":"shipping-taxable","14":"purchasable","15":"product-type-simple"},"bundled_by":[],"bundle_stock_status":"instock","bundle_stock_quantity":1,"bundle_virtual":false,"bundle_layout":"","bundle_add_to_cart_form_location":"","bundle_editable_in_cart":false,"bundle_sold_individually_context":"","bundle_item_grouping":"","bundle_min_size":"","bundle_max_size":"","bundle_price":[],"bundled_items":[],"bundle_sell_ids":[],"group_of_quantity":0,"min_quantity":0,"max_quantity":"","exclude_order_quantity_value_rules":"no","exclude_category_quantity_rules":"no","combine_variations":"no","jetpack_sharing_enabled":true,"jetpack_likes_enabled":true,"_links":{"self":[{"href":"https:\/\/watchdeluxe.it\/fr\/wp-json\/wp\/v2\/product\/121691","targetHints":{"allow":["GET"]}}],"collection":[{"href":"https:\/\/watchdeluxe.it\/fr\/wp-json\/wp\/v2\/product"}],"about":[{"href":"https:\/\/watchdeluxe.it\/fr\/wp-json\/wp\/v2\/types\/product"}],"wp:featuredmedia":[{"embeddable":true,"href":"https:\/\/watchdeluxe.it\/fr\/wp-json\/"}],"wp:attachment":[{"href":"https:\/\/watchdeluxe.it\/fr\/wp-json\/wp\/v2\/media?parent=121691"}],"wp:term":[{"taxonomy":"product_brand","embeddable":true,"href":"https:\/\/watchdeluxe.it\/fr\/wp-json\/wp\/v2\/product_brand?post=121691"},{"taxonomy":"product_cat","embeddable":true,"href":"https:\/\/watchdeluxe.it\/fr\/wp-json\/wp\/v2\/product_cat?post=121691"},{"taxonomy":"product_tag","embeddable":true,"href":"https:\/\/watchdeluxe.it\/fr\/wp-json\/wp\/v2\/product_tag?post=121691"},{"taxonomy":"berocket_brand","embeddable":true,"href":"https:\/\/watchdeluxe.it\/fr\/wp-json\/wp\/v2\/berocket_brand?post=121691"},{"taxonomy":"woo-feed-brand","embeddable":true,"href":"https:\/\/watchdeluxe.it\/fr\/wp-json\/wp\/v2\/woo-feed-brand?post=121691"}],"curies":[{"name":"wp","href":"https:\/\/api.w.org\/{rel}","templated":true}]}}