{"id":121675,"date":"2025-10-03T15:06:13","date_gmt":"2025-10-03T13:06:13","guid":{"rendered":"https:\/\/watchdeluxe.it\/prodotto\/tag-heuer-carrera-gmt-ref-wda2114-ba0013\/"},"modified":"2026-04-10T16:41:22","modified_gmt":"2026-04-10T14:41:22","slug":"tag-heuer-carrera-gmt-ref-wda2114-ba0013","status":"publish","type":"product","link":"https:\/\/watchdeluxe.it\/fr\/prodotto\/tag-heuer-carrera-gmt-ref-wda2114-ba0013\/","title":{"rendered":"Tag Heuer Carrera GMT r\u00e9f. WDA2114.BA0013"},"content":{"rendered":"<p>Tag Heuer Carrera GMT r\u00e9f. WDA2114.BA0013<\/p>\n<p>Puissance\/mouvement : <strong>M\u00e9canique<\/strong><br \/>\nType de remontage : <strong>Automatique<\/strong><br \/>\nAffichage : <strong>Analogique<\/strong><br \/>\nFonctions : <strong>Heure seulement avec date<\/strong><br \/>\nEtanch\u00e9it\u00e9 : <strong>10 ATM \u00e9tanche<\/strong><br \/>\nMat\u00e9riau du bo\u00eetier : <strong>Acier<\/strong><br \/>\nCouleur du bo\u00eetier : <strong>Acier<\/strong><br \/>\nCouleur du cadran :         <strong>Vert<\/strong><br \/>\nMat\u00e9riau du bracelet : <strong>Acier<\/strong><br \/>\nCouleur du bracelet : <strong>Acier<\/strong><br \/>\nDiam\u00e8tre du bo\u00eetier (mm) : <strong>41<\/strong><br \/>\nEpaisseur du bo\u00eetier : <strong>13<\/strong><br \/>\nVerre de la montre : <strong>Saphir<\/strong><br \/>\nFond de la montre :       <strong>Transparent<\/strong><\/p>\n","protected":false},"excerpt":{"rendered":"<p>Tag Heuer Carrera GMT r\u00e9f. WDA2114.BA0013 Puissance\/mouvement : M\u00e9canique Type de remontage : Automatique Affichage : Analogique Fonctions : Heure seulement avec date Etanch\u00e9it\u00e9 : 10 ATM \u00e9tanche Mat\u00e9riau du bo\u00eetier : Acier Couleur du bo\u00eetier : Acier Couleur du cadran : Vert Mat\u00e9riau du bracelet : Acier Couleur du bracelet : Acier Diam\u00e8tre du [&hellip;]<\/p>\n","protected":false},"featured_media":168921,"template":"","meta":{"_crdt_document":"","advanced_seo_description":"","jetpack_seo_html_title":"","jetpack_seo_noindex":false},"product_brand":[],"product_cat":[2243],"product_tag":[2362],"berocket_brand":[],"woo-feed-brand":[],"class_list":{"0":"post-121675","1":"product","2":"type-product","3":"status-publish","4":"has-post-thumbnail","6":"product_cat-tag-heuer-fr","7":"product_tag-carrera-fr","9":"first","10":"instock","11":"sale","12":"taxable","13":"shipping-taxable","14":"purchasable","15":"product-type-simple"},"bundled_by":[],"bundle_stock_status":"instock","bundle_stock_quantity":1,"bundle_virtual":false,"bundle_layout":"","bundle_add_to_cart_form_location":"","bundle_editable_in_cart":false,"bundle_sold_individually_context":"","bundle_item_grouping":"","bundle_min_size":"","bundle_max_size":"","bundle_price":[],"bundled_items":[],"bundle_sell_ids":[],"group_of_quantity":0,"min_quantity":0,"max_quantity":"","exclude_order_quantity_value_rules":"no","exclude_category_quantity_rules":"no","combine_variations":"no","jetpack_sharing_enabled":true,"jetpack_likes_enabled":true,"_links":{"self":[{"href":"https:\/\/watchdeluxe.it\/fr\/wp-json\/wp\/v2\/product\/121675","targetHints":{"allow":["GET"]}}],"collection":[{"href":"https:\/\/watchdeluxe.it\/fr\/wp-json\/wp\/v2\/product"}],"about":[{"href":"https:\/\/watchdeluxe.it\/fr\/wp-json\/wp\/v2\/types\/product"}],"wp:featuredmedia":[{"embeddable":true,"href":"https:\/\/watchdeluxe.it\/fr\/wp-json\/wp\/v2\/media\/168921"}],"wp:attachment":[{"href":"https:\/\/watchdeluxe.it\/fr\/wp-json\/wp\/v2\/media?parent=121675"}],"wp:term":[{"taxonomy":"product_brand","embeddable":true,"href":"https:\/\/watchdeluxe.it\/fr\/wp-json\/wp\/v2\/product_brand?post=121675"},{"taxonomy":"product_cat","embeddable":true,"href":"https:\/\/watchdeluxe.it\/fr\/wp-json\/wp\/v2\/product_cat?post=121675"},{"taxonomy":"product_tag","embeddable":true,"href":"https:\/\/watchdeluxe.it\/fr\/wp-json\/wp\/v2\/product_tag?post=121675"},{"taxonomy":"berocket_brand","embeddable":true,"href":"https:\/\/watchdeluxe.it\/fr\/wp-json\/wp\/v2\/berocket_brand?post=121675"},{"taxonomy":"woo-feed-brand","embeddable":true,"href":"https:\/\/watchdeluxe.it\/fr\/wp-json\/wp\/v2\/woo-feed-brand?post=121675"}],"curies":[{"name":"wp","href":"https:\/\/api.w.org\/{rel}","templated":true}]}}