{"id":121580,"date":"2025-10-03T14:35:57","date_gmt":"2025-10-03T12:35:57","guid":{"rendered":"https:\/\/watchdeluxe.it\/prodotto\/omega-seamaster-diver-42-ref-210-92-42-20-01-003\/"},"modified":"2025-10-03T14:35:57","modified_gmt":"2025-10-03T12:35:57","slug":"omega-seamaster-diver-42-ref-210-92-42-20-01-003","status":"publish","type":"product","link":"https:\/\/watchdeluxe.it\/fr\/prodotto\/omega-seamaster-diver-42-ref-210-92-42-20-01-003\/","title":{"rendered":"Omega seamaster Diver 42 ref. 210.92.42.20.01.003"},"content":{"rendered":"<p>Omega seamaster diver 42 or rose ref. 210.92.42.20.01.003<\/p>\n<div id=\"js-more-info-tabs-3\" class=\"tab-pane fade show\">\n<div class=\"rte\">\n<div class=\"Customcontainer\">\n<p>Mat\u00e9riau : <span class=\"black\">Titane<\/span><\/p>\n<p>Couleur : <span class=\"black\">Bronze<\/span><\/p>\n<p>Verre : <span class=\"black\">Saphir<\/span><\/p>\n<p>Taille : <span class=\"black\">42 mm.<\/span><\/p>\n<p>R\u00e9sistance \u00e0 l&#8217;eau : <span class=\"black\">30bar \/ 300m<\/span><\/p>\n<p>Forme du bo\u00eetier : <span class=\"black\">ronde<\/span><\/p>\n<p>\u00c9paisseur : <span class=\"black\">13,6 mm.<\/span><\/p>\n<div id=\"js-more-info-tabs-2\" class=\"tab-pane fade show\">\n<div class=\"rte\">\n<div class=\"Customcontainer\">\n<p>Mouvement : <span class=\"black\">Automatique<\/span><\/p>\n<p>Fonctions : <span class=\"black\">Affichage de la date<\/span><\/p>\n<p>Calibre : <span class=\"black\">8806<\/span><\/p>\n<p>R\u00e9serve de marche : <span class=\"black\">55 heures<\/span><\/p>\n<p>Certification : <span class=\"black\">METAS<\/span><\/p>\n<\/div>\n<\/div>\n<\/div>\n<p>&nbsp;<\/p>\n<\/div>\n<\/div>\n<\/div>\n","protected":false},"excerpt":{"rendered":"<p>Omega seamaster diver 42 or rose ref. 210.92.42.20.01.003 Mat\u00e9riau : Titane Couleur : Bronze Verre : Saphir Taille : 42 mm. R\u00e9sistance \u00e0 l&#8217;eau : 30bar \/ 300m Forme du bo\u00eetier : ronde \u00c9paisseur : 13,6 mm. Mouvement : Automatique Fonctions : Affichage de la date Calibre : 8806 R\u00e9serve de marche : 55 heures [&hellip;]<\/p>\n","protected":false},"featured_media":121575,"template":"","meta":{"_crdt_document":"","advanced_seo_description":"","jetpack_seo_html_title":"","jetpack_seo_noindex":false},"product_brand":[2155],"product_cat":[1921],"product_tag":[3961],"berocket_brand":[],"woo-feed-brand":[],"class_list":{"0":"post-121580","1":"product","2":"type-product","3":"status-publish","4":"has-post-thumbnail","6":"product_brand-omega","7":"product_cat-omega","8":"product_tag-seamaster-2","10":"first","11":"instock","12":"sale","13":"taxable","14":"shipping-taxable","15":"purchasable","16":"product-type-simple"},"bundled_by":[],"bundle_stock_status":"instock","bundle_stock_quantity":1,"bundle_virtual":false,"bundle_layout":"","bundle_add_to_cart_form_location":"","bundle_editable_in_cart":false,"bundle_sold_individually_context":"","bundle_item_grouping":"","bundle_min_size":"","bundle_max_size":"","bundle_price":[],"bundled_items":[],"bundle_sell_ids":[],"group_of_quantity":0,"min_quantity":0,"max_quantity":"","exclude_order_quantity_value_rules":"no","exclude_category_quantity_rules":"no","combine_variations":"no","jetpack_sharing_enabled":true,"jetpack_likes_enabled":true,"_links":{"self":[{"href":"https:\/\/watchdeluxe.it\/fr\/wp-json\/wp\/v2\/product\/121580","targetHints":{"allow":["GET"]}}],"collection":[{"href":"https:\/\/watchdeluxe.it\/fr\/wp-json\/wp\/v2\/product"}],"about":[{"href":"https:\/\/watchdeluxe.it\/fr\/wp-json\/wp\/v2\/types\/product"}],"wp:featuredmedia":[{"embeddable":true,"href":"https:\/\/watchdeluxe.it\/fr\/wp-json\/wp\/v2\/media\/121575"}],"wp:attachment":[{"href":"https:\/\/watchdeluxe.it\/fr\/wp-json\/wp\/v2\/media?parent=121580"}],"wp:term":[{"taxonomy":"product_brand","embeddable":true,"href":"https:\/\/watchdeluxe.it\/fr\/wp-json\/wp\/v2\/product_brand?post=121580"},{"taxonomy":"product_cat","embeddable":true,"href":"https:\/\/watchdeluxe.it\/fr\/wp-json\/wp\/v2\/product_cat?post=121580"},{"taxonomy":"product_tag","embeddable":true,"href":"https:\/\/watchdeluxe.it\/fr\/wp-json\/wp\/v2\/product_tag?post=121580"},{"taxonomy":"berocket_brand","embeddable":true,"href":"https:\/\/watchdeluxe.it\/fr\/wp-json\/wp\/v2\/berocket_brand?post=121580"},{"taxonomy":"woo-feed-brand","embeddable":true,"href":"https:\/\/watchdeluxe.it\/fr\/wp-json\/wp\/v2\/woo-feed-brand?post=121580"}],"curies":[{"name":"wp","href":"https:\/\/api.w.org\/{rel}","templated":true}]}}