{"id":121429,"date":"2025-10-02T15:55:32","date_gmt":"2025-10-02T13:55:32","guid":{"rendered":"https:\/\/watchdeluxe.it\/prodotto\/hamilton-jazzmaster-skeleton-auto-ref-h42535560\/"},"modified":"2025-10-02T15:55:32","modified_gmt":"2025-10-02T13:55:32","slug":"hamilton-jazzmaster-skeleton-auto-ref-h42535560","status":"publish","type":"product","link":"https:\/\/watchdeluxe.it\/fr\/prodotto\/hamilton-jazzmaster-skeleton-auto-ref-h42535560\/","title":{"rendered":"Hamilton Jazzmaster Skeleton Auto ref. H42535560"},"content":{"rendered":"<p>Hamilton Jazzmaster Skeleton Auto ref. H42535560<\/p>\n<ul class=\"row no-margin no-style-ul\">\n<li class=\"col col-1-2-m watch\">R\u00e9f\u00e9rence : H42535560<br \/>\nCalibre : H-10-S<br \/>\nCollection : Jazzmaster<br \/>\nMouvement : Remontage automatique<br \/>\nDimensions du bo\u00eetier : 40mm<br \/>\nEpaisseur (mm) : 11.05<br \/>\nCouleur du cadran : Vert<br \/>\nMat\u00e9riau du bo\u00eetier : Acier<br \/>\nVerre : Saphir<br \/>\nLargeur de la corne : 20 mm<br \/>\nR\u00e9serve de marche : 80 heures<br \/>\nR\u00e9sistance \u00e0 l&#8217;eau : 5 bar (50m)<br \/>\nAntireflet : Oui<br \/>\nFond de bo\u00eetier apparent : Oui<br \/>\nNivachron : Oui<\/li>\n<\/ul>\n<p>&nbsp;<\/p>\n<ul class=\"row no-margin no-style-ul\">\n<li class=\"col col-1-2-m strap\">\n<h4 aria-level=\"2\">BRACELET\/BRACELET<\/h4>\n<p>Accessoire REF : H6000001731<br \/>\nType de bracelet : <span class=\"attribute-value\">Cuir de vache<\/span><br \/>\nType de boucle : Boucle \u00e0 ardillon<br \/>\nLargeur de la boucle : 18mm<\/li>\n<\/ul>\n","protected":false},"excerpt":{"rendered":"<p>Hamilton Jazzmaster Skeleton Auto ref. H42535560 R\u00e9f\u00e9rence : H42535560 Calibre : H-10-S Collection : Jazzmaster Mouvement : Remontage automatique Dimensions du bo\u00eetier : 40mm Epaisseur (mm) : 11.05 Couleur du cadran : Vert Mat\u00e9riau du bo\u00eetier : Acier Verre : Saphir Largeur de la corne : 20 mm R\u00e9serve de marche : 80 heures R\u00e9sistance [&hellip;]<\/p>\n","protected":false},"featured_media":121424,"template":"","meta":{"_crdt_document":"","advanced_seo_description":"","jetpack_seo_html_title":"","jetpack_seo_noindex":false},"product_brand":[],"product_cat":[2292],"product_tag":[2599],"berocket_brand":[],"woo-feed-brand":[],"class_list":{"0":"post-121429","1":"product","2":"type-product","3":"status-publish","4":"has-post-thumbnail","6":"product_cat-hamilton-fr","7":"product_tag-jazzmaster-fr","9":"first","10":"instock","11":"sale","12":"taxable","13":"shipping-taxable","14":"purchasable","15":"product-type-simple"},"bundled_by":[],"bundle_stock_status":"instock","bundle_stock_quantity":1,"bundle_virtual":false,"bundle_layout":"","bundle_add_to_cart_form_location":"","bundle_editable_in_cart":false,"bundle_sold_individually_context":"","bundle_item_grouping":"","bundle_min_size":"","bundle_max_size":"","bundle_price":[],"bundled_items":[],"bundle_sell_ids":[],"group_of_quantity":0,"min_quantity":0,"max_quantity":"","exclude_order_quantity_value_rules":"no","exclude_category_quantity_rules":"no","combine_variations":"no","jetpack_sharing_enabled":true,"jetpack_likes_enabled":true,"_links":{"self":[{"href":"https:\/\/watchdeluxe.it\/fr\/wp-json\/wp\/v2\/product\/121429","targetHints":{"allow":["GET"]}}],"collection":[{"href":"https:\/\/watchdeluxe.it\/fr\/wp-json\/wp\/v2\/product"}],"about":[{"href":"https:\/\/watchdeluxe.it\/fr\/wp-json\/wp\/v2\/types\/product"}],"wp:featuredmedia":[{"embeddable":true,"href":"https:\/\/watchdeluxe.it\/fr\/wp-json\/wp\/v2\/media\/121424"}],"wp:attachment":[{"href":"https:\/\/watchdeluxe.it\/fr\/wp-json\/wp\/v2\/media?parent=121429"}],"wp:term":[{"taxonomy":"product_brand","embeddable":true,"href":"https:\/\/watchdeluxe.it\/fr\/wp-json\/wp\/v2\/product_brand?post=121429"},{"taxonomy":"product_cat","embeddable":true,"href":"https:\/\/watchdeluxe.it\/fr\/wp-json\/wp\/v2\/product_cat?post=121429"},{"taxonomy":"product_tag","embeddable":true,"href":"https:\/\/watchdeluxe.it\/fr\/wp-json\/wp\/v2\/product_tag?post=121429"},{"taxonomy":"berocket_brand","embeddable":true,"href":"https:\/\/watchdeluxe.it\/fr\/wp-json\/wp\/v2\/berocket_brand?post=121429"},{"taxonomy":"woo-feed-brand","embeddable":true,"href":"https:\/\/watchdeluxe.it\/fr\/wp-json\/wp\/v2\/woo-feed-brand?post=121429"}],"curies":[{"name":"wp","href":"https:\/\/api.w.org\/{rel}","templated":true}]}}