{"id":121291,"date":"2025-10-02T11:53:52","date_gmt":"2025-10-02T09:53:52","guid":{"rendered":"https:\/\/watchdeluxe.it\/prodotto\/baume-mercier-riviera-ref-m0a10812\/"},"modified":"2025-10-02T11:53:52","modified_gmt":"2025-10-02T09:53:52","slug":"baume-mercier-riviera-ref-m0a10812","status":"publish","type":"product","link":"https:\/\/watchdeluxe.it\/fr\/prodotto\/baume-mercier-riviera-ref-m0a10812\/","title":{"rendered":"Baume &amp; Mercier Riviera ref. M0A10812"},"content":{"rendered":"<p>Baume &amp; Mercier Riviera ref. M0A10812<\/p>\n<p><strong>Mouvement<\/strong>: quartz &#8220;Swiss made<br \/>\n<strong>Fonction<\/strong>: heure et date<br \/>\n<strong>Mat\u00e9riau du bo\u00eetier<\/strong>: acier inoxydable, verre saphir \u00e0 l&#8217;avant et \u00e0 l&#8217;arri\u00e8re<br \/>\n<strong>Forme et diam\u00e8tre du bo\u00eetier<\/strong>: dod\u00e9cagonal, 33,0 mm de diam\u00e8tre pour une \u00e9paisseur de 9,22 mm.<br \/>\n<strong>Cadran<\/strong>: rose avec finition satin\u00e9e en forme de vague, aiguilles &#8220;Dauphine&#8221; avec rev\u00eatement SuperLuminova, combinaison d&#8217;index b\u00e2tons et de chiffres romains argent\u00e9s.<br \/>\n<strong>Bracelet<\/strong>: acier inoxydable avec syst\u00e8me d&#8217;ouverture rapide, boucle d\u00e9ployante triple avec cran de s\u00e9curit\u00e9 en acier inoxydable<br \/>\n<strong>R\u00e9sistance \u00e0 l&#8217;eau<\/strong>: 5 ATM (environ 50 m)<\/p>\n","protected":false},"excerpt":{"rendered":"<p>Baume &amp; Mercier Riviera ref. M0A10812 Mouvement: quartz &#8220;Swiss made Fonction: heure et date Mat\u00e9riau du bo\u00eetier: acier inoxydable, verre saphir \u00e0 l&#8217;avant et \u00e0 l&#8217;arri\u00e8re Forme et diam\u00e8tre du bo\u00eetier: dod\u00e9cagonal, 33,0 mm de diam\u00e8tre pour une \u00e9paisseur de 9,22 mm. Cadran: rose avec finition satin\u00e9e en forme de vague, aiguilles &#8220;Dauphine&#8221; avec rev\u00eatement [&hellip;]<\/p>\n","protected":false},"featured_media":121285,"template":"","meta":{"_crdt_document":"","advanced_seo_description":"","jetpack_seo_html_title":"","jetpack_seo_noindex":false},"product_brand":[],"product_cat":[5515],"product_tag":[2609],"berocket_brand":[],"woo-feed-brand":[],"class_list":{"0":"post-121291","1":"product","2":"type-product","3":"status-publish","4":"has-post-thumbnail","6":"product_cat-baume-mercier-fr2","7":"product_tag-riviera-fr","9":"first","10":"instock","11":"sale","12":"taxable","13":"shipping-taxable","14":"purchasable","15":"product-type-simple"},"bundled_by":[],"bundle_stock_status":"instock","bundle_stock_quantity":1,"bundle_virtual":false,"bundle_layout":"","bundle_add_to_cart_form_location":"","bundle_editable_in_cart":false,"bundle_sold_individually_context":"","bundle_item_grouping":"","bundle_min_size":"","bundle_max_size":"","bundle_price":[],"bundled_items":[],"bundle_sell_ids":[],"group_of_quantity":0,"min_quantity":0,"max_quantity":"","exclude_order_quantity_value_rules":"no","exclude_category_quantity_rules":"no","combine_variations":"no","jetpack_sharing_enabled":true,"jetpack_likes_enabled":true,"_links":{"self":[{"href":"https:\/\/watchdeluxe.it\/fr\/wp-json\/wp\/v2\/product\/121291","targetHints":{"allow":["GET"]}}],"collection":[{"href":"https:\/\/watchdeluxe.it\/fr\/wp-json\/wp\/v2\/product"}],"about":[{"href":"https:\/\/watchdeluxe.it\/fr\/wp-json\/wp\/v2\/types\/product"}],"wp:featuredmedia":[{"embeddable":true,"href":"https:\/\/watchdeluxe.it\/fr\/wp-json\/wp\/v2\/media\/121285"}],"wp:attachment":[{"href":"https:\/\/watchdeluxe.it\/fr\/wp-json\/wp\/v2\/media?parent=121291"}],"wp:term":[{"taxonomy":"product_brand","embeddable":true,"href":"https:\/\/watchdeluxe.it\/fr\/wp-json\/wp\/v2\/product_brand?post=121291"},{"taxonomy":"product_cat","embeddable":true,"href":"https:\/\/watchdeluxe.it\/fr\/wp-json\/wp\/v2\/product_cat?post=121291"},{"taxonomy":"product_tag","embeddable":true,"href":"https:\/\/watchdeluxe.it\/fr\/wp-json\/wp\/v2\/product_tag?post=121291"},{"taxonomy":"berocket_brand","embeddable":true,"href":"https:\/\/watchdeluxe.it\/fr\/wp-json\/wp\/v2\/berocket_brand?post=121291"},{"taxonomy":"woo-feed-brand","embeddable":true,"href":"https:\/\/watchdeluxe.it\/fr\/wp-json\/wp\/v2\/woo-feed-brand?post=121291"}],"curies":[{"name":"wp","href":"https:\/\/api.w.org\/{rel}","templated":true}]}}