{"id":121197,"date":"2025-10-02T10:27:09","date_gmt":"2025-10-02T08:27:09","guid":{"rendered":"https:\/\/watchdeluxe.it\/prodotto\/rado-diastar-original-ref-r12170343\/"},"modified":"2025-10-02T10:27:09","modified_gmt":"2025-10-02T08:27:09","slug":"rado-diastar-original-ref-r12170343","status":"publish","type":"product","link":"https:\/\/watchdeluxe.it\/fr\/prodotto\/rado-diastar-original-ref-r12170343\/","title":{"rendered":"Rado Diastar Original ref. R12170343"},"content":{"rendered":"<p>Rado Diastar Original ref. R12170343<\/p>\n<table class=\"table table-striped\">\n<tbody>\n<tr class=\"\">\n<td class=\"border-none\" scope=\"col\">couleur du quadrant<\/td>\n<td class=\"text-right border-none\" scope=\"col\">Bleu<\/td>\n<\/tr>\n<tr class=\"\">\n<td class=\"border-none\" scope=\"col\">Mat\u00e9riau du bo\u00eetier<\/td>\n<td class=\"text-right border-none\" scope=\"col\">Acier<\/td>\n<\/tr>\n<tr class=\"\">\n<td class=\"border-none\" scope=\"col\"> Diam\u00e8tre du bo\u00eetier<\/td>\n<td class=\"text-right border-none\" scope=\"col\">30 mm<\/td>\n<\/tr>\n<tr class=\"\">\n<td class=\"border-none\" scope=\"col\"> Verre<\/td>\n<td class=\"text-right border-none\" scope=\"col\">Saphir<\/td>\n<\/tr>\n<tr class=\"\">\n<td class=\"border-none\" scope=\"col\"> R\u00e9sistance \u00e0 l&#8217;eau<\/td>\n<td class=\"text-right border-none\" scope=\"col\">100 m\u00e8tres\/ 10 BAR<\/td>\n<\/tr>\n<tr class=\"\">\n<td class=\"border-none\" scope=\"col\"> Mouvement<\/td>\n<td class=\"text-right border-none\" scope=\"col\">Automatique<\/td>\n<\/tr>\n<tr class=\"\">\n<td class=\"border-none\" scope=\"col\"> Sp\u00e9cification du mouvement<\/td>\n<td class=\"text-right border-none\" scope=\"col\">Automatique Calibre R586 CALIBRE 48 HEURES<\/td>\n<\/tr>\n<\/tbody>\n<\/table>\n","protected":false},"excerpt":{"rendered":"<p>Rado Diastar Original ref. R12170343 couleur du quadrant Bleu Mat\u00e9riau du bo\u00eetier Acier Diam\u00e8tre du bo\u00eetier 30 mm Verre Saphir R\u00e9sistance \u00e0 l&#8217;eau 100 m\u00e8tres\/ 10 BAR Mouvement Automatique Sp\u00e9cification du mouvement Automatique Calibre R586 CALIBRE 48 HEURES<\/p>\n","protected":false},"featured_media":121193,"template":"","meta":{"_crdt_document":"","advanced_seo_description":"","jetpack_seo_html_title":"","jetpack_seo_noindex":false},"product_brand":[2158],"product_cat":[2569],"product_tag":[2402],"berocket_brand":[],"woo-feed-brand":[],"class_list":{"0":"post-121197","1":"product","2":"type-product","3":"status-publish","4":"has-post-thumbnail","6":"product_brand-rolex","7":"product_cat-rolex-fr","8":"product_tag-diastar-fr","10":"first","11":"instock","12":"sale","13":"taxable","14":"shipping-taxable","15":"purchasable","16":"product-type-simple"},"bundled_by":[],"bundle_stock_status":"instock","bundle_stock_quantity":1,"bundle_virtual":false,"bundle_layout":"","bundle_add_to_cart_form_location":"","bundle_editable_in_cart":false,"bundle_sold_individually_context":"","bundle_item_grouping":"","bundle_min_size":"","bundle_max_size":"","bundle_price":[],"bundled_items":[],"bundle_sell_ids":[],"group_of_quantity":0,"min_quantity":0,"max_quantity":"","exclude_order_quantity_value_rules":"no","exclude_category_quantity_rules":"no","combine_variations":"no","exclude_global_add_ons":[],"addons":[],"jetpack_sharing_enabled":true,"jetpack_likes_enabled":true,"_links":{"self":[{"href":"https:\/\/watchdeluxe.it\/fr\/wp-json\/wp\/v2\/product\/121197","targetHints":{"allow":["GET"]}}],"collection":[{"href":"https:\/\/watchdeluxe.it\/fr\/wp-json\/wp\/v2\/product"}],"about":[{"href":"https:\/\/watchdeluxe.it\/fr\/wp-json\/wp\/v2\/types\/product"}],"wp:featuredmedia":[{"embeddable":true,"href":"https:\/\/watchdeluxe.it\/fr\/wp-json\/wp\/v2\/media\/121193"}],"wp:attachment":[{"href":"https:\/\/watchdeluxe.it\/fr\/wp-json\/wp\/v2\/media?parent=121197"}],"wp:term":[{"taxonomy":"product_brand","embeddable":true,"href":"https:\/\/watchdeluxe.it\/fr\/wp-json\/wp\/v2\/product_brand?post=121197"},{"taxonomy":"product_cat","embeddable":true,"href":"https:\/\/watchdeluxe.it\/fr\/wp-json\/wp\/v2\/product_cat?post=121197"},{"taxonomy":"product_tag","embeddable":true,"href":"https:\/\/watchdeluxe.it\/fr\/wp-json\/wp\/v2\/product_tag?post=121197"},{"taxonomy":"berocket_brand","embeddable":true,"href":"https:\/\/watchdeluxe.it\/fr\/wp-json\/wp\/v2\/berocket_brand?post=121197"},{"taxonomy":"woo-feed-brand","embeddable":true,"href":"https:\/\/watchdeluxe.it\/fr\/wp-json\/wp\/v2\/woo-feed-brand?post=121197"}],"curies":[{"name":"wp","href":"https:\/\/api.w.org\/{rel}","templated":true}]}}