{"id":120903,"date":"2025-10-01T14:37:25","date_gmt":"2025-10-01T12:37:25","guid":{"rendered":"https:\/\/watchdeluxe.it\/prodotto\/mido-ocean-star-200c-ref-m0424303609100\/"},"modified":"2025-10-01T14:38:03","modified_gmt":"2025-10-01T12:38:03","slug":"mido-ocean-star-200c-ref-m0424303609100","status":"publish","type":"product","link":"https:\/\/watchdeluxe.it\/fr\/prodotto\/mido-ocean-star-200c-ref-m0424303609100\/","title":{"rendered":"Mido ocean star 200c ref. M0424303609100"},"content":{"rendered":"<p>Mido ocean star 200c ref. M0424303609100<\/p>\n<p>Collection Ocean Star<\/p>\n<p>R\u00e9sistance \u00e0 l&#8217;eau 20 bars (200 m \/ 660 ft) avec couronne viss\u00e9e<\/p>\n<p>Garantie de 2 ans<\/p>\n<p>Poids (g) 99<\/p>\n<p><strong>Bo\u00eetier et verre<\/strong><\/p>\n<p>Forme de l&#8217;\u00e9tui Rond<\/p>\n<p>Bo\u00eetier Acier inoxydable avec rev\u00eatement PVD or rose et lunette en c\u00e9ramique<\/p>\n<p>Verre Verre saphir avec traitement antireflet sur les deux faces<\/p>\n<p>Options du bo\u00eetier Couronne viss\u00e9e<\/p>\n<p>Longueur (mm) 42,50<\/p>\n<p>Largeur (mm) 42,50<\/p>\n<p>\u00c9paisseur moyenne (mm) 12,3<\/p>\n<p>Cosses (mm) 22.00<\/p>\n<p><strong>Cadran<\/strong><\/p>\n<p>Couleur du cadran Indices verts<\/p>\n<p>Mouvement automatique ETA MIDO<\/p>\n<p>Fonctions Date, Jour<\/p>\n<p>R\u00e9serve de marche R\u00e9serve de marche de 80 heures<\/p>\n<p><strong>Mouvement  <\/strong><\/p>\n<p>Mouvement automatique ETA MIDO<\/p>\n<p>Fonctions Date, Jour<\/p>\n<p>R\u00e9serve de marche R\u00e9serve de marche de 80 heures<br \/>\n<strong>Courroie<\/strong><\/p>\n<p>Strap\/chain referenceM600019522<\/p>\n<p>Cuir avant<\/p>\n<p>Sangle int\u00e9rieure Synth\u00e9tique<\/p>\n<p>D\u00e9tails du bracelet Cuir<\/p>\n<p>Couleur du bracelet Marron<\/p>\n<p>Boucle Boucle<\/p>\n","protected":false},"excerpt":{"rendered":"<p>Mido ocean star 200c ref. M0424303609100 Collection Ocean Star R\u00e9sistance \u00e0 l&#8217;eau 20 bars (200 m \/ 660 ft) avec couronne viss\u00e9e Garantie de 2 ans Poids (g) 99 Bo\u00eetier et verre Forme de l&#8217;\u00e9tui Rond Bo\u00eetier Acier inoxydable avec rev\u00eatement PVD or rose et lunette en c\u00e9ramique Verre Verre saphir avec traitement antireflet sur [&hellip;]<\/p>\n","protected":false},"featured_media":120897,"template":"","meta":{"_crdt_document":"","advanced_seo_description":"","jetpack_seo_html_title":"","jetpack_seo_noindex":false},"product_brand":[2153],"product_cat":[2941],"product_tag":[3036],"berocket_brand":[],"woo-feed-brand":[],"class_list":{"0":"post-120903","1":"product","2":"type-product","3":"status-publish","4":"has-post-thumbnail","6":"product_brand-mido","7":"product_cat-mido-fr","8":"product_tag-ocean-star-fr","10":"first","11":"instock","12":"sale","13":"taxable","14":"shipping-taxable","15":"purchasable","16":"product-type-simple"},"bundled_by":[],"bundle_stock_status":"instock","bundle_stock_quantity":1,"bundle_virtual":false,"bundle_layout":"","bundle_add_to_cart_form_location":"","bundle_editable_in_cart":false,"bundle_sold_individually_context":"","bundle_item_grouping":"","bundle_min_size":"","bundle_max_size":"","bundle_price":[],"bundled_items":[],"bundle_sell_ids":[],"group_of_quantity":0,"min_quantity":0,"max_quantity":"","exclude_order_quantity_value_rules":"no","exclude_category_quantity_rules":"no","combine_variations":"no","jetpack_sharing_enabled":true,"jetpack_likes_enabled":true,"_links":{"self":[{"href":"https:\/\/watchdeluxe.it\/fr\/wp-json\/wp\/v2\/product\/120903","targetHints":{"allow":["GET"]}}],"collection":[{"href":"https:\/\/watchdeluxe.it\/fr\/wp-json\/wp\/v2\/product"}],"about":[{"href":"https:\/\/watchdeluxe.it\/fr\/wp-json\/wp\/v2\/types\/product"}],"wp:featuredmedia":[{"embeddable":true,"href":"https:\/\/watchdeluxe.it\/fr\/wp-json\/wp\/v2\/media\/120897"}],"wp:attachment":[{"href":"https:\/\/watchdeluxe.it\/fr\/wp-json\/wp\/v2\/media?parent=120903"}],"wp:term":[{"taxonomy":"product_brand","embeddable":true,"href":"https:\/\/watchdeluxe.it\/fr\/wp-json\/wp\/v2\/product_brand?post=120903"},{"taxonomy":"product_cat","embeddable":true,"href":"https:\/\/watchdeluxe.it\/fr\/wp-json\/wp\/v2\/product_cat?post=120903"},{"taxonomy":"product_tag","embeddable":true,"href":"https:\/\/watchdeluxe.it\/fr\/wp-json\/wp\/v2\/product_tag?post=120903"},{"taxonomy":"berocket_brand","embeddable":true,"href":"https:\/\/watchdeluxe.it\/fr\/wp-json\/wp\/v2\/berocket_brand?post=120903"},{"taxonomy":"woo-feed-brand","embeddable":true,"href":"https:\/\/watchdeluxe.it\/fr\/wp-json\/wp\/v2\/woo-feed-brand?post=120903"}],"curies":[{"name":"wp","href":"https:\/\/api.w.org\/{rel}","templated":true}]}}