{"id":120688,"date":"2025-09-30T17:11:57","date_gmt":"2025-09-30T15:11:57","guid":{"rendered":"https:\/\/watchdeluxe.it\/prodotto\/longines-conquest-ref-l33205876\/"},"modified":"2025-09-30T17:11:57","modified_gmt":"2025-09-30T15:11:57","slug":"longines-conquest-ref-l33205876","status":"publish","type":"product","link":"https:\/\/watchdeluxe.it\/fr\/prodotto\/longines-conquest-ref-l33205876\/","title":{"rendered":"Longines conquest r\u00e9f. L33205876"},"content":{"rendered":"<p>Longines conquest r\u00e9f. L33205876<\/p>\n<ul>\n<li class=\"ProductPageData_Item__oMdBV\" data-code=\"case_shape\">\n<h3 class=\"MuiTypography-root MuiTypography-label Typography_Container__MrWZd css-jfub8h\" aria-hidden=\"false\">Formulaire<\/h3>\n<div class=\"MuiTypography-root MuiTypography-body1 Typography_Container__MrWZd Typography_Color_mediumGrey___tE24 css-1j2upu4\" aria-hidden=\"false\"><span class=\"MuiTypography-root MuiTypography-label Typography_Container__MrWZd css-1br7w99\">Rotonde<\/span><\/div>\n<\/li>\n<li class=\"ProductPageData_Item__oMdBV\" data-code=\"case_material\">\n<h3 class=\"MuiTypography-root MuiTypography-label Typography_Container__MrWZd css-jfub8h\" aria-hidden=\"false\">Mat\u00e9riau<\/h3>\n<div class=\"MuiTypography-root MuiTypography-body1 Typography_Container__MrWZd Typography_Color_mediumGrey___tE24 css-1j2upu4\" aria-hidden=\"false\"><span class=\"MuiTypography-root MuiTypography-label Typography_Container__MrWZd css-1br7w99\">Lunette tournante bidirectionnelle en acier inoxydable avec insert circulaire bross\u00e9, surmont\u00e9e d&#8217;une coiffe en or rose 5N 18K.<\/span><\/div>\n<\/li>\n<li class=\"ProductPageData_Item__oMdBV\" data-code=\"case_glass\">\n<h3 class=\"MuiTypography-root MuiTypography-label Typography_Container__MrWZd css-jfub8h\" aria-hidden=\"false\">Verre<\/h3>\n<div class=\"MuiTypography-root MuiTypography-body1 Typography_Container__MrWZd Typography_Color_mediumGrey___tE24 css-1j2upu4\" aria-hidden=\"false\"><span class=\"MuiTypography-root MuiTypography-label Typography_Container__MrWZd css-1br7w99\">Verre saphir inrayable avec traitement antireflet multicouche sur les deux faces<\/span><\/div>\n<\/li>\n<li class=\"ProductPageData_Item__oMdBV\" data-code=\"case_case_back\">\n<h3 class=\"MuiTypography-root MuiTypography-label Typography_Container__MrWZd css-jfub8h\" aria-hidden=\"false\">Dos de l&#8217;\u00e9tui<\/h3>\n<div class=\"MuiTypography-root MuiTypography-body1 Typography_Container__MrWZd Typography_Color_mediumGrey___tE24 css-1j2upu4\" aria-hidden=\"false\"><span class=\"MuiTypography-root MuiTypography-label Typography_Container__MrWZd css-1br7w99\">Fond transparent viss\u00e9 avec verre saphir<\/span><\/div>\n<\/li>\n<li class=\"ProductPageData_Item__oMdBV\" data-code=\"case_dimension\">\n<h3 class=\"MuiTypography-root MuiTypography-label Typography_Container__MrWZd css-jfub8h\" aria-hidden=\"false\">Dimensions<\/h3>\n<div class=\"MuiTypography-root MuiTypography-body1 Typography_Container__MrWZd Typography_Color_mediumGrey___tE24 css-1j2upu4\" aria-hidden=\"false\"><span class=\"MuiTypography-root MuiTypography-label Typography_Container__MrWZd css-1br7w99\">\u00d8 30,00 mm<\/span><\/div>\n<\/li>\n<li class=\"ProductPageData_Item__oMdBV\" data-code=\"case_lug_distance\">\n<h3 class=\"MuiTypography-root MuiTypography-label Typography_Container__MrWZd css-jfub8h\" aria-hidden=\"false\">Distance entre les boucles<\/h3>\n<div class=\"MuiTypography-root MuiTypography-body1 Typography_Container__MrWZd Typography_Color_mediumGrey___tE24 css-1j2upu4\" aria-hidden=\"false\"><span class=\"MuiTypography-root MuiTypography-label Typography_Container__MrWZd css-1br7w99\">15 mm<\/span><\/div>\n<\/li>\n<li class=\"ProductPageData_Item__oMdBV\" data-code=\"case_lug_to_lug\">\n<h3 class=\"MuiTypography-root MuiTypography-label Typography_Container__MrWZd css-jfub8h\" aria-hidden=\"false\">De l&#8217;anse \u00e0 l&#8217;anse<\/h3>\n<div class=\"MuiTypography-root MuiTypography-body1 Typography_Container__MrWZd Typography_Color_mediumGrey___tE24 css-1j2upu4\" aria-hidden=\"false\"><span class=\"MuiTypography-root MuiTypography-label Typography_Container__MrWZd css-1br7w99\">37,80 mm<\/span><\/div>\n<\/li>\n<li class=\"ProductPageData_Item__oMdBV\" data-code=\"case_thickness\">\n<h3 class=\"MuiTypography-root MuiTypography-label Typography_Container__MrWZd css-jfub8h\" aria-hidden=\"false\">\u00c9paisseur<\/h3>\n<div class=\"MuiTypography-root MuiTypography-body1 Typography_Container__MrWZd Typography_Color_mediumGrey___tE24 css-1j2upu4\" aria-hidden=\"false\"><span class=\"MuiTypography-root MuiTypography-label Typography_Container__MrWZd css-1br7w99\">9,70 mm<\/span><\/div>\n<\/li>\n<li class=\"ProductPageData_Item__oMdBV\" data-code=\"case_water_resistance\">\n<h3 class=\"MuiTypography-root MuiTypography-label Typography_Container__MrWZd css-jfub8h\" aria-hidden=\"false\">Imperm\u00e9able \u00e0 l&#8217;eau<\/h3>\n<div class=\"MuiTypography-root MuiTypography-body1 Typography_Container__MrWZd Typography_Color_mediumGrey___tE24 css-1j2upu4\" aria-hidden=\"false\"><span class=\"MuiTypography-root MuiTypography-label Typography_Container__MrWZd css-1br7w99\">\u00c9tanch\u00e9it\u00e9 jusqu&#8217;\u00e0 10 bars<\/span><\/div>\n<\/li>\n<\/ul>\n<div class=\"MuiCollapse-wrapper MuiCollapse-vertical css-hboir5\">\n<div class=\"MuiCollapse-wrapperInner MuiCollapse-vertical css-8atqhb\">\n<div id=\"movementAndFunctions-content\" class=\"MuiAccordion-region\" role=\"region\" aria-labelledby=\"movementAndFunctions-header\">\n<div class=\"MuiAccordionDetails-root Accordion_Accordion__Details__445Ts Accordion_Accordion__Details_noSep__bF42b css-1tco0e8\">\n<ul class=\"ProductPageData_List__zkFdZ\">\n<li class=\"ProductPageData_Item__oMdBV\" data-code=\"mvt_fct_type\">\n<h3 class=\"MuiTypography-root MuiTypography-label Typography_Container__MrWZd css-jfub8h\" aria-hidden=\"false\">Type de mouvement<\/h3>\n<div class=\"MuiTypography-root MuiTypography-body1 Typography_Container__MrWZd Typography_Color_mediumGrey___tE24 css-1j2upu4\" aria-hidden=\"false\"><span class=\"MuiTypography-root MuiTypography-label Typography_Container__MrWZd css-1br7w99\">Automatique<\/span><\/div>\n<\/li>\n<\/ul>\n<\/div>\n<\/div>\n<\/div>\n<\/div>\n","protected":false},"excerpt":{"rendered":"<p>Longines conquest r\u00e9f. L33205876 Formulaire Rotonde Mat\u00e9riau Lunette tournante bidirectionnelle en acier inoxydable avec insert circulaire bross\u00e9, surmont\u00e9e d&#8217;une coiffe en or rose 5N 18K. Verre Verre saphir inrayable avec traitement antireflet multicouche sur les deux faces Dos de l&#8217;\u00e9tui Fond transparent viss\u00e9 avec verre saphir Dimensions \u00d8 30,00 mm Distance entre les boucles 15 [&hellip;]<\/p>\n","protected":false},"featured_media":120682,"template":"","meta":{"_crdt_document":"","advanced_seo_description":"","jetpack_seo_html_title":"","jetpack_seo_noindex":false},"product_brand":[2151],"product_cat":[2188],"product_tag":[2408],"berocket_brand":[],"woo-feed-brand":[],"class_list":{"0":"post-120688","1":"product","2":"type-product","3":"status-publish","4":"has-post-thumbnail","6":"product_brand-longines","7":"product_cat-longines-fr","8":"product_tag-conquete","10":"first","11":"instock","12":"sale","13":"taxable","14":"shipping-taxable","15":"purchasable","16":"product-type-simple"},"bundled_by":[],"bundle_stock_status":"instock","bundle_stock_quantity":1,"bundle_virtual":false,"bundle_layout":"","bundle_add_to_cart_form_location":"","bundle_editable_in_cart":false,"bundle_sold_individually_context":"","bundle_item_grouping":"","bundle_min_size":"","bundle_max_size":"","bundle_price":[],"bundled_items":[],"bundle_sell_ids":[],"group_of_quantity":0,"min_quantity":0,"max_quantity":"","exclude_order_quantity_value_rules":"no","exclude_category_quantity_rules":"no","combine_variations":"no","jetpack_sharing_enabled":true,"jetpack_likes_enabled":true,"_links":{"self":[{"href":"https:\/\/watchdeluxe.it\/fr\/wp-json\/wp\/v2\/product\/120688","targetHints":{"allow":["GET"]}}],"collection":[{"href":"https:\/\/watchdeluxe.it\/fr\/wp-json\/wp\/v2\/product"}],"about":[{"href":"https:\/\/watchdeluxe.it\/fr\/wp-json\/wp\/v2\/types\/product"}],"wp:featuredmedia":[{"embeddable":true,"href":"https:\/\/watchdeluxe.it\/fr\/wp-json\/wp\/v2\/media\/120682"}],"wp:attachment":[{"href":"https:\/\/watchdeluxe.it\/fr\/wp-json\/wp\/v2\/media?parent=120688"}],"wp:term":[{"taxonomy":"product_brand","embeddable":true,"href":"https:\/\/watchdeluxe.it\/fr\/wp-json\/wp\/v2\/product_brand?post=120688"},{"taxonomy":"product_cat","embeddable":true,"href":"https:\/\/watchdeluxe.it\/fr\/wp-json\/wp\/v2\/product_cat?post=120688"},{"taxonomy":"product_tag","embeddable":true,"href":"https:\/\/watchdeluxe.it\/fr\/wp-json\/wp\/v2\/product_tag?post=120688"},{"taxonomy":"berocket_brand","embeddable":true,"href":"https:\/\/watchdeluxe.it\/fr\/wp-json\/wp\/v2\/berocket_brand?post=120688"},{"taxonomy":"woo-feed-brand","embeddable":true,"href":"https:\/\/watchdeluxe.it\/fr\/wp-json\/wp\/v2\/woo-feed-brand?post=120688"}],"curies":[{"name":"wp","href":"https:\/\/api.w.org\/{rel}","templated":true}]}}