{"id":120647,"date":"2025-09-30T16:57:58","date_gmt":"2025-09-30T14:57:58","guid":{"rendered":"https:\/\/watchdeluxe.it\/prodotto\/mido-commander-chronometre-ref-m0214311106101\/"},"modified":"2025-09-30T16:57:58","modified_gmt":"2025-09-30T14:57:58","slug":"mido-commander-chronometre-ref-m0214311106101","status":"publish","type":"product","link":"https:\/\/watchdeluxe.it\/fr\/prodotto\/mido-commander-chronometre-ref-m0214311106101\/","title":{"rendered":"Mido commander chronom\u00e8tre ref. M0214311106101"},"content":{"rendered":"<p>Mido commander chronom\u00e8tre ref. M0214311106101<\/p>\n<ul>\n<li>\n<h4 aria-level=\"3\">Forme de l&#8217;affaire<\/h4>\n<p>Rond<\/li>\n<li>\n<h4 aria-level=\"3\">Mat\u00e9riau de l&#8217;\u00e9tui<\/h4>\n<p>Acier inoxydable<\/li>\n<li>\n<h4 aria-level=\"3\">Verre<\/h4>\n<p>Verre saphir<\/li>\n<li>\n<h4 aria-level=\"3\">Options de cas<\/h4>\n<p>Bo\u00eetier avec fond visible<\/li>\n<li>\n<h4 aria-level=\"3\">Longueur (mm)<\/h4>\n<p>40.00<\/li>\n<li>\n<h4 aria-level=\"3\">Largeur (mm)<\/h4>\n<p>40.00<\/li>\n<li>\n<h4 aria-level=\"3\">Epaisseur moyenne (mm)<\/h4>\n<p>11.3<\/li>\n<li>\n<h4 aria-level=\"3\">Bandes (mm)<\/h4>\n<p>21.00<\/li>\n<\/ul>\n<ul>\n<li>\n<h4 aria-level=\"3\">Mouvement<\/h4>\n<p>Chronom\u00e8tre automatique MIDO ETA<\/li>\n<li>\n<h4 aria-level=\"3\">Fonctions<\/h4>\n<p>Date, jour, silicium, chronom\u00e8tre COSC<\/li>\n<li>\n<h4 aria-level=\"3\">R\u00e9serve de marche<\/h4>\n<p>R\u00e9serve de marche de 80 heures<\/li>\n<\/ul>\n","protected":false},"excerpt":{"rendered":"<p>Mido commander chronom\u00e8tre ref. M0214311106101 Forme de l&#8217;affaire Rond Mat\u00e9riau de l&#8217;\u00e9tui Acier inoxydable Verre Verre saphir Options de cas Bo\u00eetier avec fond visible Longueur (mm) 40.00 Largeur (mm) 40.00 Epaisseur moyenne (mm) 11.3 Bandes (mm) 21.00 Mouvement Chronom\u00e8tre automatique MIDO ETA Fonctions Date, jour, silicium, chronom\u00e8tre COSC R\u00e9serve de marche R\u00e9serve de marche de [&hellip;]<\/p>\n","protected":false},"featured_media":120641,"template":"","meta":{"_crdt_document":"","advanced_seo_description":"","jetpack_seo_html_title":"","jetpack_seo_noindex":false},"product_brand":[2153],"product_cat":[2941],"product_tag":[2947],"berocket_brand":[],"woo-feed-brand":[],"class_list":{"0":"post-120647","1":"product","2":"type-product","3":"status-publish","4":"has-post-thumbnail","6":"product_brand-mido","7":"product_cat-mido-fr","8":"product_tag-commandant","10":"first","11":"instock","12":"sale","13":"taxable","14":"shipping-taxable","15":"purchasable","16":"product-type-simple"},"bundled_by":[],"bundle_stock_status":"instock","bundle_stock_quantity":1,"bundle_virtual":false,"bundle_layout":"","bundle_add_to_cart_form_location":"","bundle_editable_in_cart":false,"bundle_sold_individually_context":"","bundle_item_grouping":"","bundle_min_size":"","bundle_max_size":"","bundle_price":[],"bundled_items":[],"bundle_sell_ids":[],"group_of_quantity":0,"min_quantity":0,"max_quantity":"","exclude_order_quantity_value_rules":"no","exclude_category_quantity_rules":"no","combine_variations":"no","jetpack_sharing_enabled":true,"jetpack_likes_enabled":true,"_links":{"self":[{"href":"https:\/\/watchdeluxe.it\/fr\/wp-json\/wp\/v2\/product\/120647","targetHints":{"allow":["GET"]}}],"collection":[{"href":"https:\/\/watchdeluxe.it\/fr\/wp-json\/wp\/v2\/product"}],"about":[{"href":"https:\/\/watchdeluxe.it\/fr\/wp-json\/wp\/v2\/types\/product"}],"wp:featuredmedia":[{"embeddable":true,"href":"https:\/\/watchdeluxe.it\/fr\/wp-json\/wp\/v2\/media\/120641"}],"wp:attachment":[{"href":"https:\/\/watchdeluxe.it\/fr\/wp-json\/wp\/v2\/media?parent=120647"}],"wp:term":[{"taxonomy":"product_brand","embeddable":true,"href":"https:\/\/watchdeluxe.it\/fr\/wp-json\/wp\/v2\/product_brand?post=120647"},{"taxonomy":"product_cat","embeddable":true,"href":"https:\/\/watchdeluxe.it\/fr\/wp-json\/wp\/v2\/product_cat?post=120647"},{"taxonomy":"product_tag","embeddable":true,"href":"https:\/\/watchdeluxe.it\/fr\/wp-json\/wp\/v2\/product_tag?post=120647"},{"taxonomy":"berocket_brand","embeddable":true,"href":"https:\/\/watchdeluxe.it\/fr\/wp-json\/wp\/v2\/berocket_brand?post=120647"},{"taxonomy":"woo-feed-brand","embeddable":true,"href":"https:\/\/watchdeluxe.it\/fr\/wp-json\/wp\/v2\/woo-feed-brand?post=120647"}],"curies":[{"name":"wp","href":"https:\/\/api.w.org\/{rel}","templated":true}]}}