{"id":120581,"date":"2025-09-30T16:35:35","date_gmt":"2025-09-30T14:35:35","guid":{"rendered":"https:\/\/watchdeluxe.it\/prodotto\/longines-mini-dolcevita-ref-l52005717\/"},"modified":"2026-04-09T16:27:58","modified_gmt":"2026-04-09T14:27:58","slug":"longines-mini-dolcevita-ref-l52005717","status":"publish","type":"product","link":"https:\/\/watchdeluxe.it\/fr\/prodotto\/longines-mini-dolcevita-ref-l52005717\/","title":{"rendered":"Longines mini Dolcevita r\u00e9f. L52005717"},"content":{"rendered":"<p>Longines mini Dolcevita r\u00e9f. L52005717<\/p>\n<p>Forme De Forme<br \/>\nDimensions 21,5 x 29 mm<br \/>\nMat\u00e9riau du bo\u00eetier Acier et Or Rose 18 Carats<br \/>\nType de verre Saphir<br \/>\n\u00c9tanch\u00e9it\u00e9 30 m<\/p>\n<p>Mouvement<\/p>\n<p>Mouvement \u00c0 Quartz<br \/>\nCalibre L178<\/p>\n<p>Fonctions<\/p>\n<p>Complication Heure seule<\/p>\n<p>Cadran<\/p>\n<p>Cadran Argent flinqu\u00e9<\/p>\n<p>Bracelet<\/p>\n<p>Bracelet Acier et Or Rose<\/p>\n","protected":false},"excerpt":{"rendered":"<p>Longines mini Dolcevita r\u00e9f. L52005717 Forme De Forme Dimensions 21,5 x 29 mm Mat\u00e9riau du bo\u00eetier Acier et Or Rose 18 Carats Type de verre Saphir \u00c9tanch\u00e9it\u00e9 30 m Mouvement Mouvement \u00c0 Quartz Calibre L178 Fonctions Complication Heure seule Cadran Cadran Argent flinqu\u00e9 Bracelet Bracelet Acier et Or Rose<\/p>\n","protected":false},"featured_media":166184,"template":"","meta":{"_crdt_document":"","advanced_seo_description":"","jetpack_seo_html_title":"","jetpack_seo_noindex":false},"product_brand":[],"product_cat":[2188],"product_tag":[3205],"berocket_brand":[],"woo-feed-brand":[],"class_list":{"0":"post-120581","1":"product","2":"type-product","3":"status-publish","4":"has-post-thumbnail","6":"product_cat-longines-fr","7":"product_tag-col-roule","9":"first","10":"instock","11":"sale","12":"taxable","13":"shipping-taxable","14":"purchasable","15":"product-type-simple"},"bundled_by":[],"bundle_stock_status":"instock","bundle_stock_quantity":1,"bundle_virtual":false,"bundle_layout":"","bundle_add_to_cart_form_location":"","bundle_editable_in_cart":false,"bundle_sold_individually_context":"","bundle_item_grouping":"","bundle_min_size":"","bundle_max_size":"","bundle_price":[],"bundled_items":[],"bundle_sell_ids":[],"group_of_quantity":0,"min_quantity":0,"max_quantity":"","exclude_order_quantity_value_rules":"no","exclude_category_quantity_rules":"no","combine_variations":"no","jetpack_sharing_enabled":true,"jetpack_likes_enabled":true,"_links":{"self":[{"href":"https:\/\/watchdeluxe.it\/fr\/wp-json\/wp\/v2\/product\/120581","targetHints":{"allow":["GET"]}}],"collection":[{"href":"https:\/\/watchdeluxe.it\/fr\/wp-json\/wp\/v2\/product"}],"about":[{"href":"https:\/\/watchdeluxe.it\/fr\/wp-json\/wp\/v2\/types\/product"}],"wp:featuredmedia":[{"embeddable":true,"href":"https:\/\/watchdeluxe.it\/fr\/wp-json\/wp\/v2\/media\/166184"}],"wp:attachment":[{"href":"https:\/\/watchdeluxe.it\/fr\/wp-json\/wp\/v2\/media?parent=120581"}],"wp:term":[{"taxonomy":"product_brand","embeddable":true,"href":"https:\/\/watchdeluxe.it\/fr\/wp-json\/wp\/v2\/product_brand?post=120581"},{"taxonomy":"product_cat","embeddable":true,"href":"https:\/\/watchdeluxe.it\/fr\/wp-json\/wp\/v2\/product_cat?post=120581"},{"taxonomy":"product_tag","embeddable":true,"href":"https:\/\/watchdeluxe.it\/fr\/wp-json\/wp\/v2\/product_tag?post=120581"},{"taxonomy":"berocket_brand","embeddable":true,"href":"https:\/\/watchdeluxe.it\/fr\/wp-json\/wp\/v2\/berocket_brand?post=120581"},{"taxonomy":"woo-feed-brand","embeddable":true,"href":"https:\/\/watchdeluxe.it\/fr\/wp-json\/wp\/v2\/woo-feed-brand?post=120581"}],"curies":[{"name":"wp","href":"https:\/\/api.w.org\/{rel}","templated":true}]}}