{"id":120223,"date":"2025-09-26T10:30:47","date_gmt":"2025-09-26T08:30:47","guid":{"rendered":"https:\/\/watchdeluxe.it\/prodotto\/hamilton-american-classic-intra-matic-chronograph-ref-h38446730\/"},"modified":"2025-09-26T10:30:47","modified_gmt":"2025-09-26T08:30:47","slug":"hamilton-american-classic-intra-matic-chronograph-ref-h38446730","status":"publish","type":"product","link":"https:\/\/watchdeluxe.it\/fr\/prodotto\/hamilton-american-classic-intra-matic-chronograph-ref-h38446730\/","title":{"rendered":"Hamilton american classic Intra-matic chronograph ref. H38446730"},"content":{"rendered":"<p>Hamilton american classic Intra-matic chronograph ref. H38446730<\/p>\n<div id=\"additional\" class=\"content\" role=\"tabpanel\" data-role=\"content\" aria-labelledby=\"tab-label-additional\" aria-hidden=\"false\">\n<ul class=\"product attribute details row no-margin no-style-ul\">\n<li><span class=\"attribute-label\">R\u00e9f\u00e9rence<\/span> <span class=\"attribute-value\">H38446730<\/span><\/li>\n<li><span class=\"attribute-label\">Calibre<\/span> <span class=\"attribute-value\">H-31<\/span><\/li>\n<li><span class=\"attribute-label\">Collection<\/span> <span class=\"attribute-value\">Classique am\u00e9ricaine<\/span><\/li>\n<li><span class=\"attribute-label\">Mouvement<\/span> <span class=\"attribute-value\">Remontage automatique<\/span><\/li>\n<li><span class=\"attribute-label\">Fonctions de la montre<\/span> <span class=\"attribute-value\">Chronographe, Date, Tachym\u00e8tre<\/span><\/li>\n<li><span class=\"attribute-label\">Dimensions du bo\u00eetier<\/span> <span class=\"attribute-value\">40 mm<\/span><\/li>\n<li><span class=\"attribute-label\">\u00c9paisseur (mm)<\/span> <span class=\"attribute-value\">14.45<\/span><\/li>\n<li><span class=\"attribute-label\">Couleur du cadran<\/span> <span class=\"attribute-value\">Noir<\/span><\/li>\n<li><span class=\"attribute-label\">Mat\u00e9riau du bo\u00eetier<\/span> <span class=\"attribute-value\">Acier<\/span><\/li>\n<li><span class=\"attribute-label\">Rev\u00eatement<\/span> <span class=\"attribute-value\">PVD noir<\/span><\/li>\n<li><span class=\"attribute-label\">Verre<\/span> <span class=\"attribute-value\">Saphir<\/span><\/li>\n<li><span class=\"attribute-label\">Largeur de la boucle<\/span> <span class=\"attribute-value\">20 mm<\/span><\/li>\n<li><span class=\"attribute-label\">R\u00e9serve de marche<\/span> <span class=\"attribute-value\">60 heures<\/span><\/li>\n<li><span class=\"attribute-label\">R\u00e9sistance \u00e0 l&#8217;eau<\/span> <span class=\"attribute-value\">10 bars (100m)<\/span><\/li>\n<li><span class=\"attribute-label\">Anti-reflet<\/span> <span class=\"attribute-value\">Oui<\/span><\/li>\n<li><span class=\"attribute-label\">Couronne \u00e0 vis<\/span> <span class=\"attribute-value\">Oui<\/span><\/li>\n<li><span class=\"attribute-label\">Nivachron<\/span> <span class=\"attribute-value\">Oui<\/span><\/li>\n<li><span class=\"attribute-label\">Super Luminova<\/span> <span class=\"attribute-value\">Oui<\/span><\/li>\n<\/ul>\n<\/div>\n","protected":false},"excerpt":{"rendered":"<p>Hamilton american classic Intra-matic chronograph ref. H38446730 R\u00e9f\u00e9rence H38446730 Calibre H-31 Collection Classique am\u00e9ricaine Mouvement Remontage automatique Fonctions de la montre Chronographe, Date, Tachym\u00e8tre Dimensions du bo\u00eetier 40 mm \u00c9paisseur (mm) 14.45 Couleur du cadran Noir Mat\u00e9riau du bo\u00eetier Acier Rev\u00eatement PVD noir Verre Saphir Largeur de la boucle 20 mm R\u00e9serve de marche 60 [&hellip;]<\/p>\n","protected":false},"featured_media":120218,"template":"","meta":{"_crdt_document":"","advanced_seo_description":"","jetpack_seo_html_title":"","jetpack_seo_noindex":false},"product_brand":[],"product_cat":[1915],"product_tag":[1431],"berocket_brand":[],"woo-feed-brand":[],"class_list":{"0":"post-120223","1":"product","2":"type-product","3":"status-publish","4":"has-post-thumbnail","6":"product_cat-hamilton","7":"product_tag-american-classic","9":"first","10":"instock","11":"sale","12":"taxable","13":"shipping-taxable","14":"purchasable","15":"product-type-simple"},"bundled_by":[],"bundle_stock_status":"instock","bundle_stock_quantity":1,"bundle_virtual":false,"bundle_layout":"","bundle_add_to_cart_form_location":"","bundle_editable_in_cart":false,"bundle_sold_individually_context":"","bundle_item_grouping":"","bundle_min_size":"","bundle_max_size":"","bundle_price":[],"bundled_items":[],"bundle_sell_ids":[],"group_of_quantity":0,"min_quantity":0,"max_quantity":"","exclude_order_quantity_value_rules":"no","exclude_category_quantity_rules":"no","combine_variations":"no","jetpack_sharing_enabled":true,"jetpack_likes_enabled":true,"_links":{"self":[{"href":"https:\/\/watchdeluxe.it\/fr\/wp-json\/wp\/v2\/product\/120223","targetHints":{"allow":["GET"]}}],"collection":[{"href":"https:\/\/watchdeluxe.it\/fr\/wp-json\/wp\/v2\/product"}],"about":[{"href":"https:\/\/watchdeluxe.it\/fr\/wp-json\/wp\/v2\/types\/product"}],"wp:featuredmedia":[{"embeddable":true,"href":"https:\/\/watchdeluxe.it\/fr\/wp-json\/wp\/v2\/media\/120218"}],"wp:attachment":[{"href":"https:\/\/watchdeluxe.it\/fr\/wp-json\/wp\/v2\/media?parent=120223"}],"wp:term":[{"taxonomy":"product_brand","embeddable":true,"href":"https:\/\/watchdeluxe.it\/fr\/wp-json\/wp\/v2\/product_brand?post=120223"},{"taxonomy":"product_cat","embeddable":true,"href":"https:\/\/watchdeluxe.it\/fr\/wp-json\/wp\/v2\/product_cat?post=120223"},{"taxonomy":"product_tag","embeddable":true,"href":"https:\/\/watchdeluxe.it\/fr\/wp-json\/wp\/v2\/product_tag?post=120223"},{"taxonomy":"berocket_brand","embeddable":true,"href":"https:\/\/watchdeluxe.it\/fr\/wp-json\/wp\/v2\/berocket_brand?post=120223"},{"taxonomy":"woo-feed-brand","embeddable":true,"href":"https:\/\/watchdeluxe.it\/fr\/wp-json\/wp\/v2\/woo-feed-brand?post=120223"}],"curies":[{"name":"wp","href":"https:\/\/api.w.org\/{rel}","templated":true}]}}