{"id":119948,"date":"2025-09-25T16:08:18","date_gmt":"2025-09-25T14:08:18","guid":{"rendered":"https:\/\/watchdeluxe.it\/prodotto\/zenith-defy-skyline-chronographe-squelette-ref-03-9500-3600-79-i001\/"},"modified":"2025-11-26T10:06:06","modified_gmt":"2025-11-26T09:06:06","slug":"zenith-defy-skyline-chronographe-squelette-ref-03-9500-3600-79-i001","status":"publish","type":"product","link":"https:\/\/watchdeluxe.it\/fr\/prodotto\/zenith-defy-skyline-chronographe-squelette-ref-03-9500-3600-79-i001\/","title":{"rendered":"Zenith Defy Skyline chronographe squelette r\u00e9f. 03.9500.3600\/79.I001"},"content":{"rendered":"<p>Zenith Defy Skyline chronographe squelette r\u00e9f. 03.9500.3600\/79.I001<\/p>\n<table data-v-25f51d83=\"\" aria-describedby=\"Tabella: Cassa\">\n<tbody>\n<tr data-v-25f51d83=\"\">\n<th scope=\"row\" data-v-25f51d83=\"\">caisse<\/th>\n<td data-v-25f51d83=\"\">Acier inoxydable<\/td>\n<\/tr>\n<tr data-v-25f51d83=\"\">\n<th scope=\"row\" data-v-25f51d83=\"\">diam\u00e8tre<\/th>\n<td data-v-25f51d83=\"\">42.00<\/td>\n<\/tr>\n<tr data-v-25f51d83=\"\">\n<th scope=\"row\" data-v-25f51d83=\"\">R\u00e9sistance \u00e0 l&#8217;eau<\/th>\n<td data-v-25f51d83=\"\">10 ATM<\/td>\n<\/tr>\n<tr data-v-25f51d83=\"\">\n<th scope=\"row\" data-v-25f51d83=\"\">cadran<\/th>\n<td data-v-25f51d83=\"\">Bleu squelette<\/td>\n<\/tr>\n<\/tbody>\n<\/table>\n<p>Heures et minutes au centre<br \/>\nPetite seconde \u00e0 9 heures<br \/>\nChronographe avec pr\u00e9cision au 1\/10e de seconde :<br \/>\n&#8211; Aiguille centrale du chronographe effectuant un tour en 10 secondes<br \/>\n&#8211; Compteur 60 minutes \u00e0 6 heures<br \/>\n&#8211; Compteur 60 secondes \u00e0 3 heures<\/p>\n<table data-v-25f51d83=\"\" aria-describedby=\"Tabella: Movimento\">\n<tbody>\n<tr data-v-25f51d83=\"\">\n<th scope=\"row\" data-v-25f51d83=\"\">mouvement<\/th>\n<td data-v-25f51d83=\"\">El Primero<\/td>\n<\/tr>\n<tr data-v-25f51d83=\"\">\n<th scope=\"row\" data-v-25f51d83=\"\">composants<\/th>\n<td data-v-25f51d83=\"\">163<\/td>\n<\/tr>\n<tr data-v-25f51d83=\"\">\n<th scope=\"row\" data-v-25f51d83=\"\">fr\u00e9quence<\/th>\n<td data-v-25f51d83=\"\">36 000 VpH (5 Hz)<\/td>\n<\/tr>\n<tr data-v-25f51d83=\"\">\n<th scope=\"row\" data-v-25f51d83=\"\">r\u00e9serve de marche<\/th>\n<td data-v-25f51d83=\"\">environ. 55 heures<\/td>\n<\/tr>\n<\/tbody>\n<\/table>\n","protected":false},"excerpt":{"rendered":"<p>Zenith Defy Skyline chronographe squelette r\u00e9f. 03.9500.3600\/79.I001 caisse Acier inoxydable diam\u00e8tre 42.00 R\u00e9sistance \u00e0 l&#8217;eau 10 ATM cadran Bleu squelette Heures et minutes au centre Petite seconde \u00e0 9 heures Chronographe avec pr\u00e9cision au 1\/10e de seconde : &#8211; Aiguille centrale du chronographe effectuant un tour en 10 secondes &#8211; Compteur 60 minutes \u00e0 6 [&hellip;]<\/p>\n","protected":false},"featured_media":119899,"template":"","meta":{"_crdt_document":"","advanced_seo_description":"","jetpack_seo_html_title":"","jetpack_seo_noindex":false},"product_brand":[2162],"product_cat":[3908],"product_tag":[],"berocket_brand":[],"woo-feed-brand":[],"class_list":{"0":"post-119948","1":"product","2":"type-product","3":"status-publish","4":"has-post-thumbnail","6":"product_brand-zenith","7":"product_cat-sans-categorie","9":"first","10":"instock","11":"sale","12":"taxable","13":"shipping-taxable","14":"purchasable","15":"product-type-simple"},"bundled_by":[],"bundle_stock_status":"instock","bundle_stock_quantity":1,"bundle_virtual":false,"bundle_layout":"","bundle_add_to_cart_form_location":"","bundle_editable_in_cart":false,"bundle_sold_individually_context":"","bundle_item_grouping":"","bundle_min_size":"","bundle_max_size":"","bundle_price":[],"bundled_items":[],"bundle_sell_ids":[],"group_of_quantity":0,"min_quantity":0,"max_quantity":"","exclude_order_quantity_value_rules":"no","exclude_category_quantity_rules":"no","combine_variations":"no","jetpack_sharing_enabled":true,"jetpack_likes_enabled":true,"_links":{"self":[{"href":"https:\/\/watchdeluxe.it\/fr\/wp-json\/wp\/v2\/product\/119948","targetHints":{"allow":["GET"]}}],"collection":[{"href":"https:\/\/watchdeluxe.it\/fr\/wp-json\/wp\/v2\/product"}],"about":[{"href":"https:\/\/watchdeluxe.it\/fr\/wp-json\/wp\/v2\/types\/product"}],"wp:featuredmedia":[{"embeddable":true,"href":"https:\/\/watchdeluxe.it\/fr\/wp-json\/wp\/v2\/media\/119899"}],"wp:attachment":[{"href":"https:\/\/watchdeluxe.it\/fr\/wp-json\/wp\/v2\/media?parent=119948"}],"wp:term":[{"taxonomy":"product_brand","embeddable":true,"href":"https:\/\/watchdeluxe.it\/fr\/wp-json\/wp\/v2\/product_brand?post=119948"},{"taxonomy":"product_cat","embeddable":true,"href":"https:\/\/watchdeluxe.it\/fr\/wp-json\/wp\/v2\/product_cat?post=119948"},{"taxonomy":"product_tag","embeddable":true,"href":"https:\/\/watchdeluxe.it\/fr\/wp-json\/wp\/v2\/product_tag?post=119948"},{"taxonomy":"berocket_brand","embeddable":true,"href":"https:\/\/watchdeluxe.it\/fr\/wp-json\/wp\/v2\/berocket_brand?post=119948"},{"taxonomy":"woo-feed-brand","embeddable":true,"href":"https:\/\/watchdeluxe.it\/fr\/wp-json\/wp\/v2\/woo-feed-brand?post=119948"}],"curies":[{"name":"wp","href":"https:\/\/api.w.org\/{rel}","templated":true}]}}