{"id":119931,"date":"2025-09-25T15:59:25","date_gmt":"2025-09-25T13:59:25","guid":{"rendered":"https:\/\/watchdeluxe.it\/prodotto\/baume-mercier-clifton-edition-limitee-ref-m0a10778\/"},"modified":"2026-04-11T08:50:47","modified_gmt":"2026-04-11T06:50:47","slug":"baume-mercier-clifton-edition-limitee-ref-m0a10778","status":"publish","type":"product","link":"https:\/\/watchdeluxe.it\/fr\/prodotto\/baume-mercier-clifton-edition-limitee-ref-m0a10778\/","title":{"rendered":"Baume &amp; Mercier clifton \u00e9dition limit\u00e9e r\u00e9f. M0A10778"},"content":{"rendered":"<p>Baume &amp; Mercier clifton \u00e9dition limit\u00e9e r\u00e9f. M0A10778<\/p>\n<p>Forme Ronde<br \/>\nTaille 39 mm<br \/>\nBo\u00eetier Acier<br \/>\nVerre Saphir<br \/>\n\u00c9tanch\u00e9it\u00e9 50 m<\/p>\n<p>Mouvement<\/p>\n<p>Mouvement automatique<br \/>\nCalibre BM13-1975A<\/p>\n<p>Fonctions<\/p>\n<p>Complication 5 jours de r\u00e9serve de marche<br \/>\nDate<\/p>\n<p>Cadran<\/p>\n<p>Cadran saumon<\/p>\n<p>Bracelet<\/p>\n<p>bracelet interchangeable en veau noir et bracelet suppl\u00e9mentaire en veau beige<\/p>\n","protected":false},"excerpt":{"rendered":"<p>Baume &amp; Mercier clifton \u00e9dition limit\u00e9e r\u00e9f. M0A10778 Forme Ronde Taille 39 mm Bo\u00eetier Acier Verre Saphir \u00c9tanch\u00e9it\u00e9 50 m Mouvement Mouvement automatique Calibre BM13-1975A Fonctions Complication 5 jours de r\u00e9serve de marche Date Cadran Cadran saumon Bracelet bracelet interchangeable en veau noir et bracelet suppl\u00e9mentaire en veau beige<\/p>\n","protected":false},"featured_media":172328,"template":"","meta":{"_crdt_document":"","advanced_seo_description":"","jetpack_seo_html_title":"","jetpack_seo_noindex":false},"product_brand":[],"product_cat":[5515],"product_tag":[2621],"berocket_brand":[],"woo-feed-brand":[],"class_list":{"0":"post-119931","1":"product","2":"type-product","3":"status-publish","4":"has-post-thumbnail","6":"product_cat-baume-mercier-fr2","7":"product_tag-clifton-fr","9":"first","10":"instock","11":"sale","12":"taxable","13":"shipping-taxable","14":"purchasable","15":"product-type-simple"},"bundled_by":[],"bundle_stock_status":"instock","bundle_stock_quantity":1,"bundle_virtual":false,"bundle_layout":"","bundle_add_to_cart_form_location":"","bundle_editable_in_cart":false,"bundle_sold_individually_context":"","bundle_item_grouping":"","bundle_min_size":"","bundle_max_size":"","bundle_price":[],"bundled_items":[],"bundle_sell_ids":[],"group_of_quantity":0,"min_quantity":0,"max_quantity":"","exclude_order_quantity_value_rules":"no","exclude_category_quantity_rules":"no","combine_variations":"no","jetpack_sharing_enabled":true,"jetpack_likes_enabled":true,"_links":{"self":[{"href":"https:\/\/watchdeluxe.it\/fr\/wp-json\/wp\/v2\/product\/119931","targetHints":{"allow":["GET"]}}],"collection":[{"href":"https:\/\/watchdeluxe.it\/fr\/wp-json\/wp\/v2\/product"}],"about":[{"href":"https:\/\/watchdeluxe.it\/fr\/wp-json\/wp\/v2\/types\/product"}],"wp:featuredmedia":[{"embeddable":true,"href":"https:\/\/watchdeluxe.it\/fr\/wp-json\/wp\/v2\/media\/172328"}],"wp:attachment":[{"href":"https:\/\/watchdeluxe.it\/fr\/wp-json\/wp\/v2\/media?parent=119931"}],"wp:term":[{"taxonomy":"product_brand","embeddable":true,"href":"https:\/\/watchdeluxe.it\/fr\/wp-json\/wp\/v2\/product_brand?post=119931"},{"taxonomy":"product_cat","embeddable":true,"href":"https:\/\/watchdeluxe.it\/fr\/wp-json\/wp\/v2\/product_cat?post=119931"},{"taxonomy":"product_tag","embeddable":true,"href":"https:\/\/watchdeluxe.it\/fr\/wp-json\/wp\/v2\/product_tag?post=119931"},{"taxonomy":"berocket_brand","embeddable":true,"href":"https:\/\/watchdeluxe.it\/fr\/wp-json\/wp\/v2\/berocket_brand?post=119931"},{"taxonomy":"woo-feed-brand","embeddable":true,"href":"https:\/\/watchdeluxe.it\/fr\/wp-json\/wp\/v2\/woo-feed-brand?post=119931"}],"curies":[{"name":"wp","href":"https:\/\/api.w.org\/{rel}","templated":true}]}}