{"id":119683,"date":"2025-09-24T16:23:53","date_gmt":"2025-09-24T14:23:53","guid":{"rendered":"https:\/\/watchdeluxe.it\/prodotto\/panerai-luminor-marina-44-ref-pam03312\/"},"modified":"2025-09-24T16:23:53","modified_gmt":"2025-09-24T14:23:53","slug":"panerai-luminor-marina-44-ref-pam03312","status":"publish","type":"product","link":"https:\/\/watchdeluxe.it\/fr\/prodotto\/panerai-luminor-marina-44-ref-pam03312\/","title":{"rendered":"Panerai Luminor Marina 44 r\u00e9f. PAM03312"},"content":{"rendered":"<p>Panerai Luminor Marina 44 r\u00e9f. PAM03312<\/p>\n<div class=\"mt-32 sm:mt-80\">\n<ul class=\"mt-16 grid grid-cols-[repeat(2,1fr)] gap-x-10 gap-y-20 sm:mt-33 sm:grid-cols-[repeat(auto-fill,minmax(20%,_1fr))] sm:gap-y-30\">\n<li class=\"\"><span class=\" font-serif text-body-12 leading-[1] sm:text-captions-14 block\">Forme <\/span><span class=\" text-body-12 font-medium sm:text-captions-14\">Forme<\/span><\/li>\n<li class=\"\"><span class=\" font-serif text-body-12 leading-[1] sm:text-captions-14 block\">Taille <\/span><span class=\" text-body-12 font-medium sm:text-captions-14\">44 MM<\/span><\/li>\n<li class=\"\"><span class=\" font-serif text-body-12 leading-[1] sm:text-captions-14 block\">Mat\u00e9riau du bo\u00eetier <\/span><span class=\" text-body-12 font-medium sm:text-captions-14\">Acier<\/span><\/li>\n<li class=\"\"><span class=\" font-serif text-body-12 leading-[1] sm:text-captions-14 block\">Type de verre <\/span><span class=\" text-body-12 font-medium sm:text-captions-14\">Saphir<\/span><\/li>\n<li class=\"\"><span class=\" font-serif text-body-12 leading-[1] sm:text-captions-14 block\">Imperm\u00e9able \u00e0 l&#8217;eau <\/span><span class=\" text-body-12 font-medium sm:text-captions-14\">500 M<\/span><\/li>\n<\/ul>\n<\/div>\n<div class=\"mt-32 sm:mt-80\">\n<h3 class=\" font-serif text-headline-18 sm:text-headline-28 flex items-center gap-10 border-b border-[#CCC5BC] pb-17 sm:gap-27\"><picture class=\"h-24 w-24 object-contain sm:h-36 sm:w-36 relative block\"><img decoding=\"async\" class=\"object-contain h-full w-full\" draggable=\"false\" src=\"https:\/\/www.astrua.com\/_next\/image?url=https%3A%2F%2Fmedia.astrua.com%2Fproduction%2F0132182_0.png&amp;w=3840&amp;q=90\" sizes=\"10vw\" srcset=\"\/_next\/image?url=https%3A%2F%2Fmedia.astrua.com%2Fproduction%2F0132182_0.png&amp;w=64&amp;q=90 64w, \/_next\/image?url=https%3A%2F%2Fmedia.astrua.com%2Fproduction%2F0132182_0.png&amp;w=96&amp;q=90 96w, \/_next\/image?url=https%3A%2F%2Fmedia.astrua.com%2Fproduction%2F0132182_0.png&amp;w=128&amp;q=90 128w, \/_next\/image?url=https%3A%2F%2Fmedia.astrua.com%2Fproduction%2F0132182_0.png&amp;w=256&amp;q=90 256w, \/_next\/image?url=https%3A%2F%2Fmedia.astrua.com%2Fproduction%2F0132182_0.png&amp;w=384&amp;q=90 384w, \/_next\/image?url=https%3A%2F%2Fmedia.astrua.com%2Fproduction%2F0132182_0.png&amp;w=640&amp;q=90 640w, \/_next\/image?url=https%3A%2F%2Fmedia.astrua.com%2Fproduction%2F0132182_0.png&amp;w=750&amp;q=90 750w, \/_next\/image?url=https%3A%2F%2Fmedia.astrua.com%2Fproduction%2F0132182_0.png&amp;w=828&amp;q=90 828w, \/_next\/image?url=https%3A%2F%2Fmedia.astrua.com%2Fproduction%2F0132182_0.png&amp;w=1080&amp;q=90 1080w, \/_next\/image?url=https%3A%2F%2Fmedia.astrua.com%2Fproduction%2F0132182_0.png&amp;w=1200&amp;q=90 1200w, \/_next\/image?url=https%3A%2F%2Fmedia.astrua.com%2Fproduction%2F0132182_0.png&amp;w=1920&amp;q=90 1920w, \/_next\/image?url=https%3A%2F%2Fmedia.astrua.com%2Fproduction%2F0132182_0.png&amp;w=2048&amp;q=90 2048w, \/_next\/image?url=https%3A%2F%2Fmedia.astrua.com%2Fproduction%2F0132182_0.png&amp;w=3840&amp;q=90 3840w\" alt=\"\" data-nimg=\"fill\"><\/picture>Mouvement<\/h3>\n<ul class=\"mt-16 grid grid-cols-[repeat(2,1fr)] gap-x-10 gap-y-20 sm:mt-33 sm:grid-cols-[repeat(auto-fill,minmax(20%,_1fr))] sm:gap-y-30\">\n<li class=\"\"><span class=\" font-serif text-body-12 leading-[1] sm:text-captions-14 block\">Mouvement <\/span><span class=\" text-body-12 font-medium sm:text-captions-14\">Automatique<\/span><\/li>\n<li class=\"\"><span class=\" font-serif text-body-12 leading-[1] sm:text-captions-14 block\">Calibre<\/span><span class=\" text-body-12 font-medium sm:text-captions-14\">P.980<\/span><\/li>\n<\/ul>\n<\/div>\n<div class=\"mt-32 sm:mt-80\">\n<h3 class=\" font-serif text-headline-18 sm:text-headline-28 flex items-center gap-10 border-b border-[#CCC5BC] pb-17 sm:gap-27\"><picture class=\"h-24 w-24 object-contain sm:h-36 sm:w-36 relative block\"><img decoding=\"async\" class=\"object-contain h-full w-full\" draggable=\"false\" src=\"https:\/\/www.astrua.com\/_next\/image?url=https%3A%2F%2Fmedia.astrua.com%2Fproduction%2F0132180_0.png&amp;w=3840&amp;q=90\" sizes=\"10vw\" srcset=\"\/_next\/image?url=https%3A%2F%2Fmedia.astrua.com%2Fproduction%2F0132180_0.png&amp;w=64&amp;q=90 64w, \/_next\/image?url=https%3A%2F%2Fmedia.astrua.com%2Fproduction%2F0132180_0.png&amp;w=96&amp;q=90 96w, \/_next\/image?url=https%3A%2F%2Fmedia.astrua.com%2Fproduction%2F0132180_0.png&amp;w=128&amp;q=90 128w, \/_next\/image?url=https%3A%2F%2Fmedia.astrua.com%2Fproduction%2F0132180_0.png&amp;w=256&amp;q=90 256w, \/_next\/image?url=https%3A%2F%2Fmedia.astrua.com%2Fproduction%2F0132180_0.png&amp;w=384&amp;q=90 384w, \/_next\/image?url=https%3A%2F%2Fmedia.astrua.com%2Fproduction%2F0132180_0.png&amp;w=640&amp;q=90 640w, \/_next\/image?url=https%3A%2F%2Fmedia.astrua.com%2Fproduction%2F0132180_0.png&amp;w=750&amp;q=90 750w, \/_next\/image?url=https%3A%2F%2Fmedia.astrua.com%2Fproduction%2F0132180_0.png&amp;w=828&amp;q=90 828w, \/_next\/image?url=https%3A%2F%2Fmedia.astrua.com%2Fproduction%2F0132180_0.png&amp;w=1080&amp;q=90 1080w, \/_next\/image?url=https%3A%2F%2Fmedia.astrua.com%2Fproduction%2F0132180_0.png&amp;w=1200&amp;q=90 1200w, \/_next\/image?url=https%3A%2F%2Fmedia.astrua.com%2Fproduction%2F0132180_0.png&amp;w=1920&amp;q=90 1920w, \/_next\/image?url=https%3A%2F%2Fmedia.astrua.com%2Fproduction%2F0132180_0.png&amp;w=2048&amp;q=90 2048w, \/_next\/image?url=https%3A%2F%2Fmedia.astrua.com%2Fproduction%2F0132180_0.png&amp;w=3840&amp;q=90 3840w\" alt=\"\" data-nimg=\"fill\"><\/picture>Fonctions<\/h3>\n<ul class=\"mt-16 grid grid-cols-[repeat(2,1fr)] gap-x-10 gap-y-20 sm:mt-33 sm:grid-cols-[repeat(auto-fill,minmax(20%,_1fr))] sm:gap-y-30\">\n<li class=\"\"><span class=\" font-serif text-body-12 leading-[1] sm:text-captions-14 block\">Complication <\/span><span class=\" text-body-12 font-medium sm:text-captions-14\">3 jours de r\u00e9serve de marche<\/span><\/li>\n<li class=\"\"><span class=\" font-serif text-body-12 leading-[1] sm:text-captions-14 block\">Date d&#8217;entr\u00e9e en vigueur<\/span><span class=\" text-body-12 font-medium sm:text-captions-14\">Date d&#8217;entr\u00e9e en vigueur<\/span><\/li>\n<\/ul>\n<\/div>\n<div class=\"mt-32 sm:mt-80\">\n<h3 class=\" font-serif text-headline-18 sm:text-headline-28 flex items-center gap-10 border-b border-[#CCC5BC] pb-17 sm:gap-27\"><picture class=\"h-24 w-24 object-contain sm:h-36 sm:w-36 relative block\"><img decoding=\"async\" class=\"object-contain h-full w-full\" draggable=\"false\" src=\"https:\/\/www.astrua.com\/_next\/image?url=https%3A%2F%2Fmedia.astrua.com%2Fproduction%2F0132208_0.png&amp;w=3840&amp;q=90\" sizes=\"10vw\" srcset=\"\/_next\/image?url=https%3A%2F%2Fmedia.astrua.com%2Fproduction%2F0132208_0.png&amp;w=64&amp;q=90 64w, \/_next\/image?url=https%3A%2F%2Fmedia.astrua.com%2Fproduction%2F0132208_0.png&amp;w=96&amp;q=90 96w, \/_next\/image?url=https%3A%2F%2Fmedia.astrua.com%2Fproduction%2F0132208_0.png&amp;w=128&amp;q=90 128w, \/_next\/image?url=https%3A%2F%2Fmedia.astrua.com%2Fproduction%2F0132208_0.png&amp;w=256&amp;q=90 256w, \/_next\/image?url=https%3A%2F%2Fmedia.astrua.com%2Fproduction%2F0132208_0.png&amp;w=384&amp;q=90 384w, \/_next\/image?url=https%3A%2F%2Fmedia.astrua.com%2Fproduction%2F0132208_0.png&amp;w=640&amp;q=90 640w, \/_next\/image?url=https%3A%2F%2Fmedia.astrua.com%2Fproduction%2F0132208_0.png&amp;w=750&amp;q=90 750w, \/_next\/image?url=https%3A%2F%2Fmedia.astrua.com%2Fproduction%2F0132208_0.png&amp;w=828&amp;q=90 828w, \/_next\/image?url=https%3A%2F%2Fmedia.astrua.com%2Fproduction%2F0132208_0.png&amp;w=1080&amp;q=90 1080w, \/_next\/image?url=https%3A%2F%2Fmedia.astrua.com%2Fproduction%2F0132208_0.png&amp;w=1200&amp;q=90 1200w, \/_next\/image?url=https%3A%2F%2Fmedia.astrua.com%2Fproduction%2F0132208_0.png&amp;w=1920&amp;q=90 1920w, \/_next\/image?url=https%3A%2F%2Fmedia.astrua.com%2Fproduction%2F0132208_0.png&amp;w=2048&amp;q=90 2048w, \/_next\/image?url=https%3A%2F%2Fmedia.astrua.com%2Fproduction%2F0132208_0.png&amp;w=3840&amp;q=90 3840w\" alt=\"\" data-nimg=\"fill\"><\/picture>Cadran<\/h3>\n<ul class=\"mt-16 grid grid-cols-[repeat(2,1fr)] gap-x-10 gap-y-20 sm:mt-33 sm:grid-cols-[repeat(auto-fill,minmax(20%,_1fr))] sm:gap-y-30\">\n<li class=\"\"><span class=\" font-serif text-body-12 leading-[1] sm:text-captions-14 block\">Cadran <\/span><span class=\" text-body-12 font-medium sm:text-captions-14\">Noir<\/span><\/li>\n<\/ul>\n<\/div>\n<div class=\"mt-32 sm:mt-80\">\n<h3 class=\" font-serif text-headline-18 sm:text-headline-28 flex items-center gap-10 border-b border-[#CCC5BC] pb-17 sm:gap-27\"><picture class=\"h-24 w-24 object-contain sm:h-36 sm:w-36 relative block\"><img decoding=\"async\" class=\"object-contain h-full w-full\" draggable=\"false\" src=\"https:\/\/www.astrua.com\/_next\/image?url=https%3A%2F%2Fmedia.astrua.com%2Fproduction%2F0132174_0.png&amp;w=3840&amp;q=90\" sizes=\"10vw\" srcset=\"\/_next\/image?url=https%3A%2F%2Fmedia.astrua.com%2Fproduction%2F0132174_0.png&amp;w=64&amp;q=90 64w, \/_next\/image?url=https%3A%2F%2Fmedia.astrua.com%2Fproduction%2F0132174_0.png&amp;w=96&amp;q=90 96w, \/_next\/image?url=https%3A%2F%2Fmedia.astrua.com%2Fproduction%2F0132174_0.png&amp;w=128&amp;q=90 128w, \/_next\/image?url=https%3A%2F%2Fmedia.astrua.com%2Fproduction%2F0132174_0.png&amp;w=256&amp;q=90 256w, \/_next\/image?url=https%3A%2F%2Fmedia.astrua.com%2Fproduction%2F0132174_0.png&amp;w=384&amp;q=90 384w, \/_next\/image?url=https%3A%2F%2Fmedia.astrua.com%2Fproduction%2F0132174_0.png&amp;w=640&amp;q=90 640w, \/_next\/image?url=https%3A%2F%2Fmedia.astrua.com%2Fproduction%2F0132174_0.png&amp;w=750&amp;q=90 750w, \/_next\/image?url=https%3A%2F%2Fmedia.astrua.com%2Fproduction%2F0132174_0.png&amp;w=828&amp;q=90 828w, \/_next\/image?url=https%3A%2F%2Fmedia.astrua.com%2Fproduction%2F0132174_0.png&amp;w=1080&amp;q=90 1080w, \/_next\/image?url=https%3A%2F%2Fmedia.astrua.com%2Fproduction%2F0132174_0.png&amp;w=1200&amp;q=90 1200w, \/_next\/image?url=https%3A%2F%2Fmedia.astrua.com%2Fproduction%2F0132174_0.png&amp;w=1920&amp;q=90 1920w, \/_next\/image?url=https%3A%2F%2Fmedia.astrua.com%2Fproduction%2F0132174_0.png&amp;w=2048&amp;q=90 2048w, \/_next\/image?url=https%3A%2F%2Fmedia.astrua.com%2Fproduction%2F0132174_0.png&amp;w=3840&amp;q=90 3840w\" alt=\"\" data-nimg=\"fill\"><\/picture>Bracelet<\/h3>\n<ul class=\"mt-16 grid grid-cols-[repeat(2,1fr)] gap-x-10 gap-y-20 sm:mt-33 sm:grid-cols-[repeat(auto-fill,minmax(20%,_1fr))] sm:gap-y-30\">\n<li class=\"\"><span class=\" font-serif text-body-12 leading-[1] sm:text-captions-14 block\">Bracelet <\/span><span class=\" text-body-12 font-medium sm:text-captions-14\">Alligator<\/span><\/li>\n<\/ul>\n<\/div>\n","protected":false},"excerpt":{"rendered":"<p>Panerai Luminor Marina 44 r\u00e9f. PAM03312 Forme Forme Taille 44 MM Mat\u00e9riau du bo\u00eetier Acier Type de verre Saphir Imperm\u00e9able \u00e0 l&#8217;eau 500 M Mouvement Mouvement Automatique CalibreP.980 Fonctions Complication 3 jours de r\u00e9serve de marche Date d&#8217;entr\u00e9e en vigueurDate d&#8217;entr\u00e9e en vigueur Cadran Cadran Noir Bracelet Bracelet Alligator<\/p>\n","protected":false},"featured_media":119677,"template":"","meta":{"_crdt_document":"","advanced_seo_description":"","jetpack_seo_html_title":"","jetpack_seo_noindex":false,"jetpack_post_was_ever_published":false},"product_brand":[2184],"product_cat":[2183],"product_tag":[1828],"berocket_brand":[],"woo-feed-brand":[],"class_list":{"0":"post-119683","1":"product","2":"type-product","3":"status-publish","4":"has-post-thumbnail","6":"product_brand-panerai","7":"product_cat-panerai","8":"product_tag-luminor","10":"first","11":"instock","12":"sale","13":"taxable","14":"shipping-taxable","15":"purchasable","16":"product-type-simple"},"bundled_by":[],"bundle_stock_status":"instock","bundle_stock_quantity":1,"bundle_virtual":false,"bundle_layout":"","bundle_add_to_cart_form_location":"","bundle_editable_in_cart":false,"bundle_sold_individually_context":"","bundle_item_grouping":"","bundle_min_size":"","bundle_max_size":"","bundle_price":[],"bundled_items":[],"bundle_sell_ids":[],"group_of_quantity":0,"min_quantity":0,"max_quantity":"","exclude_order_quantity_value_rules":"no","exclude_category_quantity_rules":"no","combine_variations":"no","exclude_global_add_ons":[],"addons":[],"jetpack_sharing_enabled":true,"jetpack_likes_enabled":true,"_links":{"self":[{"href":"https:\/\/watchdeluxe.it\/fr\/wp-json\/wp\/v2\/product\/119683","targetHints":{"allow":["GET"]}}],"collection":[{"href":"https:\/\/watchdeluxe.it\/fr\/wp-json\/wp\/v2\/product"}],"about":[{"href":"https:\/\/watchdeluxe.it\/fr\/wp-json\/wp\/v2\/types\/product"}],"wp:featuredmedia":[{"embeddable":true,"href":"https:\/\/watchdeluxe.it\/fr\/wp-json\/wp\/v2\/media\/119677"}],"wp:attachment":[{"href":"https:\/\/watchdeluxe.it\/fr\/wp-json\/wp\/v2\/media?parent=119683"}],"wp:term":[{"taxonomy":"product_brand","embeddable":true,"href":"https:\/\/watchdeluxe.it\/fr\/wp-json\/wp\/v2\/product_brand?post=119683"},{"taxonomy":"product_cat","embeddable":true,"href":"https:\/\/watchdeluxe.it\/fr\/wp-json\/wp\/v2\/product_cat?post=119683"},{"taxonomy":"product_tag","embeddable":true,"href":"https:\/\/watchdeluxe.it\/fr\/wp-json\/wp\/v2\/product_tag?post=119683"},{"taxonomy":"berocket_brand","embeddable":true,"href":"https:\/\/watchdeluxe.it\/fr\/wp-json\/wp\/v2\/berocket_brand?post=119683"},{"taxonomy":"woo-feed-brand","embeddable":true,"href":"https:\/\/watchdeluxe.it\/fr\/wp-json\/wp\/v2\/woo-feed-brand?post=119683"}],"curies":[{"name":"wp","href":"https:\/\/api.w.org\/{rel}","templated":true}]}}