{"id":119524,"date":"2025-09-24T14:12:50","date_gmt":"2025-09-24T12:12:50","guid":{"rendered":"https:\/\/watchdeluxe.it\/prodotto\/hublot-classic-fusion-chronographe-titane-ref-541-nx-8970-rx\/"},"modified":"2026-01-20T15:01:05","modified_gmt":"2026-01-20T14:01:05","slug":"hublot-classic-fusion-chronographe-titane-ref-541-nx-8970-rx","status":"publish","type":"product","link":"https:\/\/watchdeluxe.it\/fr\/prodotto\/hublot-classic-fusion-chronographe-titane-ref-541-nx-8970-rx\/","title":{"rendered":"Hublot Classic fusion chronographe titane ref. 541.NX.8970.RX"},"content":{"rendered":"<p>Hublot Classic fusion chronographe titane ref. 541.NX.8970.RX<\/p>\n<div class=\"product-pisa__tabs__technical__column\">\n<div class=\"product-pisa__tabs__technical__column__items\">\n<div class=\"product-pisa__tabs__technical__column__item\">MouvementAutomatique<\/div>\n<div class=\"product-pisa__tabs__technical__column__item\">Collection Classic Fusion<\/div>\n<div class=\"product-pisa__tabs__technical__column__item\">Referenza541.NX.8970.RX<\/div>\n<div class=\"product-pisa__tabs__technical__column__item\">Complications chronographe et date<\/div>\n<\/div>\n<\/div>\n<div class=\"product-pisa__tabs__technical__column single_column\"><label class=\"product-pisa__tabs__technical__column__title\" for=\"toggle_2\">Cas<\/label><\/p>\n<div class=\"product-pisa__tabs__technical__column__items\">\n<div class=\"product-pisa__tabs__technical__column__item\">Diam\u00e8tre 42 mm<\/div>\n<div class=\"product-pisa__tabs__technical__column__item\">Mat\u00e9riau Titane<\/div>\n<div class=\"product-pisa__tabs__technical__column__item\">R\u00e9sistance \u00e0 l&#8217;eau 50m\/5atm<\/div>\n<\/div>\n<\/div>\n<div class=\"product-pisa__tabs__technical__column single_column\"><label class=\"product-pisa__tabs__technical__column__title\" for=\"toggle_3\">Cadran vert<\/label><\/div>\n<div class=\"product-pisa__tabs__technical__column single_column\">\n<div class=\"product-pisa__tabs__technical__column__items\">\n<div class=\"product-pisa__tabs__technical__column__item\"><\/div>\n<\/div>\n<\/div>\n<div class=\"product-pisa__tabs__technical__column single_column\"><label class=\"product-pisa__tabs__technical__column__title\" for=\"toggle_4\">Courroie<\/label><\/p>\n<div class=\"product-pisa__tabs__technical__column__items\">\n<div class=\"product-pisa__tabs__technical__column__item\">Mat\u00e9riau Caoutchouc vert<\/div>\n<\/div>\n<\/div>\n","protected":false},"excerpt":{"rendered":"<p>Hublot Classic fusion chronographe titane ref. 541.NX.8970.RX MouvementAutomatique Collection Classic Fusion Referenza541.NX.8970.RX Complications chronographe et date Cas Diam\u00e8tre 42 mm Mat\u00e9riau Titane R\u00e9sistance \u00e0 l&#8217;eau 50m\/5atm Cadran vert Courroie Mat\u00e9riau Caoutchouc vert<\/p>\n","protected":false},"featured_media":119518,"template":"","meta":{"_crdt_document":"","advanced_seo_description":"","jetpack_seo_html_title":"","jetpack_seo_noindex":false},"product_brand":[2149],"product_cat":[2223],"product_tag":[2227],"berocket_brand":[],"woo-feed-brand":[],"class_list":{"0":"post-119524","1":"product","2":"type-product","3":"status-publish","4":"has-post-thumbnail","6":"product_brand-hublot","7":"product_cat-hublot-fr","8":"product_tag-fusion-classique","10":"first","11":"instock","12":"sale","13":"taxable","14":"shipping-taxable","15":"purchasable","16":"product-type-simple"},"bundled_by":[],"bundle_stock_status":"instock","bundle_stock_quantity":1,"bundle_virtual":false,"bundle_layout":"","bundle_add_to_cart_form_location":"","bundle_editable_in_cart":false,"bundle_sold_individually_context":"","bundle_item_grouping":"","bundle_min_size":"","bundle_max_size":"","bundle_price":[],"bundled_items":[],"bundle_sell_ids":[],"group_of_quantity":0,"min_quantity":0,"max_quantity":"","exclude_order_quantity_value_rules":"no","exclude_category_quantity_rules":"no","combine_variations":"no","exclude_global_add_ons":[],"addons":[],"jetpack_sharing_enabled":true,"jetpack_likes_enabled":true,"_links":{"self":[{"href":"https:\/\/watchdeluxe.it\/fr\/wp-json\/wp\/v2\/product\/119524","targetHints":{"allow":["GET"]}}],"collection":[{"href":"https:\/\/watchdeluxe.it\/fr\/wp-json\/wp\/v2\/product"}],"about":[{"href":"https:\/\/watchdeluxe.it\/fr\/wp-json\/wp\/v2\/types\/product"}],"wp:featuredmedia":[{"embeddable":true,"href":"https:\/\/watchdeluxe.it\/fr\/wp-json\/wp\/v2\/media\/119518"}],"wp:attachment":[{"href":"https:\/\/watchdeluxe.it\/fr\/wp-json\/wp\/v2\/media?parent=119524"}],"wp:term":[{"taxonomy":"product_brand","embeddable":true,"href":"https:\/\/watchdeluxe.it\/fr\/wp-json\/wp\/v2\/product_brand?post=119524"},{"taxonomy":"product_cat","embeddable":true,"href":"https:\/\/watchdeluxe.it\/fr\/wp-json\/wp\/v2\/product_cat?post=119524"},{"taxonomy":"product_tag","embeddable":true,"href":"https:\/\/watchdeluxe.it\/fr\/wp-json\/wp\/v2\/product_tag?post=119524"},{"taxonomy":"berocket_brand","embeddable":true,"href":"https:\/\/watchdeluxe.it\/fr\/wp-json\/wp\/v2\/berocket_brand?post=119524"},{"taxonomy":"woo-feed-brand","embeddable":true,"href":"https:\/\/watchdeluxe.it\/fr\/wp-json\/wp\/v2\/woo-feed-brand?post=119524"}],"curies":[{"name":"wp","href":"https:\/\/api.w.org\/{rel}","templated":true}]}}