{"id":119496,"date":"2025-09-24T13:35:11","date_gmt":"2025-09-24T11:35:11","guid":{"rendered":"https:\/\/watchdeluxe.it\/prodotto\/hublot-classic-fusion-titanium-opalin-ref-581-nx-2611-rx\/"},"modified":"2026-01-20T15:02:45","modified_gmt":"2026-01-20T14:02:45","slug":"hublot-classic-fusion-titanium-opalin-ref-581-nx-2611-rx","status":"publish","type":"product","link":"https:\/\/watchdeluxe.it\/fr\/prodotto\/hublot-classic-fusion-titanium-opalin-ref-581-nx-2611-rx\/","title":{"rendered":"Hublot Classic fusion Titanium Opalin ref. 581.NX.2611.RX"},"content":{"rendered":"<p>Hublot Classic Fusion Titanium Opalin ref. 581.NX.2611.RX<\/p>\n<p>Bo\u00eetier en titane de 33 mm<\/p>\n<p>mouvement \u00e0 quartz<\/p>\n<p>r\u00e9sistance \u00e0 l&#8217;eau 50 m<\/p>\n<p>bracelet en caoutchouc avec boucle d\u00e9ployante<\/p>\n","protected":false},"excerpt":{"rendered":"<p>Hublot Classic Fusion Titanium Opalin ref. 581.NX.2611.RX Bo\u00eetier en titane de 33 mm mouvement \u00e0 quartz r\u00e9sistance \u00e0 l&#8217;eau 50 m bracelet en caoutchouc avec boucle d\u00e9ployante<\/p>\n","protected":false},"featured_media":119491,"template":"","meta":{"_crdt_document":"","advanced_seo_description":"","jetpack_seo_html_title":"","jetpack_seo_noindex":false},"product_brand":[2149],"product_cat":[1917],"product_tag":[3889],"berocket_brand":[],"woo-feed-brand":[],"class_list":{"0":"post-119496","1":"product","2":"type-product","3":"status-publish","4":"has-post-thumbnail","6":"product_brand-hublot","7":"product_cat-hublot","8":"product_tag-classic-fusion-2","10":"first","11":"instock","12":"sale","13":"taxable","14":"shipping-taxable","15":"purchasable","16":"product-type-simple"},"bundled_by":[],"bundle_stock_status":"instock","bundle_stock_quantity":1,"bundle_virtual":false,"bundle_layout":"","bundle_add_to_cart_form_location":"","bundle_editable_in_cart":false,"bundle_sold_individually_context":"","bundle_item_grouping":"","bundle_min_size":"","bundle_max_size":"","bundle_price":[],"bundled_items":[],"bundle_sell_ids":[],"group_of_quantity":0,"min_quantity":0,"max_quantity":"","exclude_order_quantity_value_rules":"no","exclude_category_quantity_rules":"no","combine_variations":"no","exclude_global_add_ons":[],"addons":[],"jetpack_sharing_enabled":true,"jetpack_likes_enabled":true,"_links":{"self":[{"href":"https:\/\/watchdeluxe.it\/fr\/wp-json\/wp\/v2\/product\/119496","targetHints":{"allow":["GET"]}}],"collection":[{"href":"https:\/\/watchdeluxe.it\/fr\/wp-json\/wp\/v2\/product"}],"about":[{"href":"https:\/\/watchdeluxe.it\/fr\/wp-json\/wp\/v2\/types\/product"}],"wp:featuredmedia":[{"embeddable":true,"href":"https:\/\/watchdeluxe.it\/fr\/wp-json\/wp\/v2\/media\/119491"}],"wp:attachment":[{"href":"https:\/\/watchdeluxe.it\/fr\/wp-json\/wp\/v2\/media?parent=119496"}],"wp:term":[{"taxonomy":"product_brand","embeddable":true,"href":"https:\/\/watchdeluxe.it\/fr\/wp-json\/wp\/v2\/product_brand?post=119496"},{"taxonomy":"product_cat","embeddable":true,"href":"https:\/\/watchdeluxe.it\/fr\/wp-json\/wp\/v2\/product_cat?post=119496"},{"taxonomy":"product_tag","embeddable":true,"href":"https:\/\/watchdeluxe.it\/fr\/wp-json\/wp\/v2\/product_tag?post=119496"},{"taxonomy":"berocket_brand","embeddable":true,"href":"https:\/\/watchdeluxe.it\/fr\/wp-json\/wp\/v2\/berocket_brand?post=119496"},{"taxonomy":"woo-feed-brand","embeddable":true,"href":"https:\/\/watchdeluxe.it\/fr\/wp-json\/wp\/v2\/woo-feed-brand?post=119496"}],"curies":[{"name":"wp","href":"https:\/\/api.w.org\/{rel}","templated":true}]}}