{"id":119482,"date":"2025-09-24T13:28:24","date_gmt":"2025-09-24T11:28:24","guid":{"rendered":"https:\/\/watchdeluxe.it\/prodotto\/nomos-tangente-neomatik-gris-platine-ref-189\/"},"modified":"2025-11-26T10:13:36","modified_gmt":"2025-11-26T09:13:36","slug":"nomos-tangente-neomatik-gris-platine-ref-189","status":"publish","type":"product","link":"https:\/\/watchdeluxe.it\/fr\/prodotto\/nomos-tangente-neomatik-gris-platine-ref-189\/","title":{"rendered":"Nomos Tangente Neomatik gris platine ref. 189"},"content":{"rendered":"<p>Nomos Tangente Neomatik gris platine ref. 189<\/p>\n<div class=\"list-couple\">\n<div class=\"specs-list\">\n<dl>\n<dt>Bo\u00eetier<\/dt>\n<dd>\nacier inoxydable, fond saphir bipartite<\/dd>\n<\/dl>\n<dl>\n<dt>Verre saphir<\/dt>\n<dd>verre saphir avec traitement antireflet \u00e0 l&#8217;int\u00e9rieur<\/dd>\n<\/dl>\n<dl>\n<dt>Chargement<\/dt>\n<dd>automatique<\/dd>\n<\/dl>\n<dl>\n<dt>Dimensions<\/dt>\n<dd>diam\u00e8tre <span class=\"size-property\"> 35,0 mm <\/span><br \/>\n\u00e9paisseur <span class=\"size-property\"> 6,9 mm <\/span><br \/>\ntaille de la boucle ext\u00e9rieure <span class=\"size-property\"> 43,0 mm <\/span><\/dd>\n<\/dl>\n<dl>\n<dt>R\u00e9sistance \u00e0 l&#8217;eau<\/dt>\n<dd>3 atm (r\u00e9sistant aux \u00e9claboussures)<\/dd>\n<\/dl>\n<\/div>\n<div class=\"specs-list\">\n<dl>\n<dt>Cadran<\/dt>\n<dd>galvanis\u00e9, rhodi\u00e9<\/dd>\n<\/dl>\n<dl>\n<dt>Mains<\/dt>\n<dd>Plaqu\u00e9es en rhodium<\/dd>\n<\/dl>\n<dl>\n<dt>bracelet<\/dt>\n<dd>Horween Genuine Shell Cordovan noir, rivet\u00e9<br \/>\n<span class=\"size-property\"> largeur des cornes 18 mm <\/span><\/dd>\n<\/dl>\n<\/div>\n<\/div>\n","protected":false},"excerpt":{"rendered":"<p>Nomos Tangente Neomatik gris platine ref. 189 Bo\u00eetier acier inoxydable, fond saphir bipartite Verre saphir verre saphir avec traitement antireflet \u00e0 l&#8217;int\u00e9rieur Chargement automatique Dimensions diam\u00e8tre 35,0 mm \u00e9paisseur 6,9 mm taille de la boucle ext\u00e9rieure 43,0 mm R\u00e9sistance \u00e0 l&#8217;eau 3 atm (r\u00e9sistant aux \u00e9claboussures) Cadran galvanis\u00e9, rhodi\u00e9 Mains Plaqu\u00e9es en rhodium bracelet Horween [&hellip;]<\/p>\n","protected":false},"featured_media":127088,"template":"","meta":{"_crdt_document":"","advanced_seo_description":"","jetpack_seo_html_title":"","jetpack_seo_noindex":false},"product_brand":[2154],"product_cat":[3908],"product_tag":[],"berocket_brand":[],"woo-feed-brand":[],"class_list":{"0":"post-119482","1":"product","2":"type-product","3":"status-publish","4":"has-post-thumbnail","6":"product_brand-nomos-glashutte","7":"product_cat-sans-categorie","9":"first","10":"instock","11":"sale","12":"taxable","13":"shipping-taxable","14":"purchasable","15":"product-type-simple"},"bundled_by":[],"bundle_stock_status":"instock","bundle_stock_quantity":1,"bundle_virtual":false,"bundle_layout":"","bundle_add_to_cart_form_location":"","bundle_editable_in_cart":false,"bundle_sold_individually_context":"","bundle_item_grouping":"","bundle_min_size":"","bundle_max_size":"","bundle_price":[],"bundled_items":[],"bundle_sell_ids":[],"group_of_quantity":0,"min_quantity":0,"max_quantity":"","exclude_order_quantity_value_rules":"no","exclude_category_quantity_rules":"no","combine_variations":"no","jetpack_sharing_enabled":true,"jetpack_likes_enabled":true,"_links":{"self":[{"href":"https:\/\/watchdeluxe.it\/fr\/wp-json\/wp\/v2\/product\/119482","targetHints":{"allow":["GET"]}}],"collection":[{"href":"https:\/\/watchdeluxe.it\/fr\/wp-json\/wp\/v2\/product"}],"about":[{"href":"https:\/\/watchdeluxe.it\/fr\/wp-json\/wp\/v2\/types\/product"}],"wp:featuredmedia":[{"embeddable":true,"href":"https:\/\/watchdeluxe.it\/fr\/wp-json\/"}],"wp:attachment":[{"href":"https:\/\/watchdeluxe.it\/fr\/wp-json\/wp\/v2\/media?parent=119482"}],"wp:term":[{"taxonomy":"product_brand","embeddable":true,"href":"https:\/\/watchdeluxe.it\/fr\/wp-json\/wp\/v2\/product_brand?post=119482"},{"taxonomy":"product_cat","embeddable":true,"href":"https:\/\/watchdeluxe.it\/fr\/wp-json\/wp\/v2\/product_cat?post=119482"},{"taxonomy":"product_tag","embeddable":true,"href":"https:\/\/watchdeluxe.it\/fr\/wp-json\/wp\/v2\/product_tag?post=119482"},{"taxonomy":"berocket_brand","embeddable":true,"href":"https:\/\/watchdeluxe.it\/fr\/wp-json\/wp\/v2\/berocket_brand?post=119482"},{"taxonomy":"woo-feed-brand","embeddable":true,"href":"https:\/\/watchdeluxe.it\/fr\/wp-json\/wp\/v2\/woo-feed-brand?post=119482"}],"curies":[{"name":"wp","href":"https:\/\/api.w.org\/{rel}","templated":true}]}}