{"id":119333,"date":"2025-11-13T14:49:44","date_gmt":"2025-11-13T13:49:44","guid":{"rendered":"https:\/\/watchdeluxe.it\/prodotto\/mido-multifort-tv-chrono-ref-m0495271104100\/"},"modified":"2025-11-13T14:49:47","modified_gmt":"2025-11-13T13:49:47","slug":"mido-multifort-tv-chrono-ref-m0495271104100","status":"publish","type":"product","link":"https:\/\/watchdeluxe.it\/fr\/prodotto\/mido-multifort-tv-chrono-ref-m0495271104100\/","title":{"rendered":"Mido Multifort TV Chrono ref. M0495271104100"},"content":{"rendered":"<p>Mido Multifort TV Chrono ref. M0495271104100<\/p>\n<p>Une signature dans le temps pour la maison suisse Mido. Avec r\u00e9serve de marche de 72 heures, mouvement automatique suisse, fonction chronographe avec affichage de la date \u00e0 4 heures.<\/p>\n<p>Bo\u00eetier rond de 42 mm dans un corps en acier entour\u00e9 d&#8217;un bracelet avec boucle d\u00e9ployante. Cadran bleu, fond et couronne viss\u00e9s. Verre saphir et 10 atm.<\/p>\n","protected":false},"excerpt":{"rendered":"<p>Mido Multifort TV Chrono ref. M0495271104100 Une signature dans le temps pour la maison suisse Mido. Avec r\u00e9serve de marche de 72 heures, mouvement automatique suisse, fonction chronographe avec affichage de la date \u00e0 4 heures. Bo\u00eetier rond de 42 mm dans un corps en acier entour\u00e9 d&#8217;un bracelet avec boucle d\u00e9ployante. Cadran bleu, fond [&hellip;]<\/p>\n","protected":false},"featured_media":119327,"template":"","meta":{"_crdt_document":"","advanced_seo_description":"","jetpack_seo_html_title":"","jetpack_seo_noindex":false},"product_brand":[2153],"product_cat":[1922],"product_tag":[3719],"berocket_brand":[],"woo-feed-brand":[],"class_list":{"0":"post-119333","1":"product","2":"type-product","3":"status-publish","4":"has-post-thumbnail","6":"product_brand-mido","7":"product_cat-mido","8":"product_tag-multifort","10":"first","11":"instock","12":"sale","13":"taxable","14":"shipping-taxable","15":"purchasable","16":"product-type-simple"},"bundled_by":[],"bundle_stock_status":"instock","bundle_stock_quantity":1,"bundle_virtual":false,"bundle_layout":"","bundle_add_to_cart_form_location":"","bundle_editable_in_cart":false,"bundle_sold_individually_context":"","bundle_item_grouping":"","bundle_min_size":"","bundle_max_size":"","bundle_price":[],"bundled_items":[],"bundle_sell_ids":[],"group_of_quantity":0,"min_quantity":0,"max_quantity":"","exclude_order_quantity_value_rules":"no","exclude_category_quantity_rules":"no","combine_variations":"no","jetpack_sharing_enabled":true,"jetpack_likes_enabled":true,"_links":{"self":[{"href":"https:\/\/watchdeluxe.it\/fr\/wp-json\/wp\/v2\/product\/119333","targetHints":{"allow":["GET"]}}],"collection":[{"href":"https:\/\/watchdeluxe.it\/fr\/wp-json\/wp\/v2\/product"}],"about":[{"href":"https:\/\/watchdeluxe.it\/fr\/wp-json\/wp\/v2\/types\/product"}],"wp:featuredmedia":[{"embeddable":true,"href":"https:\/\/watchdeluxe.it\/fr\/wp-json\/wp\/v2\/media\/119327"}],"wp:attachment":[{"href":"https:\/\/watchdeluxe.it\/fr\/wp-json\/wp\/v2\/media?parent=119333"}],"wp:term":[{"taxonomy":"product_brand","embeddable":true,"href":"https:\/\/watchdeluxe.it\/fr\/wp-json\/wp\/v2\/product_brand?post=119333"},{"taxonomy":"product_cat","embeddable":true,"href":"https:\/\/watchdeluxe.it\/fr\/wp-json\/wp\/v2\/product_cat?post=119333"},{"taxonomy":"product_tag","embeddable":true,"href":"https:\/\/watchdeluxe.it\/fr\/wp-json\/wp\/v2\/product_tag?post=119333"},{"taxonomy":"berocket_brand","embeddable":true,"href":"https:\/\/watchdeluxe.it\/fr\/wp-json\/wp\/v2\/berocket_brand?post=119333"},{"taxonomy":"woo-feed-brand","embeddable":true,"href":"https:\/\/watchdeluxe.it\/fr\/wp-json\/wp\/v2\/woo-feed-brand?post=119333"}],"curies":[{"name":"wp","href":"https:\/\/api.w.org\/{rel}","templated":true}]}}