{"id":119320,"date":"2025-09-24T10:13:54","date_gmt":"2025-09-24T08:13:54","guid":{"rendered":"https:\/\/watchdeluxe.it\/prodotto\/breitling-superocean-heritage-b31-ref-ab3111241b1s1\/"},"modified":"2025-09-24T10:13:54","modified_gmt":"2025-09-24T08:13:54","slug":"breitling-superocean-heritage-b31-ref-ab3111241b1s1","status":"publish","type":"product","link":"https:\/\/watchdeluxe.it\/fr\/prodotto\/breitling-superocean-heritage-b31-ref-ab3111241b1s1\/","title":{"rendered":"Breitling Superocean Heritage B31 ref. AB3111241B1S1"},"content":{"rendered":"<p>Breitling Superocean Heritage B31 ref. AB3111241B1S1<\/p>\n<p>Cadran noir<\/p>\n<p>Bracelet noir<\/p>\n<div class=\"row scheda-base\">\n<div class=\"col-xs-3\">Ligne SUPEROCEAN-HERITAGE<\/div>\n<\/div>\n<div class=\"row scheda-contraltare\">\n<div class=\"col-xs-3\">Mouvement AUTOMATIQUE<\/div>\n<\/div>\n<div class=\"row scheda-base\">\n<div class=\"col-xs-3\">R\u00e9serve de marche 78 HEURES<\/div>\n<\/div>\n<div class=\"row scheda-contraltare\">\n<div class=\"col-xs-3\">Bo\u00eetier 42 MM ACIER<\/div>\n<\/div>\n<div class=\"row scheda-base\">\n<div class=\"col-xs-3\">Verre SAPPHIRE.<\/div>\n<\/div>\n<div class=\"row scheda-contraltare\">\n<div class=\"col-xs-3\">R\u00e9sistance \u00e0 l&#8217;eau 200 M<\/div>\n<\/div>\n<div class=\"row scheda-base\">\n<div class=\"col-xs-3\">Bracelet\/Strap<\/div>\n<div class=\"col-xs-9\">CAOUTCHOUC<\/div>\n<\/div>\n","protected":false},"excerpt":{"rendered":"<p>Breitling Superocean Heritage B31 ref. AB3111241B1S1 Cadran noir Bracelet noir Ligne SUPEROCEAN-HERITAGE Mouvement AUTOMATIQUE R\u00e9serve de marche 78 HEURES Bo\u00eetier 42 MM ACIER Verre SAPPHIRE. R\u00e9sistance \u00e0 l&#8217;eau 200 M Bracelet\/Strap CAOUTCHOUC<\/p>\n","protected":false},"featured_media":119315,"template":"","meta":{"_crdt_document":"","advanced_seo_description":"","jetpack_seo_html_title":"","jetpack_seo_noindex":false},"product_brand":[],"product_cat":[2657],"product_tag":[2670],"berocket_brand":[],"woo-feed-brand":[],"class_list":{"0":"post-119320","1":"product","2":"type-product","3":"status-publish","4":"has-post-thumbnail","6":"product_cat-breitling-fr","7":"product_tag-superocean-fr","9":"first","10":"instock","11":"sale","12":"taxable","13":"shipping-taxable","14":"purchasable","15":"product-type-simple"},"bundled_by":[],"bundle_stock_status":"instock","bundle_stock_quantity":1,"bundle_virtual":false,"bundle_layout":"","bundle_add_to_cart_form_location":"","bundle_editable_in_cart":false,"bundle_sold_individually_context":"","bundle_item_grouping":"","bundle_min_size":"","bundle_max_size":"","bundle_price":[],"bundled_items":[],"bundle_sell_ids":[],"group_of_quantity":0,"min_quantity":0,"max_quantity":"","exclude_order_quantity_value_rules":"no","exclude_category_quantity_rules":"no","combine_variations":"no","jetpack_sharing_enabled":true,"jetpack_likes_enabled":true,"_links":{"self":[{"href":"https:\/\/watchdeluxe.it\/fr\/wp-json\/wp\/v2\/product\/119320","targetHints":{"allow":["GET"]}}],"collection":[{"href":"https:\/\/watchdeluxe.it\/fr\/wp-json\/wp\/v2\/product"}],"about":[{"href":"https:\/\/watchdeluxe.it\/fr\/wp-json\/wp\/v2\/types\/product"}],"wp:featuredmedia":[{"embeddable":true,"href":"https:\/\/watchdeluxe.it\/fr\/wp-json\/wp\/v2\/media\/119315"}],"wp:attachment":[{"href":"https:\/\/watchdeluxe.it\/fr\/wp-json\/wp\/v2\/media?parent=119320"}],"wp:term":[{"taxonomy":"product_brand","embeddable":true,"href":"https:\/\/watchdeluxe.it\/fr\/wp-json\/wp\/v2\/product_brand?post=119320"},{"taxonomy":"product_cat","embeddable":true,"href":"https:\/\/watchdeluxe.it\/fr\/wp-json\/wp\/v2\/product_cat?post=119320"},{"taxonomy":"product_tag","embeddable":true,"href":"https:\/\/watchdeluxe.it\/fr\/wp-json\/wp\/v2\/product_tag?post=119320"},{"taxonomy":"berocket_brand","embeddable":true,"href":"https:\/\/watchdeluxe.it\/fr\/wp-json\/wp\/v2\/berocket_brand?post=119320"},{"taxonomy":"woo-feed-brand","embeddable":true,"href":"https:\/\/watchdeluxe.it\/fr\/wp-json\/wp\/v2\/woo-feed-brand?post=119320"}],"curies":[{"name":"wp","href":"https:\/\/api.w.org\/{rel}","templated":true}]}}