{"id":119155,"date":"2024-11-27T17:20:36","date_gmt":"2024-11-27T16:20:36","guid":{"rendered":"https:\/\/watchdeluxe.it\/prodotto\/zenith-skyline-chronographe-ref-03-9500-3600-51-i001\/"},"modified":"2026-04-09T09:47:08","modified_gmt":"2026-04-09T07:47:08","slug":"zenith-skyline-chronographe-ref-03-9500-3600-51-i001","status":"publish","type":"product","link":"https:\/\/watchdeluxe.it\/fr\/prodotto\/zenith-skyline-chronographe-ref-03-9500-3600-51-i001\/","title":{"rendered":"Zenith Skyline chronographe ref. 03.9500.3600\/51.I001"},"content":{"rendered":"<p>Zenith Skyline chronographe ref. 03.9500.3600\/51.I001<\/p>\n<p>FormeDe forme<br \/>\nDimension42 mm<br \/>\nMat\u00e9riau du bo\u00eetierAcier<br \/>\n\u00c9tanch\u00e9it\u00e9100 m<\/p>\n<p>Mouvement<\/p>\n<p>MouvementAutomatique<\/p>\n<p>Fonctions<\/p>\n<p>ComplicationChronographe<br \/>\nDateurDate<\/p>\n<p>Cadran<\/p>\n<p>CadranBLEU SOLEILL\u00c9<\/p>\n<p>Bracelet<\/p>\n<p>BraceletAcier<\/p>\n","protected":false},"excerpt":{"rendered":"<p>Zenith Skyline chronographe ref. 03.9500.3600\/51.I001 FormeDe forme Dimension42 mm Mat\u00e9riau du bo\u00eetierAcier \u00c9tanch\u00e9it\u00e9100 m Mouvement MouvementAutomatique Fonctions ComplicationChronographe DateurDate Cadran CadranBLEU SOLEILL\u00c9 Bracelet BraceletAcier<\/p>\n","protected":false},"featured_media":164541,"template":"","meta":{"_crdt_document":"","advanced_seo_description":"","jetpack_seo_html_title":"","jetpack_seo_noindex":false},"product_brand":[],"product_cat":[2433],"product_tag":[2596],"berocket_brand":[],"woo-feed-brand":[],"class_list":{"0":"post-119155","1":"product","2":"type-product","3":"status-publish","4":"has-post-thumbnail","6":"product_cat-zenith-fr","7":"product_tag-ligne-dhorizon","9":"first","10":"instock","11":"sale","12":"taxable","13":"shipping-taxable","14":"purchasable","15":"product-type-simple"},"bundled_by":[],"bundle_stock_status":"instock","bundle_stock_quantity":1,"bundle_virtual":false,"bundle_layout":"","bundle_add_to_cart_form_location":"","bundle_editable_in_cart":false,"bundle_sold_individually_context":"","bundle_item_grouping":"","bundle_min_size":"","bundle_max_size":"","bundle_price":[],"bundled_items":[],"bundle_sell_ids":[],"group_of_quantity":0,"min_quantity":0,"max_quantity":"","exclude_order_quantity_value_rules":"no","exclude_category_quantity_rules":"no","combine_variations":"no","jetpack_sharing_enabled":true,"jetpack_likes_enabled":true,"_links":{"self":[{"href":"https:\/\/watchdeluxe.it\/fr\/wp-json\/wp\/v2\/product\/119155","targetHints":{"allow":["GET"]}}],"collection":[{"href":"https:\/\/watchdeluxe.it\/fr\/wp-json\/wp\/v2\/product"}],"about":[{"href":"https:\/\/watchdeluxe.it\/fr\/wp-json\/wp\/v2\/types\/product"}],"wp:featuredmedia":[{"embeddable":true,"href":"https:\/\/watchdeluxe.it\/fr\/wp-json\/wp\/v2\/media\/164541"}],"wp:attachment":[{"href":"https:\/\/watchdeluxe.it\/fr\/wp-json\/wp\/v2\/media?parent=119155"}],"wp:term":[{"taxonomy":"product_brand","embeddable":true,"href":"https:\/\/watchdeluxe.it\/fr\/wp-json\/wp\/v2\/product_brand?post=119155"},{"taxonomy":"product_cat","embeddable":true,"href":"https:\/\/watchdeluxe.it\/fr\/wp-json\/wp\/v2\/product_cat?post=119155"},{"taxonomy":"product_tag","embeddable":true,"href":"https:\/\/watchdeluxe.it\/fr\/wp-json\/wp\/v2\/product_tag?post=119155"},{"taxonomy":"berocket_brand","embeddable":true,"href":"https:\/\/watchdeluxe.it\/fr\/wp-json\/wp\/v2\/berocket_brand?post=119155"},{"taxonomy":"woo-feed-brand","embeddable":true,"href":"https:\/\/watchdeluxe.it\/fr\/wp-json\/wp\/v2\/woo-feed-brand?post=119155"}],"curies":[{"name":"wp","href":"https:\/\/api.w.org\/{rel}","templated":true}]}}