{"id":117440,"date":"2025-08-06T11:06:23","date_gmt":"2025-08-06T09:06:23","guid":{"rendered":"https:\/\/watchdeluxe.it\/prodotto\/audemars-piguet-royal-oak-offshore-chronograph-volcano-ref-26170\/"},"modified":"2025-11-19T17:19:18","modified_gmt":"2025-11-19T16:19:18","slug":"audemars-piguet-royal-oak-offshore-chronograph-volcano-ref-26170","status":"publish","type":"product","link":"https:\/\/watchdeluxe.it\/fr\/prodotto\/audemars-piguet-royal-oak-offshore-chronograph-volcano-ref-26170\/","title":{"rendered":"Audemars Piguet Royal Oak Offshore Chronograph Volcano ref. 26170"},"content":{"rendered":"<p><span class=\"js-watch-notes word-break\">Audemars Piguet Royal oak offshore Volcano<br \/>\nref. 26170st.OO.D101CR.01   <\/span><\/p>\n<p>Bracelet en caoutchouc avec boucle d\u00e9ployante portant le logo AP<\/p>\n<p><span class=\"js-watch-notes word-break\">ann\u00e9e 2007<\/span><\/p>\n<p><span class=\"js-watch-notes word-break\">montre en excellent \u00e9tat,<br \/>\navec bo\u00eete, livrets et extrait de registre par Audemars Piguet<\/span><\/p>\n","protected":false},"excerpt":{"rendered":"<p>Audemars Piguet Royal oak offshore Volcano ref. 26170st.OO.D101CR.01 Bracelet en caoutchouc avec boucle d\u00e9ployante portant le logo AP ann\u00e9e 2007 montre en excellent \u00e9tat, avec bo\u00eete, livrets et extrait de registre par Audemars Piguet<\/p>\n","protected":false},"featured_media":117456,"template":"","meta":{"_crdt_document":"","advanced_seo_description":"","jetpack_seo_html_title":"","jetpack_seo_noindex":false},"product_brand":[],"product_cat":[5389],"product_tag":[4692],"berocket_brand":[],"woo-feed-brand":[],"class_list":{"0":"post-117440","1":"product","2":"type-product","3":"status-publish","4":"has-post-thumbnail","6":"product_cat-audemars-piguet","7":"product_tag-audemars-piguet-fr","9":"first","10":"instock","11":"taxable","12":"shipping-taxable","13":"purchasable","14":"product-type-simple"},"bundled_by":[],"bundle_stock_status":"instock","bundle_stock_quantity":null,"bundle_virtual":false,"bundle_layout":"","bundle_add_to_cart_form_location":"","bundle_editable_in_cart":false,"bundle_sold_individually_context":"","bundle_item_grouping":"","bundle_min_size":"","bundle_max_size":"","bundle_price":[],"bundled_items":[],"bundle_sell_ids":[],"group_of_quantity":0,"min_quantity":0,"max_quantity":"","exclude_order_quantity_value_rules":"no","exclude_category_quantity_rules":"no","combine_variations":"no","jetpack_sharing_enabled":true,"jetpack_likes_enabled":true,"_links":{"self":[{"href":"https:\/\/watchdeluxe.it\/fr\/wp-json\/wp\/v2\/product\/117440","targetHints":{"allow":["GET"]}}],"collection":[{"href":"https:\/\/watchdeluxe.it\/fr\/wp-json\/wp\/v2\/product"}],"about":[{"href":"https:\/\/watchdeluxe.it\/fr\/wp-json\/wp\/v2\/types\/product"}],"wp:featuredmedia":[{"embeddable":true,"href":"https:\/\/watchdeluxe.it\/fr\/wp-json\/wp\/v2\/media\/117456"}],"wp:attachment":[{"href":"https:\/\/watchdeluxe.it\/fr\/wp-json\/wp\/v2\/media?parent=117440"}],"wp:term":[{"taxonomy":"product_brand","embeddable":true,"href":"https:\/\/watchdeluxe.it\/fr\/wp-json\/wp\/v2\/product_brand?post=117440"},{"taxonomy":"product_cat","embeddable":true,"href":"https:\/\/watchdeluxe.it\/fr\/wp-json\/wp\/v2\/product_cat?post=117440"},{"taxonomy":"product_tag","embeddable":true,"href":"https:\/\/watchdeluxe.it\/fr\/wp-json\/wp\/v2\/product_tag?post=117440"},{"taxonomy":"berocket_brand","embeddable":true,"href":"https:\/\/watchdeluxe.it\/fr\/wp-json\/wp\/v2\/berocket_brand?post=117440"},{"taxonomy":"woo-feed-brand","embeddable":true,"href":"https:\/\/watchdeluxe.it\/fr\/wp-json\/wp\/v2\/woo-feed-brand?post=117440"}],"curies":[{"name":"wp","href":"https:\/\/api.w.org\/{rel}","templated":true}]}}