{"id":117213,"date":"2025-07-16T09:43:44","date_gmt":"2025-07-16T07:43:44","guid":{"rendered":"https:\/\/watchdeluxe.it\/prodotto\/montblanc-porte-cartes-5-compartiments-sartorial-ref-199388\/"},"modified":"2025-07-16T09:43:44","modified_gmt":"2025-07-16T07:43:44","slug":"montblanc-porte-cartes-5-compartiments-sartorial-ref-199388","status":"publish","type":"product","link":"https:\/\/watchdeluxe.it\/fr\/prodotto\/montblanc-porte-cartes-5-compartiments-sartorial-ref-199388\/","title":{"rendered":"Montblanc porte-cartes 5 compartiments sartorial ref. 199388"},"content":{"rendered":"<p>Montblanc porte-cartes 5 compartiments sartorial ref. 199388<\/p>\n<p>Ce porte-cartes en cuir fin imprim\u00e9 safran est un accessoire \u00e9l\u00e9gant pour la vie de tous les jours. Il peut contenir jusqu&#8217;\u00e0 quatre cartes de cr\u00e9dit et dispose d&#8217;un compartiment suppl\u00e9mentaire pour l&#8217;argent liquide, ce qui vous permet de toujours avoir l&#8217;essentiel sur vous. La face avant est orn\u00e9e de l&#8217;embl\u00e8me Montblanc.<\/p>\n<p>&nbsp;<\/p>\n<p>Dimensions : 110 x 5 x 70 mm<\/p>\n<p>Couleur : bicolore citron vert et cassis<\/p>\n","protected":false},"excerpt":{"rendered":"<p>Montblanc porte-cartes 5 compartiments sartorial ref. 199388 Ce porte-cartes en cuir fin imprim\u00e9 safran est un accessoire \u00e9l\u00e9gant pour la vie de tous les jours. Il peut contenir jusqu&#8217;\u00e0 quatre cartes de cr\u00e9dit et dispose d&#8217;un compartiment suppl\u00e9mentaire pour l&#8217;argent liquide, ce qui vous permet de toujours avoir l&#8217;essentiel sur vous. La face avant est [&hellip;]<\/p>\n","protected":false},"featured_media":117207,"template":"","meta":{"_crdt_document":"","advanced_seo_description":"","jetpack_seo_html_title":"","jetpack_seo_noindex":false},"product_brand":[1907],"product_cat":[2241],"product_tag":[2500],"berocket_brand":[],"woo-feed-brand":[],"class_list":{"0":"post-117213","1":"product","2":"type-product","3":"status-publish","4":"has-post-thumbnail","6":"product_brand-montblanc","7":"product_cat-montblanc-fr","8":"product_tag-porte-cartes","10":"first","11":"instock","12":"sale","13":"taxable","14":"shipping-taxable","15":"purchasable","16":"product-type-simple"},"bundled_by":[],"bundle_stock_status":"instock","bundle_stock_quantity":1,"bundle_virtual":false,"bundle_layout":"","bundle_add_to_cart_form_location":"","bundle_editable_in_cart":false,"bundle_sold_individually_context":"","bundle_item_grouping":"","bundle_min_size":"","bundle_max_size":"","bundle_price":[],"bundled_items":[],"bundle_sell_ids":[],"group_of_quantity":0,"min_quantity":0,"max_quantity":"","exclude_order_quantity_value_rules":"no","exclude_category_quantity_rules":"no","combine_variations":"no","jetpack_sharing_enabled":true,"jetpack_likes_enabled":true,"_links":{"self":[{"href":"https:\/\/watchdeluxe.it\/fr\/wp-json\/wp\/v2\/product\/117213","targetHints":{"allow":["GET"]}}],"collection":[{"href":"https:\/\/watchdeluxe.it\/fr\/wp-json\/wp\/v2\/product"}],"about":[{"href":"https:\/\/watchdeluxe.it\/fr\/wp-json\/wp\/v2\/types\/product"}],"wp:featuredmedia":[{"embeddable":true,"href":"https:\/\/watchdeluxe.it\/fr\/wp-json\/wp\/v2\/media\/117207"}],"wp:attachment":[{"href":"https:\/\/watchdeluxe.it\/fr\/wp-json\/wp\/v2\/media?parent=117213"}],"wp:term":[{"taxonomy":"product_brand","embeddable":true,"href":"https:\/\/watchdeluxe.it\/fr\/wp-json\/wp\/v2\/product_brand?post=117213"},{"taxonomy":"product_cat","embeddable":true,"href":"https:\/\/watchdeluxe.it\/fr\/wp-json\/wp\/v2\/product_cat?post=117213"},{"taxonomy":"product_tag","embeddable":true,"href":"https:\/\/watchdeluxe.it\/fr\/wp-json\/wp\/v2\/product_tag?post=117213"},{"taxonomy":"berocket_brand","embeddable":true,"href":"https:\/\/watchdeluxe.it\/fr\/wp-json\/wp\/v2\/berocket_brand?post=117213"},{"taxonomy":"woo-feed-brand","embeddable":true,"href":"https:\/\/watchdeluxe.it\/fr\/wp-json\/wp\/v2\/woo-feed-brand?post=117213"}],"curies":[{"name":"wp","href":"https:\/\/api.w.org\/{rel}","templated":true}]}}