{"id":116854,"date":"2025-07-15T17:12:20","date_gmt":"2025-07-15T15:12:20","guid":{"rendered":"https:\/\/watchdeluxe.it\/prodotto\/montblanc-legrand-meisterstuck-le-tour-du-monde-en-80-jours-stylo-plume-ref-132875\/"},"modified":"2026-01-16T15:39:25","modified_gmt":"2026-01-16T14:39:25","slug":"montblanc-legrand-meisterstuck-le-tour-du-monde-en-80-jours-stylo-plume-ref-132875","status":"publish","type":"product","link":"https:\/\/watchdeluxe.it\/fr\/prodotto\/montblanc-legrand-meisterstuck-le-tour-du-monde-en-80-jours-stylo-plume-ref-132875\/","title":{"rendered":"Montblanc LeGrand Meisterst\u00fcck Le tour du monde en 80 jours Stylo Plume ref. 132875"},"content":{"rendered":"<p>Montblanc LeGrand Meisterst\u00fcck Le tour du monde en 80 jours Stylo Plume ref. 132875<\/p>\n<p>Collection : Meisterst\u00fcck.<br \/>\nSyst\u00e8me d&#8217;\u00e9criture : Stylo-plume.<br \/>\nPlume : Plume en or 14 carats faite \u00e0 la main et grav\u00e9e du 14\/11, en hommage \u00e0 la date du d\u00e9part de Fogg de Yokohama, et du 21\/12, date de son retour au club londonien pour gagner le pari selon son plan ambitieux. Il est \u00e9galement d\u00e9cor\u00e9 d&#8217;une repr\u00e9sentation d&#8217;une montgolfi\u00e8re, en r\u00e9f\u00e9rence au premier roman d&#8217;aventures de Jules Verne. (M)<br \/>\nClip : Le clip, fini en platine, repr\u00e9sente l&#8217;as de c\u0153ur laqu\u00e9 rouge, symbole de l&#8217;union de Phileas Fogg et de la princesse Auda.<br \/>\nCorps : Corps en r\u00e9sine pr\u00e9cieuse bleu fonc\u00e9<br \/>\nCapuchon : Capuchon en r\u00e9sine pr\u00e9cieuse bleu fonc\u00e9 avec une \u00e9l\u00e9gante tra\u00eene grav\u00e9e au laser. Le sommet de la casquette porte une chronologie en relief du voyage : 36 jours de Yokohoma \u00e0 Londres, pour un total de 80 jours autour du monde. Le design de la casquette immortalise les soupapes de pression et la fum\u00e9e de la locomotive.<br \/>\nCouleur : bleu fonc\u00e9<br \/>\nDimensions : 146,1 mm x 17,8 mm.<br \/>\nPoids : 29,89 g<\/p>\n","protected":false},"excerpt":{"rendered":"<p>Montblanc LeGrand Meisterst\u00fcck Le tour du monde en 80 jours Stylo Plume ref. 132875 Collection : Meisterst\u00fcck. Syst\u00e8me d&#8217;\u00e9criture : Stylo-plume. Plume : Plume en or 14 carats faite \u00e0 la main et grav\u00e9e du 14\/11, en hommage \u00e0 la date du d\u00e9part de Fogg de Yokohama, et du 21\/12, date de son retour au [&hellip;]<\/p>\n","protected":false},"featured_media":116842,"template":"","meta":{"_crdt_document":"","advanced_seo_description":"","jetpack_seo_html_title":"","jetpack_seo_noindex":false},"product_brand":[],"product_cat":[2241],"product_tag":[2252],"berocket_brand":[],"woo-feed-brand":[],"class_list":{"0":"post-116854","1":"product","2":"type-product","3":"status-publish","4":"has-post-thumbnail","6":"product_cat-montblanc-fr","7":"product_tag-stylos","9":"first","10":"instock","11":"sale","12":"taxable","13":"shipping-taxable","14":"purchasable","15":"product-type-simple"},"bundled_by":[],"bundle_stock_status":"instock","bundle_stock_quantity":1,"bundle_virtual":false,"bundle_layout":"","bundle_add_to_cart_form_location":"","bundle_editable_in_cart":false,"bundle_sold_individually_context":"","bundle_item_grouping":"","bundle_min_size":"","bundle_max_size":"","bundle_price":[],"bundled_items":[],"bundle_sell_ids":[],"group_of_quantity":0,"min_quantity":0,"max_quantity":"","exclude_order_quantity_value_rules":"no","exclude_category_quantity_rules":"no","combine_variations":"no","jetpack_sharing_enabled":true,"jetpack_likes_enabled":true,"_links":{"self":[{"href":"https:\/\/watchdeluxe.it\/fr\/wp-json\/wp\/v2\/product\/116854","targetHints":{"allow":["GET"]}}],"collection":[{"href":"https:\/\/watchdeluxe.it\/fr\/wp-json\/wp\/v2\/product"}],"about":[{"href":"https:\/\/watchdeluxe.it\/fr\/wp-json\/wp\/v2\/types\/product"}],"wp:featuredmedia":[{"embeddable":true,"href":"https:\/\/watchdeluxe.it\/fr\/wp-json\/wp\/v2\/media\/116842"}],"wp:attachment":[{"href":"https:\/\/watchdeluxe.it\/fr\/wp-json\/wp\/v2\/media?parent=116854"}],"wp:term":[{"taxonomy":"product_brand","embeddable":true,"href":"https:\/\/watchdeluxe.it\/fr\/wp-json\/wp\/v2\/product_brand?post=116854"},{"taxonomy":"product_cat","embeddable":true,"href":"https:\/\/watchdeluxe.it\/fr\/wp-json\/wp\/v2\/product_cat?post=116854"},{"taxonomy":"product_tag","embeddable":true,"href":"https:\/\/watchdeluxe.it\/fr\/wp-json\/wp\/v2\/product_tag?post=116854"},{"taxonomy":"berocket_brand","embeddable":true,"href":"https:\/\/watchdeluxe.it\/fr\/wp-json\/wp\/v2\/berocket_brand?post=116854"},{"taxonomy":"woo-feed-brand","embeddable":true,"href":"https:\/\/watchdeluxe.it\/fr\/wp-json\/wp\/v2\/woo-feed-brand?post=116854"}],"curies":[{"name":"wp","href":"https:\/\/api.w.org\/{rel}","templated":true}]}}