{"id":116802,"date":"2025-07-15T16:56:50","date_gmt":"2025-07-15T14:56:50","guid":{"rendered":"https:\/\/watchdeluxe.it\/prodotto\/montblanc-heritage-stylo-a-bille-rouge-et-noir-baby-special-edition-coral-ref-127858\/"},"modified":"2026-01-16T15:41:23","modified_gmt":"2026-01-16T14:41:23","slug":"montblanc-heritage-stylo-a-bille-rouge-et-noir-baby-special-edition-coral-ref-127858","status":"publish","type":"product","link":"https:\/\/watchdeluxe.it\/fr\/prodotto\/montblanc-heritage-stylo-a-bille-rouge-et-noir-baby-special-edition-coral-ref-127858\/","title":{"rendered":"Montblanc Heritage Stylo \u00e0 bille Rouge et Noir Baby Special Edition Coral ref. 127858"},"content":{"rendered":"<p>Montblanc Heritage Stylo \u00e0 bille Rouge et Noir Baby Special Edition Coral ref. 127858<\/p>\n<ul>\n<li>Syst\u00e8me d&#8217;\u00e9criture : Stylo \u00e0 bille<\/li>\n<li>Clip : Absent<\/li>\n<li>Couleur : Corail<\/li>\n<li>Dimensions : 99 x 9,6 mm<\/li>\n<li>Poids : 24,88 g<\/li>\n<\/ul>\n","protected":false},"excerpt":{"rendered":"<p>Montblanc Heritage Stylo \u00e0 bille Rouge et Noir Baby Special Edition Coral ref. 127858 Syst\u00e8me d&#8217;\u00e9criture : Stylo \u00e0 bille Clip : Absent Couleur : Corail Dimensions : 99 x 9,6 mm Poids : 24,88 g<\/p>\n","protected":false},"featured_media":116790,"template":"","meta":{"_crdt_document":"","advanced_seo_description":"","jetpack_seo_html_title":"","jetpack_seo_noindex":false},"product_brand":[],"product_cat":[2241],"product_tag":[2252],"berocket_brand":[],"woo-feed-brand":[],"class_list":{"0":"post-116802","1":"product","2":"type-product","3":"status-publish","4":"has-post-thumbnail","6":"product_cat-montblanc-fr","7":"product_tag-stylos","9":"first","10":"instock","11":"sale","12":"taxable","13":"shipping-taxable","14":"purchasable","15":"product-type-simple"},"bundled_by":[],"bundle_stock_status":"instock","bundle_stock_quantity":1,"bundle_virtual":false,"bundle_layout":"","bundle_add_to_cart_form_location":"","bundle_editable_in_cart":false,"bundle_sold_individually_context":"","bundle_item_grouping":"","bundle_min_size":"","bundle_max_size":"","bundle_price":[],"bundled_items":[],"bundle_sell_ids":[],"group_of_quantity":0,"min_quantity":0,"max_quantity":"","exclude_order_quantity_value_rules":"no","exclude_category_quantity_rules":"no","combine_variations":"no","jetpack_sharing_enabled":true,"jetpack_likes_enabled":true,"_links":{"self":[{"href":"https:\/\/watchdeluxe.it\/fr\/wp-json\/wp\/v2\/product\/116802","targetHints":{"allow":["GET"]}}],"collection":[{"href":"https:\/\/watchdeluxe.it\/fr\/wp-json\/wp\/v2\/product"}],"about":[{"href":"https:\/\/watchdeluxe.it\/fr\/wp-json\/wp\/v2\/types\/product"}],"wp:featuredmedia":[{"embeddable":true,"href":"https:\/\/watchdeluxe.it\/fr\/wp-json\/wp\/v2\/media\/116790"}],"wp:attachment":[{"href":"https:\/\/watchdeluxe.it\/fr\/wp-json\/wp\/v2\/media?parent=116802"}],"wp:term":[{"taxonomy":"product_brand","embeddable":true,"href":"https:\/\/watchdeluxe.it\/fr\/wp-json\/wp\/v2\/product_brand?post=116802"},{"taxonomy":"product_cat","embeddable":true,"href":"https:\/\/watchdeluxe.it\/fr\/wp-json\/wp\/v2\/product_cat?post=116802"},{"taxonomy":"product_tag","embeddable":true,"href":"https:\/\/watchdeluxe.it\/fr\/wp-json\/wp\/v2\/product_tag?post=116802"},{"taxonomy":"berocket_brand","embeddable":true,"href":"https:\/\/watchdeluxe.it\/fr\/wp-json\/wp\/v2\/berocket_brand?post=116802"},{"taxonomy":"woo-feed-brand","embeddable":true,"href":"https:\/\/watchdeluxe.it\/fr\/wp-json\/wp\/v2\/woo-feed-brand?post=116802"}],"curies":[{"name":"wp","href":"https:\/\/api.w.org\/{rel}","templated":true}]}}