{"id":116280,"date":"2025-07-14T16:11:00","date_gmt":"2025-07-14T14:11:00","guid":{"rendered":"https:\/\/watchdeluxe.it\/prodotto\/longines-mini-dolcevita-ref-l52005707\/"},"modified":"2025-07-14T16:11:00","modified_gmt":"2025-07-14T14:11:00","slug":"longines-mini-dolcevita-ref-l52005707","status":"publish","type":"product","link":"https:\/\/watchdeluxe.it\/fr\/prodotto\/longines-mini-dolcevita-ref-l52005707\/","title":{"rendered":"Longines Mini Dolcevita r\u00e9f. L52005707"},"content":{"rendered":"<p>Longines Mini Dolcevita r\u00e9f. L52005707<\/p>\n<div class=\"MuiCollapse-root MuiCollapse-vertical MuiCollapse-entered css-c4sutr\">\n<div class=\"MuiCollapse-wrapper MuiCollapse-vertical css-hboir5\">\n<div class=\"MuiCollapse-wrapperInner MuiCollapse-vertical css-8atqhb\">\n<div id=\"case-content\" class=\"MuiAccordion-region\" role=\"region\" aria-labelledby=\"case-header\">\n<div class=\"MuiAccordionDetails-root Accordion_Accordion__Details__445Ts Accordion_Accordion__Details_noSep__bF42b css-1tco0e8\">\n<ul class=\"ProductPageData_List__zkFdZ\">\n<li class=\"ProductPageData_Item__oMdBV\" data-code=\"case_shape\">\n<h3 class=\"MuiTypography-root MuiTypography-label Typography_Container__MrWZd css-jfub8h\" aria-hidden=\"false\">Formulaire<\/h3>\n<div class=\"MuiTypography-root MuiTypography-body1 Typography_Container__MrWZd Typography_Color_mediumGrey___tE24 css-1j2upu4\" aria-hidden=\"false\"><span class=\"MuiTypography-root MuiTypography-label Typography_Container__MrWZd css-1br7w99\">Rectangulaire<\/span><\/div>\n<\/li>\n<li class=\"ProductPageData_Item__oMdBV\" data-code=\"case_material\">\n<h3 class=\"MuiTypography-root MuiTypography-label Typography_Container__MrWZd css-jfub8h\" aria-hidden=\"false\">Mat\u00e9riau<\/h3>\n<div class=\"MuiTypography-root MuiTypography-body1 Typography_Container__MrWZd Typography_Color_mediumGrey___tE24 css-1j2upu4\" aria-hidden=\"false\"><span class=\"MuiTypography-root MuiTypography-label Typography_Container__MrWZd css-1br7w99\">Acier inoxydable avec couronne en or jaune 18 carats<\/span><\/div>\n<\/li>\n<li class=\"ProductPageData_Item__oMdBV\" data-code=\"case_glass\">\n<h3 class=\"MuiTypography-root MuiTypography-label Typography_Container__MrWZd css-jfub8h\" aria-hidden=\"false\">Verre<\/h3>\n<div class=\"MuiTypography-root MuiTypography-body1 Typography_Container__MrWZd Typography_Color_mediumGrey___tE24 css-1j2upu4\" aria-hidden=\"false\"><span class=\"MuiTypography-root MuiTypography-label Typography_Container__MrWZd css-1br7w99\">Verre saphir inrayable avec traitement antireflet multicouche sur les deux faces<\/span><\/div>\n<\/li>\n<li class=\"ProductPageData_Item__oMdBV\" data-code=\"case_dimension\">\n<h3 class=\"MuiTypography-root MuiTypography-label Typography_Container__MrWZd css-jfub8h\" aria-hidden=\"false\">Dimensions<\/h3>\n<div class=\"MuiTypography-root MuiTypography-body1 Typography_Container__MrWZd Typography_Color_mediumGrey___tE24 css-1j2upu4\" aria-hidden=\"false\"><span class=\"MuiTypography-root MuiTypography-label Typography_Container__MrWZd css-1br7w99\">21,50 X 29,00 mm<\/span><\/div>\n<\/li>\n<li class=\"ProductPageData_Item__oMdBV\" data-code=\"case_lug_distance\">\n<h3 class=\"MuiTypography-root MuiTypography-label Typography_Container__MrWZd css-jfub8h\" aria-hidden=\"false\">Distance entre les boucles<\/h3>\n<div class=\"MuiTypography-root MuiTypography-body1 Typography_Container__MrWZd Typography_Color_mediumGrey___tE24 css-1j2upu4\" aria-hidden=\"false\"><span class=\"MuiTypography-root MuiTypography-label Typography_Container__MrWZd css-1br7w99\">16 mm<\/span><\/div>\n<\/li>\n<li class=\"ProductPageData_Item__oMdBV\" data-code=\"case_lug_to_lug\">\n<h3 class=\"MuiTypography-root MuiTypography-label Typography_Container__MrWZd css-jfub8h\" aria-hidden=\"false\">De l&#8217;anse \u00e0 l&#8217;anse<\/h3>\n<div class=\"MuiTypography-root MuiTypography-body1 Typography_Container__MrWZd Typography_Color_mediumGrey___tE24 css-1j2upu4\" aria-hidden=\"false\"><span class=\"MuiTypography-root MuiTypography-label Typography_Container__MrWZd css-1br7w99\">29,00 mm<\/span><\/div>\n<\/li>\n<li class=\"ProductPageData_Item__oMdBV\" data-code=\"case_thickness\">\n<h3 class=\"MuiTypography-root MuiTypography-label Typography_Container__MrWZd css-jfub8h\" aria-hidden=\"false\">\u00c9paisseur<\/h3>\n<div class=\"MuiTypography-root MuiTypography-body1 Typography_Container__MrWZd Typography_Color_mediumGrey___tE24 css-1j2upu4\" aria-hidden=\"false\"><span class=\"MuiTypography-root MuiTypography-label Typography_Container__MrWZd css-1br7w99\">6,75 mm<\/span><\/div>\n<\/li>\n<li class=\"ProductPageData_Item__oMdBV\" data-code=\"case_water_resistance\">\n<h3 class=\"MuiTypography-root MuiTypography-label Typography_Container__MrWZd css-jfub8h\" aria-hidden=\"false\">Imperm\u00e9able \u00e0 l&#8217;eau<\/h3>\n<div class=\"MuiTypography-root MuiTypography-body1 Typography_Container__MrWZd Typography_Color_mediumGrey___tE24 css-1j2upu4\" aria-hidden=\"false\"><span class=\"MuiTypography-root MuiTypography-label Typography_Container__MrWZd css-1br7w99\">\u00c9tanch\u00e9it\u00e9 jusqu&#8217;\u00e0 3 bars<\/span><\/div>\n<\/li>\n<li class=\"ProductPageData_Item__oMdBV\" data-code=\"case_weight\">\n<h3 class=\"MuiTypography-root MuiTypography-label Typography_Container__MrWZd css-jfub8h\" aria-hidden=\"false\">Poids<\/h3>\n<div class=\"MuiTypography-root MuiTypography-body1 Typography_Container__MrWZd Typography_Color_mediumGrey___tE24 css-1j2upu4\" aria-hidden=\"false\"><span class=\"MuiTypography-root MuiTypography-label Typography_Container__MrWZd css-1br7w99\">65.0 g<\/span><\/div>\n<\/li>\n<li data-code=\"case_weight\">\n<div class=\"MuiCollapse-root MuiCollapse-vertical MuiCollapse-entered css-c4sutr\">\n<div class=\"MuiCollapse-wrapper MuiCollapse-vertical css-hboir5\">\n<div class=\"MuiCollapse-wrapperInner MuiCollapse-vertical css-8atqhb\">\n<div id=\"movementAndFunctions-content\" class=\"MuiAccordion-region\" role=\"region\" aria-labelledby=\"movementAndFunctions-header\">\n<div class=\"MuiAccordionDetails-root Accordion_Accordion__Details__445Ts Accordion_Accordion__Details_noSep__bF42b css-1tco0e8\">\n<ul class=\"ProductPageData_List__zkFdZ\">\n<li class=\"ProductPageData_Item__oMdBV\" data-code=\"mvt_fct_type\">\n<h3 class=\"MuiTypography-root MuiTypography-label Typography_Container__MrWZd css-jfub8h\" aria-hidden=\"false\">Type de mouvement<\/h3>\n<div class=\"MuiTypography-root MuiTypography-body1 Typography_Container__MrWZd Typography_Color_mediumGrey___tE24 css-1j2upu4\" aria-hidden=\"false\"><span class=\"MuiTypography-root MuiTypography-label Typography_Container__MrWZd css-1br7w99\">Quartz<\/span><\/div>\n<\/li>\n<li class=\"ProductPageData_Item__oMdBV\" data-code=\"mvt_fct_functions\">\n<h3 class=\"MuiTypography-root MuiTypography-label Typography_Container__MrWZd css-jfub8h\" aria-hidden=\"false\">Fonction<\/h3>\n<div class=\"MuiTypography-root MuiTypography-body1 Typography_Container__MrWZd Typography_Color_mediumGrey___tE24 css-1j2upu4\" aria-hidden=\"false\"><span class=\"MuiTypography-root MuiTypography-label Typography_Container__MrWZd css-1br7w99\">Heures, minutes et petite seconde \u00e0 6 heures<\/span><\/div>\n<\/li>\n<li class=\"ProductPageData_Item__oMdBV\" data-code=\"mvt_fct_calibre_name\">\n<h3 class=\"MuiTypography-root MuiTypography-label Typography_Container__MrWZd css-jfub8h\" aria-hidden=\"false\">Calibre<\/h3>\n<div class=\"MuiTypography-root MuiTypography-body1 Typography_Container__MrWZd Typography_Color_mediumGrey___tE24 css-1j2upu4\" aria-hidden=\"false\"><span class=\"MuiTypography-root MuiTypography-label Typography_Container__MrWZd css-1br7w99\">L178<\/span><\/div>\n<\/li>\n<li class=\"ProductPageData_Item__oMdBV\" data-code=\"mvt_fct_battery_reference\">\n<h3 class=\"MuiTypography-root MuiTypography-label Typography_Container__MrWZd css-jfub8h\" aria-hidden=\"false\">Pile<\/h3>\n<div class=\"MuiTypography-root MuiTypography-body1 Typography_Container__MrWZd Typography_Color_mediumGrey___tE24 css-1j2upu4\" aria-hidden=\"false\"><span class=\"MuiTypography-root MuiTypography-label Typography_Container__MrWZd css-1br7w99\">RENATA 379<\/span><\/div>\n<\/li>\n<li class=\"ProductPageData_Item__oMdBV\" data-code=\"mvt_fct_special\">\n<h3 class=\"MuiTypography-root MuiTypography-label Typography_Container__MrWZd css-jfub8h\" aria-hidden=\"false\">Fonction sp\u00e9ciale<\/h3>\n<div class=\"MuiTypography-root MuiTypography-body1 Typography_Container__MrWZd Typography_Color_mediumGrey___tE24 css-1j2upu4\" aria-hidden=\"false\"><span class=\"MuiTypography-root MuiTypography-label Typography_Container__MrWZd css-1br7w99\">E.O.L.<\/span><\/div>\n<\/li>\n<\/ul>\n<\/div>\n<\/div>\n<\/div>\n<\/div>\n<\/div>\n<\/li>\n<\/ul>\n<\/div>\n<\/div>\n<\/div>\n<\/div>\n<\/div>\n","protected":false},"excerpt":{"rendered":"<p>Longines Mini Dolcevita r\u00e9f. L52005707 Formulaire Rectangulaire Mat\u00e9riau Acier inoxydable avec couronne en or jaune 18 carats Verre Verre saphir inrayable avec traitement antireflet multicouche sur les deux faces Dimensions 21,50 X 29,00 mm Distance entre les boucles 16 mm De l&#8217;anse \u00e0 l&#8217;anse 29,00 mm \u00c9paisseur 6,75 mm Imperm\u00e9able \u00e0 l&#8217;eau \u00c9tanch\u00e9it\u00e9 jusqu&#8217;\u00e0 3 [&hellip;]<\/p>\n","protected":false},"featured_media":116274,"template":"","meta":{"_crdt_document":"","advanced_seo_description":"","jetpack_seo_html_title":"","jetpack_seo_noindex":false},"product_brand":[2151],"product_cat":[1923],"product_tag":[3205],"berocket_brand":[],"woo-feed-brand":[],"class_list":{"0":"post-116280","1":"product","2":"type-product","3":"status-publish","4":"has-post-thumbnail","6":"product_brand-longines","7":"product_cat-longines","8":"product_tag-col-roule","10":"first","11":"instock","12":"sale","13":"taxable","14":"shipping-taxable","15":"purchasable","16":"product-type-simple"},"bundled_by":[],"bundle_stock_status":"instock","bundle_stock_quantity":1,"bundle_virtual":false,"bundle_layout":"","bundle_add_to_cart_form_location":"","bundle_editable_in_cart":false,"bundle_sold_individually_context":"","bundle_item_grouping":"","bundle_min_size":"","bundle_max_size":"","bundle_price":[],"bundled_items":[],"bundle_sell_ids":[],"group_of_quantity":0,"min_quantity":0,"max_quantity":"","exclude_order_quantity_value_rules":"no","exclude_category_quantity_rules":"no","combine_variations":"no","jetpack_sharing_enabled":true,"jetpack_likes_enabled":true,"_links":{"self":[{"href":"https:\/\/watchdeluxe.it\/fr\/wp-json\/wp\/v2\/product\/116280","targetHints":{"allow":["GET"]}}],"collection":[{"href":"https:\/\/watchdeluxe.it\/fr\/wp-json\/wp\/v2\/product"}],"about":[{"href":"https:\/\/watchdeluxe.it\/fr\/wp-json\/wp\/v2\/types\/product"}],"wp:featuredmedia":[{"embeddable":true,"href":"https:\/\/watchdeluxe.it\/fr\/wp-json\/wp\/v2\/media\/116274"}],"wp:attachment":[{"href":"https:\/\/watchdeluxe.it\/fr\/wp-json\/wp\/v2\/media?parent=116280"}],"wp:term":[{"taxonomy":"product_brand","embeddable":true,"href":"https:\/\/watchdeluxe.it\/fr\/wp-json\/wp\/v2\/product_brand?post=116280"},{"taxonomy":"product_cat","embeddable":true,"href":"https:\/\/watchdeluxe.it\/fr\/wp-json\/wp\/v2\/product_cat?post=116280"},{"taxonomy":"product_tag","embeddable":true,"href":"https:\/\/watchdeluxe.it\/fr\/wp-json\/wp\/v2\/product_tag?post=116280"},{"taxonomy":"berocket_brand","embeddable":true,"href":"https:\/\/watchdeluxe.it\/fr\/wp-json\/wp\/v2\/berocket_brand?post=116280"},{"taxonomy":"woo-feed-brand","embeddable":true,"href":"https:\/\/watchdeluxe.it\/fr\/wp-json\/wp\/v2\/woo-feed-brand?post=116280"}],"curies":[{"name":"wp","href":"https:\/\/api.w.org\/{rel}","templated":true}]}}