{"id":116170,"date":"2025-07-14T15:22:26","date_gmt":"2025-07-14T13:22:26","guid":{"rendered":"https:\/\/watchdeluxe.it\/prodotto\/mido-multifort-tv-big-date-ref-m0495263704100\/"},"modified":"2025-07-14T15:22:26","modified_gmt":"2025-07-14T13:22:26","slug":"mido-multifort-tv-big-date-ref-m0495263704100","status":"publish","type":"product","link":"https:\/\/watchdeluxe.it\/fr\/prodotto\/mido-multifort-tv-big-date-ref-m0495263704100\/","title":{"rendered":"Mido Multifort Tv Big date ref. M0495263704100"},"content":{"rendered":"<p>Mido Multifort Tv Big date ref. M0495263704100<\/p>\n<p>Bo\u00eetier : acier inoxydable, diam\u00e8tre de 40 mm, \u00e9paisseur de 11,5 mm<\/p>\n<p>Cadran : Bleu avec fondu au noir, index appliqu\u00e9s avec mati\u00e8re luminescente<\/p>\n<p>Date : Grande date \u00e0 12 heures<\/p>\n<p>Verre : Saphir avec traitement antireflet int\u00e9rieur et ext\u00e9rieur<\/p>\n<p>Dos : transparent avec mouvement visible<\/p>\n<p>Couronne : Vis<\/p>\n<p>Mouvement : automatique Mido bas\u00e9 sur ETA, r\u00e9serve de marche jusqu&#8217;\u00e0 80 heures<\/p>\n<p>Bracelet : tissu et cuir \u00e0 l&#8217;int\u00e9rieur bleu avec attache de 22 mm<\/p>\n<p>R\u00e9sistance \u00e0 l&#8217;eau : 10 ATM (100 m\u00e8tres)<\/p>\n","protected":false},"excerpt":{"rendered":"<p>Mido Multifort Tv Big date ref. M0495263704100 Bo\u00eetier : acier inoxydable, diam\u00e8tre de 40 mm, \u00e9paisseur de 11,5 mm Cadran : Bleu avec fondu au noir, index appliqu\u00e9s avec mati\u00e8re luminescente Date : Grande date \u00e0 12 heures Verre : Saphir avec traitement antireflet int\u00e9rieur et ext\u00e9rieur Dos : transparent avec mouvement visible Couronne : [&hellip;]<\/p>\n","protected":false},"featured_media":116165,"template":"","meta":{"_crdt_document":"","advanced_seo_description":"","jetpack_seo_html_title":"","jetpack_seo_noindex":false},"product_brand":[2153],"product_cat":[2941],"product_tag":[2943],"berocket_brand":[],"woo-feed-brand":[],"class_list":{"0":"post-116170","1":"product","2":"type-product","3":"status-publish","4":"has-post-thumbnail","6":"product_brand-mido","7":"product_cat-mido-fr","8":"product_tag-multifort-fr","10":"first","11":"instock","12":"sale","13":"taxable","14":"shipping-taxable","15":"purchasable","16":"product-type-simple"},"bundled_by":[],"bundle_stock_status":"instock","bundle_stock_quantity":1,"bundle_virtual":false,"bundle_layout":"","bundle_add_to_cart_form_location":"","bundle_editable_in_cart":false,"bundle_sold_individually_context":"","bundle_item_grouping":"","bundle_min_size":"","bundle_max_size":"","bundle_price":[],"bundled_items":[],"bundle_sell_ids":[],"group_of_quantity":0,"min_quantity":0,"max_quantity":"","exclude_order_quantity_value_rules":"no","exclude_category_quantity_rules":"no","combine_variations":"no","jetpack_sharing_enabled":true,"jetpack_likes_enabled":true,"_links":{"self":[{"href":"https:\/\/watchdeluxe.it\/fr\/wp-json\/wp\/v2\/product\/116170","targetHints":{"allow":["GET"]}}],"collection":[{"href":"https:\/\/watchdeluxe.it\/fr\/wp-json\/wp\/v2\/product"}],"about":[{"href":"https:\/\/watchdeluxe.it\/fr\/wp-json\/wp\/v2\/types\/product"}],"wp:featuredmedia":[{"embeddable":true,"href":"https:\/\/watchdeluxe.it\/fr\/wp-json\/wp\/v2\/media\/116165"}],"wp:attachment":[{"href":"https:\/\/watchdeluxe.it\/fr\/wp-json\/wp\/v2\/media?parent=116170"}],"wp:term":[{"taxonomy":"product_brand","embeddable":true,"href":"https:\/\/watchdeluxe.it\/fr\/wp-json\/wp\/v2\/product_brand?post=116170"},{"taxonomy":"product_cat","embeddable":true,"href":"https:\/\/watchdeluxe.it\/fr\/wp-json\/wp\/v2\/product_cat?post=116170"},{"taxonomy":"product_tag","embeddable":true,"href":"https:\/\/watchdeluxe.it\/fr\/wp-json\/wp\/v2\/product_tag?post=116170"},{"taxonomy":"berocket_brand","embeddable":true,"href":"https:\/\/watchdeluxe.it\/fr\/wp-json\/wp\/v2\/berocket_brand?post=116170"},{"taxonomy":"woo-feed-brand","embeddable":true,"href":"https:\/\/watchdeluxe.it\/fr\/wp-json\/wp\/v2\/woo-feed-brand?post=116170"}],"curies":[{"name":"wp","href":"https:\/\/api.w.org\/{rel}","templated":true}]}}