{"id":116018,"date":"2025-07-14T09:46:49","date_gmt":"2025-07-14T07:46:49","guid":{"rendered":"https:\/\/watchdeluxe.it\/prodotto\/hublot-classic-fusion-racing-gris-titane-et-diamants-ref-581-nx-7071-rx-1104\/"},"modified":"2026-04-14T12:56:59","modified_gmt":"2026-04-14T10:56:59","slug":"hublot-classic-fusion-racing-gris-titane-et-diamants-ref-581-nx-7071-rx-1104","status":"publish","type":"product","link":"https:\/\/watchdeluxe.it\/fr\/prodotto\/hublot-classic-fusion-racing-gris-titane-et-diamants-ref-581-nx-7071-rx-1104\/","title":{"rendered":"Hublot classic fusion racing gris titane et diamants r\u00e9f. 581.NX.7071.RX.1104"},"content":{"rendered":"<p>Hublot Classic Fusion Racing gris Titane et diamants r\u00e9f. 581.NX.7071.RX.1104<\/p>\n<div class=\"row\">\n<div class=\"col-5 col-lg-4\">Collection<\/div>\n<div class=\"col-7 col-lg-8\">FUSION CLASSIQUE<\/div>\n<\/div>\n<div class=\"row\">\n<div class=\"col-5 col-lg-4\">Type<\/div>\n<div class=\"col-7 col-lg-8\">Seul le temps<\/div>\n<\/div>\n<div class=\"row\">\n<div class=\"col-5 col-lg-4\">Mouvement<\/div>\n<div class=\"col-7 col-lg-8\">Quartz<\/div>\n<\/div>\n<div class=\"row\">\n<div class=\"col-5 col-lg-4\">Dimensions de l&#8217;\u00e9tui<\/div>\n<div class=\"col-7 col-lg-8\">\u00d8 33 MM<\/div>\n<\/div>\n<div class=\"row\">\n<div class=\"col-5 col-lg-4\">Mat\u00e9riau<\/div>\n<div class=\"col-7 col-lg-8\">Titane<\/div>\n<\/div>\n<div class=\"row\">\n<div class=\"col-5 col-lg-4\">Courroie<\/div>\n<div class=\"col-7 col-lg-8\">Caoutchouc<\/div>\n<\/div>\n<div class=\"row\">\n<div class=\"col-5 col-lg-4\">Imperm\u00e9able \u00e0 l&#8217;eau<\/div>\n<div class=\"col-7 col-lg-8\">5 ATM<\/div>\n<\/div>\n<div class=\"row\">\n<div class=\"col-5 col-lg-4\">Cadran<\/div>\n<div class=\"col-7 col-lg-8\">Gris<\/div>\n<\/div>\n<div class=\"row\">\n<div class=\"col-5 col-lg-4\">Verre<\/div>\n<div class=\"col-7 col-lg-8\">Saphir<\/div>\n<\/div>\n<div class=\"row\">\n<div class=\"col-5 col-lg-4\">Fermeture<\/div>\n<div class=\"col-7 col-lg-8\">D\u00e9ployeur<\/div>\n<\/div>\n","protected":false},"excerpt":{"rendered":"<p>Hublot Classic Fusion Racing gris Titane et diamants r\u00e9f. 581.NX.7071.RX.1104 Collection FUSION CLASSIQUE Type Seul le temps Mouvement Quartz Dimensions de l&#8217;\u00e9tui \u00d8 33 MM Mat\u00e9riau Titane Courroie Caoutchouc Imperm\u00e9able \u00e0 l&#8217;eau 5 ATM Cadran Gris Verre Saphir Fermeture D\u00e9ployeur<\/p>\n","protected":false},"featured_media":116011,"template":"","meta":{"_crdt_document":"","advanced_seo_description":"","jetpack_seo_html_title":"","jetpack_seo_noindex":false},"product_brand":[],"product_cat":[2223],"product_tag":[2227],"berocket_brand":[],"woo-feed-brand":[],"class_list":{"0":"post-116018","1":"product","2":"type-product","3":"status-publish","4":"has-post-thumbnail","6":"product_cat-hublot-fr","7":"product_tag-fusion-classique","9":"first","10":"instock","11":"sale","12":"taxable","13":"shipping-taxable","14":"purchasable","15":"product-type-simple"},"bundled_by":[],"bundle_stock_status":"instock","bundle_stock_quantity":1,"bundle_virtual":false,"bundle_layout":"","bundle_add_to_cart_form_location":"","bundle_editable_in_cart":false,"bundle_sold_individually_context":"","bundle_item_grouping":"","bundle_min_size":"","bundle_max_size":"","bundle_price":[],"bundled_items":[],"bundle_sell_ids":[],"group_of_quantity":0,"min_quantity":0,"max_quantity":"","exclude_order_quantity_value_rules":"no","exclude_category_quantity_rules":"no","combine_variations":"no","exclude_global_add_ons":[],"addons":[],"jetpack_sharing_enabled":true,"jetpack_likes_enabled":true,"_links":{"self":[{"href":"https:\/\/watchdeluxe.it\/fr\/wp-json\/wp\/v2\/product\/116018","targetHints":{"allow":["GET"]}}],"collection":[{"href":"https:\/\/watchdeluxe.it\/fr\/wp-json\/wp\/v2\/product"}],"about":[{"href":"https:\/\/watchdeluxe.it\/fr\/wp-json\/wp\/v2\/types\/product"}],"wp:featuredmedia":[{"embeddable":true,"href":"https:\/\/watchdeluxe.it\/fr\/wp-json\/wp\/v2\/media\/116011"}],"wp:attachment":[{"href":"https:\/\/watchdeluxe.it\/fr\/wp-json\/wp\/v2\/media?parent=116018"}],"wp:term":[{"taxonomy":"product_brand","embeddable":true,"href":"https:\/\/watchdeluxe.it\/fr\/wp-json\/wp\/v2\/product_brand?post=116018"},{"taxonomy":"product_cat","embeddable":true,"href":"https:\/\/watchdeluxe.it\/fr\/wp-json\/wp\/v2\/product_cat?post=116018"},{"taxonomy":"product_tag","embeddable":true,"href":"https:\/\/watchdeluxe.it\/fr\/wp-json\/wp\/v2\/product_tag?post=116018"},{"taxonomy":"berocket_brand","embeddable":true,"href":"https:\/\/watchdeluxe.it\/fr\/wp-json\/wp\/v2\/berocket_brand?post=116018"},{"taxonomy":"woo-feed-brand","embeddable":true,"href":"https:\/\/watchdeluxe.it\/fr\/wp-json\/wp\/v2\/woo-feed-brand?post=116018"}],"curies":[{"name":"wp","href":"https:\/\/api.w.org\/{rel}","templated":true}]}}