{"id":115682,"date":"2025-07-11T10:05:19","date_gmt":"2025-07-11T08:05:19","guid":{"rendered":"https:\/\/watchdeluxe.it\/prodotto\/hamilton-jazzmaster-thinline-ref-h38525141\/"},"modified":"2025-07-11T10:05:19","modified_gmt":"2025-07-11T08:05:19","slug":"hamilton-jazzmaster-thinline-ref-h38525141","status":"publish","type":"product","link":"https:\/\/watchdeluxe.it\/fr\/prodotto\/hamilton-jazzmaster-thinline-ref-h38525141\/","title":{"rendered":"Hamilton Jazzmaster Thinline ref. H38525141"},"content":{"rendered":"<p>Hamilton Jazzmaster Thinline ref. H38525141<\/p>\n<div id=\"additional\" class=\"content\" role=\"tabpanel\" data-role=\"content\" aria-labelledby=\"tab-label-additional\" aria-hidden=\"false\">\n<ul class=\"product attribute details row no-margin no-style-ul\">\n<li><span class=\"attribute-label\">R\u00e9f\u00e9rence<\/span> <span class=\"attribute-value\">H38525141<\/span><\/li>\n<li><span class=\"attribute-label\">Calibre<\/span> <span class=\"attribute-value\">2892-A2<\/span><\/li>\n<li><span class=\"attribute-label\">Collection<\/span> <span class=\"attribute-value\">Jazzmaster<\/span><\/li>\n<li><span class=\"attribute-label\">Mouvement<\/span> <span class=\"attribute-value\">Remontage automatique<\/span><\/li>\n<li><span class=\"attribute-label\">Dimensions du bo\u00eetier<\/span> <span class=\"attribute-value\">40 mm<\/span><\/li>\n<li><span class=\"attribute-label\">\u00c9paisseur (mm)<\/span> <span class=\"attribute-value\">8.45<\/span><\/li>\n<li><span class=\"attribute-label\">Couleur du cadran<\/span> <span class=\"attribute-value\">bleu<\/span><\/li>\n<li><span class=\"attribute-label\">Mat\u00e9riau du bo\u00eetier<\/span> <span class=\"attribute-value\">Acier<\/span><\/li>\n<li><span class=\"attribute-label\">Verre<\/span> <span class=\"attribute-value\">Saphir<\/span><\/li>\n<li><span class=\"attribute-label\">Largeur de la boucle<\/span> <span class=\"attribute-value\">20 mm<\/span><\/li>\n<li><span class=\"attribute-label\">R\u00e9serve de marche<\/span> <span class=\"attribute-value\">42 heures<\/span><\/li>\n<li><span class=\"attribute-label\">Statut<\/span> <span class=\"attribute-value\">Collection pr\u00e9c\u00e9dente<\/span><\/li>\n<li><span class=\"attribute-label\">R\u00e9sistance \u00e0 l&#8217;eau<\/span> <span class=\"attribute-value\">5 bars (50m)<\/span><\/li>\n<\/ul>\n<\/div>\n","protected":false},"excerpt":{"rendered":"<p>Hamilton Jazzmaster Thinline ref. H38525141 R\u00e9f\u00e9rence H38525141 Calibre 2892-A2 Collection Jazzmaster Mouvement Remontage automatique Dimensions du bo\u00eetier 40 mm \u00c9paisseur (mm) 8.45 Couleur du cadran bleu Mat\u00e9riau du bo\u00eetier Acier Verre Saphir Largeur de la boucle 20 mm R\u00e9serve de marche 42 heures Statut Collection pr\u00e9c\u00e9dente R\u00e9sistance \u00e0 l&#8217;eau 5 bars (50m)<\/p>\n","protected":false},"featured_media":115678,"template":"","meta":{"_crdt_document":"","advanced_seo_description":"","jetpack_seo_html_title":"","jetpack_seo_noindex":false},"product_brand":[],"product_cat":[2292],"product_tag":[2599],"berocket_brand":[],"woo-feed-brand":[],"class_list":{"0":"post-115682","1":"product","2":"type-product","3":"status-publish","4":"has-post-thumbnail","6":"product_cat-hamilton-fr","7":"product_tag-jazzmaster-fr","9":"first","10":"instock","11":"sale","12":"taxable","13":"shipping-taxable","14":"purchasable","15":"product-type-simple"},"bundled_by":[],"bundle_stock_status":"instock","bundle_stock_quantity":1,"bundle_virtual":false,"bundle_layout":"","bundle_add_to_cart_form_location":"","bundle_editable_in_cart":false,"bundle_sold_individually_context":"","bundle_item_grouping":"","bundle_min_size":"","bundle_max_size":"","bundle_price":[],"bundled_items":[],"bundle_sell_ids":[],"group_of_quantity":0,"min_quantity":0,"max_quantity":"","exclude_order_quantity_value_rules":"no","exclude_category_quantity_rules":"no","combine_variations":"no","jetpack_sharing_enabled":true,"jetpack_likes_enabled":true,"_links":{"self":[{"href":"https:\/\/watchdeluxe.it\/fr\/wp-json\/wp\/v2\/product\/115682","targetHints":{"allow":["GET"]}}],"collection":[{"href":"https:\/\/watchdeluxe.it\/fr\/wp-json\/wp\/v2\/product"}],"about":[{"href":"https:\/\/watchdeluxe.it\/fr\/wp-json\/wp\/v2\/types\/product"}],"wp:featuredmedia":[{"embeddable":true,"href":"https:\/\/watchdeluxe.it\/fr\/wp-json\/wp\/v2\/media\/115678"}],"wp:attachment":[{"href":"https:\/\/watchdeluxe.it\/fr\/wp-json\/wp\/v2\/media?parent=115682"}],"wp:term":[{"taxonomy":"product_brand","embeddable":true,"href":"https:\/\/watchdeluxe.it\/fr\/wp-json\/wp\/v2\/product_brand?post=115682"},{"taxonomy":"product_cat","embeddable":true,"href":"https:\/\/watchdeluxe.it\/fr\/wp-json\/wp\/v2\/product_cat?post=115682"},{"taxonomy":"product_tag","embeddable":true,"href":"https:\/\/watchdeluxe.it\/fr\/wp-json\/wp\/v2\/product_tag?post=115682"},{"taxonomy":"berocket_brand","embeddable":true,"href":"https:\/\/watchdeluxe.it\/fr\/wp-json\/wp\/v2\/berocket_brand?post=115682"},{"taxonomy":"woo-feed-brand","embeddable":true,"href":"https:\/\/watchdeluxe.it\/fr\/wp-json\/wp\/v2\/woo-feed-brand?post=115682"}],"curies":[{"name":"wp","href":"https:\/\/api.w.org\/{rel}","templated":true}]}}