{"id":115467,"date":"2025-06-19T15:39:38","date_gmt":"2025-06-19T13:39:38","guid":{"rendered":"https:\/\/watchdeluxe.it\/prodotto\/hublot-classic-fusion-chronographe-en-or-rose-avec-diamants-ref-521-ox-1180-lr-1704\/"},"modified":"2025-06-19T15:39:38","modified_gmt":"2025-06-19T13:39:38","slug":"hublot-classic-fusion-chronographe-en-or-rose-avec-diamants-ref-521-ox-1180-lr-1704","status":"publish","type":"product","link":"https:\/\/watchdeluxe.it\/fr\/prodotto\/hublot-classic-fusion-chronographe-en-or-rose-avec-diamants-ref-521-ox-1180-lr-1704\/","title":{"rendered":"Hublot Classic Fusion chronographe en or rose avec diamants r\u00e9f. 521.OX.1180.LR.1704"},"content":{"rendered":"<p>Hublot Classic Fusion chronographe en or rose avec diamants r\u00e9f. 521.OX.1180.LR.1704<\/p>\n<p>Bo\u00eetier en or rose 45 mm<\/p>\n<p>126 diamants sertis dans la lunette et 244 diamants sertis dans le bo\u00eetier<\/p>\n<p>mouvement chronographe automatique<\/p>\n<p>bracelet en cuir et caoutchouc<\/p>\n<p>boucle d\u00e9ployante<\/p>\n<p>&nbsp;<\/p>\n","protected":false},"excerpt":{"rendered":"<p>Hublot Classic Fusion chronographe en or rose avec diamants r\u00e9f. 521.OX.1180.LR.1704 Bo\u00eetier en or rose 45 mm 126 diamants sertis dans la lunette et 244 diamants sertis dans le bo\u00eetier mouvement chronographe automatique bracelet en cuir et caoutchouc boucle d\u00e9ployante &nbsp;<\/p>\n","protected":false},"featured_media":114297,"template":"","meta":{"_crdt_document":"","advanced_seo_description":"","jetpack_seo_html_title":"","jetpack_seo_noindex":false},"product_brand":[2149],"product_cat":[2223],"product_tag":[2227],"berocket_brand":[],"woo-feed-brand":[],"class_list":{"0":"post-115467","1":"product","2":"type-product","3":"status-publish","4":"has-post-thumbnail","6":"product_brand-hublot","7":"product_cat-hublot-fr","8":"product_tag-fusion-classique","10":"first","11":"instock","12":"sale","13":"taxable","14":"shipping-taxable","15":"purchasable","16":"product-type-simple"},"bundled_by":[],"bundle_stock_status":"instock","bundle_stock_quantity":1,"bundle_virtual":false,"bundle_layout":"","bundle_add_to_cart_form_location":"","bundle_editable_in_cart":false,"bundle_sold_individually_context":"","bundle_item_grouping":"","bundle_min_size":"","bundle_max_size":"","bundle_price":[],"bundled_items":[],"bundle_sell_ids":[],"group_of_quantity":0,"min_quantity":0,"max_quantity":"","exclude_order_quantity_value_rules":"no","exclude_category_quantity_rules":"no","combine_variations":"no","exclude_global_add_ons":[],"addons":[],"jetpack_sharing_enabled":true,"jetpack_likes_enabled":true,"_links":{"self":[{"href":"https:\/\/watchdeluxe.it\/fr\/wp-json\/wp\/v2\/product\/115467","targetHints":{"allow":["GET"]}}],"collection":[{"href":"https:\/\/watchdeluxe.it\/fr\/wp-json\/wp\/v2\/product"}],"about":[{"href":"https:\/\/watchdeluxe.it\/fr\/wp-json\/wp\/v2\/types\/product"}],"wp:featuredmedia":[{"embeddable":true,"href":"https:\/\/watchdeluxe.it\/fr\/wp-json\/wp\/v2\/media\/114297"}],"wp:attachment":[{"href":"https:\/\/watchdeluxe.it\/fr\/wp-json\/wp\/v2\/media?parent=115467"}],"wp:term":[{"taxonomy":"product_brand","embeddable":true,"href":"https:\/\/watchdeluxe.it\/fr\/wp-json\/wp\/v2\/product_brand?post=115467"},{"taxonomy":"product_cat","embeddable":true,"href":"https:\/\/watchdeluxe.it\/fr\/wp-json\/wp\/v2\/product_cat?post=115467"},{"taxonomy":"product_tag","embeddable":true,"href":"https:\/\/watchdeluxe.it\/fr\/wp-json\/wp\/v2\/product_tag?post=115467"},{"taxonomy":"berocket_brand","embeddable":true,"href":"https:\/\/watchdeluxe.it\/fr\/wp-json\/wp\/v2\/berocket_brand?post=115467"},{"taxonomy":"woo-feed-brand","embeddable":true,"href":"https:\/\/watchdeluxe.it\/fr\/wp-json\/wp\/v2\/woo-feed-brand?post=115467"}],"curies":[{"name":"wp","href":"https:\/\/api.w.org\/{rel}","templated":true}]}}