{"id":115036,"date":"2025-05-09T16:59:41","date_gmt":"2025-05-09T14:59:41","guid":{"rendered":"https:\/\/watchdeluxe.it\/prodotto\/mido-multifort-8-deux-couronnes-ref-m0475071105100\/"},"modified":"2025-05-09T16:59:41","modified_gmt":"2025-05-09T14:59:41","slug":"mido-multifort-8-deux-couronnes-ref-m0475071105100","status":"publish","type":"product","link":"https:\/\/watchdeluxe.it\/fr\/prodotto\/mido-multifort-8-deux-couronnes-ref-m0475071105100\/","title":{"rendered":"Mido Multifort 8 deux couronnes r\u00e9f. M0475071105100"},"content":{"rendered":"<p>Mido Multifort 8 deux couronnes r\u00e9f. M0475071105100<\/p>\n<ul>\n<li>Mouvement automatique suisse powermatic80<\/li>\n<li>Verre saphir avec traitement antireflet sur les deux faces<\/li>\n<li>Cadran noir avec index<\/li>\n<li>Bo\u00eetier rectangulaire en acier inoxydable avec fond visible<\/li>\n<li>Couronne de vis<\/li>\n<li>\u00c9tanch\u00e9it\u00e9 jusqu&#8217;\u00e0 10 bars (100 m \/ 330 ft)<\/li>\n<li>Bracelet en acier inoxydable r\u00e9f. M605019261 <\/li>\n<\/ul>\n<p><em>Sp\u00e9cifications <\/em><\/p>\n<ul>\n<li>Poids 160 g<\/li>\n<li>Hauteur du bo\u00eetier 9,5 mm<\/li>\n<li>Diam\u00e8tre du bo\u00eetier 38,4 X 40MM<\/li>\n<li>Bight taille 12<\/li>\n<\/ul>\n<p><em>Mouvement<\/em><\/p>\n<ul>\n<li>Mido automatique ETA R\u00e9serve de marche de 72 heures<\/li>\n<\/ul>\n","protected":false},"excerpt":{"rendered":"<p>Mido Multifort 8 deux couronnes r\u00e9f. M0475071105100 Mouvement automatique suisse powermatic80 Verre saphir avec traitement antireflet sur les deux faces Cadran noir avec index Bo\u00eetier rectangulaire en acier inoxydable avec fond visible Couronne de vis \u00c9tanch\u00e9it\u00e9 jusqu&#8217;\u00e0 10 bars (100 m \/ 330 ft) Bracelet en acier inoxydable r\u00e9f. M605019261 Sp\u00e9cifications Poids 160 g Hauteur [&hellip;]<\/p>\n","protected":false},"featured_media":115031,"template":"","meta":{"_crdt_document":"","advanced_seo_description":"","jetpack_seo_html_title":"","jetpack_seo_noindex":false},"product_brand":[2153],"product_cat":[2941],"product_tag":[2943],"berocket_brand":[],"woo-feed-brand":[],"class_list":{"0":"post-115036","1":"product","2":"type-product","3":"status-publish","4":"has-post-thumbnail","6":"product_brand-mido","7":"product_cat-mido-fr","8":"product_tag-multifort-fr","10":"first","11":"instock","12":"sale","13":"taxable","14":"shipping-taxable","15":"purchasable","16":"product-type-simple"},"bundled_by":[],"bundle_stock_status":"instock","bundle_stock_quantity":1,"bundle_virtual":false,"bundle_layout":"","bundle_add_to_cart_form_location":"","bundle_editable_in_cart":false,"bundle_sold_individually_context":"","bundle_item_grouping":"","bundle_min_size":"","bundle_max_size":"","bundle_price":[],"bundled_items":[],"bundle_sell_ids":[],"group_of_quantity":0,"min_quantity":0,"max_quantity":"","exclude_order_quantity_value_rules":"no","exclude_category_quantity_rules":"no","combine_variations":"no","jetpack_sharing_enabled":true,"jetpack_likes_enabled":true,"_links":{"self":[{"href":"https:\/\/watchdeluxe.it\/fr\/wp-json\/wp\/v2\/product\/115036","targetHints":{"allow":["GET"]}}],"collection":[{"href":"https:\/\/watchdeluxe.it\/fr\/wp-json\/wp\/v2\/product"}],"about":[{"href":"https:\/\/watchdeluxe.it\/fr\/wp-json\/wp\/v2\/types\/product"}],"wp:featuredmedia":[{"embeddable":true,"href":"https:\/\/watchdeluxe.it\/fr\/wp-json\/wp\/v2\/media\/115031"}],"wp:attachment":[{"href":"https:\/\/watchdeluxe.it\/fr\/wp-json\/wp\/v2\/media?parent=115036"}],"wp:term":[{"taxonomy":"product_brand","embeddable":true,"href":"https:\/\/watchdeluxe.it\/fr\/wp-json\/wp\/v2\/product_brand?post=115036"},{"taxonomy":"product_cat","embeddable":true,"href":"https:\/\/watchdeluxe.it\/fr\/wp-json\/wp\/v2\/product_cat?post=115036"},{"taxonomy":"product_tag","embeddable":true,"href":"https:\/\/watchdeluxe.it\/fr\/wp-json\/wp\/v2\/product_tag?post=115036"},{"taxonomy":"berocket_brand","embeddable":true,"href":"https:\/\/watchdeluxe.it\/fr\/wp-json\/wp\/v2\/berocket_brand?post=115036"},{"taxonomy":"woo-feed-brand","embeddable":true,"href":"https:\/\/watchdeluxe.it\/fr\/wp-json\/wp\/v2\/woo-feed-brand?post=115036"}],"curies":[{"name":"wp","href":"https:\/\/api.w.org\/{rel}","templated":true}]}}