{"id":114444,"date":"2025-05-05T15:08:57","date_gmt":"2025-05-05T13:08:57","guid":{"rendered":"https:\/\/watchdeluxe.it\/prodotto\/breitling-top-time-b31-vert-ref-ab3113171l1x1\/"},"modified":"2025-05-05T15:08:57","modified_gmt":"2025-05-05T13:08:57","slug":"breitling-top-time-b31-vert-ref-ab3113171l1x1","status":"publish","type":"product","link":"https:\/\/watchdeluxe.it\/fr\/prodotto\/breitling-top-time-b31-vert-ref-ab3113171l1x1\/","title":{"rendered":"Breitling Top Time B31 vert r\u00e9f. AB3113171L1X1"},"content":{"rendered":"<p>Breitling Top Time B31 vert r\u00e9f. AB3113171L1X1<\/p>\n<div class=\"sc-59f902fd-0 kSDZnm sc-149e2564-2 ifAoZh\" data-test-id=\"Section\">\n<div class=\"sc-59f902fd-0 kSDZnm sc-32f8a63d-0 iKoONW sc-149e2564-5 hoCRDl\" data-test-id=\"NameValueWrapper-0\">\n<p class=\"sc-59f902fd-0 kSDZnm sc-99f1fd2f-0 NUQxh sc-149e2564-6 kjVhdX\" data-test-id=\"Name-0\">Breitling Calibre B31 (Manufacture)<\/p>\n<\/div>\n<div class=\"sc-59f902fd-0 kSDZnm sc-32f8a63d-0 iKoONW sc-149e2564-5 hoCRDl\" data-test-id=\"NameValueWrapper-1\">\n<p class=\"sc-59f902fd-0 kSDZnm sc-99f1fd2f-0 NUQxh sc-149e2564-6 kjVhdX\" data-test-id=\"Name-1\">Mouvement M\u00e9canique, remontage automatique<\/p>\n<\/div>\n<div class=\"sc-59f902fd-0 kSDZnm sc-32f8a63d-0 iKoONW sc-149e2564-5 hoCRDl\" data-test-id=\"NameValueWrapper-2\">\n<p class=\"sc-59f902fd-0 kSDZnm sc-99f1fd2f-0 NUQxh sc-149e2564-6 kjVhdX\" data-test-id=\"Name-2\">R\u00e9serve de marche Environ 78 heures<\/p>\n<\/div>\n<div class=\"sc-59f902fd-0 kSDZnm sc-32f8a63d-0 iKoONW sc-149e2564-5 hoCRDl\" data-test-id=\"NameValueWrapper-3\">\n<p class=\"sc-59f902fd-0 kSDZnm sc-99f1fd2f-0 NUQxh sc-149e2564-6 kjVhdX\" data-test-id=\"Name-3\">Vibration 28 800 a\/h<\/p>\n<\/div>\n<div class=\"sc-59f902fd-0 kSDZnm sc-32f8a63d-0 iKoONW sc-149e2564-5 hoCRDl\" data-test-id=\"NameValueWrapper-4\">\n<p class=\"sc-59f902fd-0 kSDZnm sc-99f1fd2f-0 NUQxh sc-149e2564-6 kjVhdX\" data-test-id=\"Name-4\">Fen\u00eatre de calendrier dans le cadran<\/p>\n<\/div>\n<\/div>\n<div class=\"sc-59f902fd-0 kSDZnm sc-149e2564-2 ifAoZh\" data-test-id=\"Section\">\n<p class=\"sc-59f902fd-0 kSDZnm sc-99f1fd2f-0 NUQxh sc-149e2564-4 bGnZnz\" data-test-id=\"SectionTitle\">\n<div class=\"sc-59f902fd-0 kSDZnm sc-32f8a63d-0 iKoONW sc-149e2564-5 hoCRDl\" data-test-id=\"NameValueWrapper-0\">\n<p class=\"sc-59f902fd-0 kSDZnm sc-99f1fd2f-0 NUQxh sc-149e2564-6 kjVhdX\" data-test-id=\"Name-0\">Mat\u00e9riau du bo\u00eetier Acier inoxydable<\/p>\n<\/div>\n<div class=\"sc-59f902fd-0 kSDZnm sc-32f8a63d-0 iKoONW sc-149e2564-5 hoCRDl\" data-test-id=\"NameValueWrapper-1\">\n<p class=\"sc-59f902fd-0 kSDZnm sc-99f1fd2f-0 NUQxh sc-149e2564-6 kjVhdX\" data-test-id=\"Name-1\">Fond viss\u00e9 (verre saphir)<\/p>\n<\/div>\n<div class=\"sc-59f902fd-0 kSDZnm sc-32f8a63d-0 iKoONW sc-149e2564-5 hoCRDl\" data-test-id=\"NameValueWrapper-2\">\n<p class=\"sc-59f902fd-0 kSDZnm sc-99f1fd2f-0 NUQxh sc-149e2564-6 kjVhdX\" data-test-id=\"Name-2\">R\u00e9sistance \u00e0 l&#8217;eau 10 bars<\/p>\n<\/div>\n<\/div>\n<div class=\"sc-59f902fd-0 kSDZnm sc-149e2564-2 ifAoZh\" data-test-id=\"Section\">\n<div class=\"sc-59f902fd-0 kSDZnm sc-32f8a63d-0 iKoONW sc-149e2564-5 hoCRDl\" data-test-id=\"NameValueWrapper-3\">\n<p class=\"sc-59f902fd-0 kSDZnm sc-99f1fd2f-0 NUQxh sc-149e2564-6 kjVhdX\" data-test-id=\"Name-3\">Lunette fixe<\/p>\n<\/div>\n<div class=\"sc-59f902fd-0 kSDZnm sc-32f8a63d-0 iKoONW sc-149e2564-5 hoCRDl\" data-test-id=\"NameValueWrapper-4\">\n<p class=\"sc-59f902fd-0 kSDZnm sc-99f1fd2f-0 NUQxh sc-149e2564-6 kjVhdX\" data-test-id=\"Name-4\">Couronne non viss\u00e9e, deux joints<\/p>\n<\/div>\n<div class=\"sc-59f902fd-0 kSDZnm sc-32f8a63d-0 iKoONW sc-149e2564-5 hoCRDl\" data-test-id=\"NameValueWrapper-5\">\n<p class=\"sc-59f902fd-0 kSDZnm sc-99f1fd2f-0 NUQxh sc-149e2564-6 kjVhdX\" data-test-id=\"Name-5\">Cristal de saphir convexe, antireflet sur les deux faces<\/p>\n<\/div>\n<\/div>\n<div class=\"sc-59f902fd-0 kSDZnm sc-149e2564-2 ifAoZh\" data-test-id=\"Section\">\n<div class=\"sc-59f902fd-0 kSDZnm sc-32f8a63d-0 iKoONW sc-149e2564-5 hoCRDl\" data-test-id=\"NameValueWrapper-1\">\n<div class=\"sc-59f902fd-0 kSDZnm sc-149e2564-8 juAlza\" data-test-id=\"ValueBox-1\">\n<p class=\"sc-59f902fd-0 kSDZnm sc-99f1fd2f-0 NUQxh sc-149e2564-7 lcGbrO\" data-test-id=\"Value-1\">\n<\/div>\n<\/div>\n<div class=\"sc-59f902fd-0 kSDZnm sc-32f8a63d-0 iKoONW sc-149e2564-5 hoCRDl\" data-test-id=\"NameValueWrapper-2\">\n<p class=\"sc-59f902fd-0 kSDZnm sc-99f1fd2f-0 NUQxh sc-149e2564-6 kjVhdX\" data-test-id=\"Name-2\">Diam\u00e8tre de 38 mm<\/p>\n<\/div>\n<div class=\"sc-59f902fd-0 kSDZnm sc-32f8a63d-0 iKoONW sc-149e2564-5 hoCRDl\" data-test-id=\"NameValueWrapper-3\">\n<p class=\"sc-59f902fd-0 kSDZnm sc-99f1fd2f-0 NUQxh sc-149e2564-6 kjVhdX\" data-test-id=\"Name-3\">Largeur des cornes (entre les cornes) 20,05 mm<\/p>\n<\/div>\n<\/div>\n<div class=\"sc-59f902fd-0 kSDZnm sc-149e2564-2 ifAoZh\" data-test-id=\"Section\">\n<p class=\"sc-59f902fd-0 kSDZnm sc-99f1fd2f-0 NUQxh sc-149e2564-4 bGnZnz\" data-test-id=\"SectionTitle\">\n<div class=\"sc-59f902fd-0 kSDZnm sc-32f8a63d-0 iKoONW sc-149e2564-5 hoCRDl\" data-test-id=\"NameValueWrapper-0\">\n<p class=\"sc-59f902fd-0 kSDZnm sc-99f1fd2f-0 NUQxh sc-149e2564-6 kjVhdX\" data-test-id=\"Name-0\">Mat\u00e9riau de la sangle<\/p>\n<div class=\"sc-59f902fd-0 kSDZnm sc-149e2564-8 juAlza\" data-test-id=\"ValueBox-0\">\n<p class=\"sc-59f902fd-0 kSDZnm sc-99f1fd2f-0 NUQxh sc-149e2564-7 lcGbrO\" data-test-id=\"Value-0\">Cuir de veau<\/p>\n<\/div>\n<\/div>\n<div class=\"sc-59f902fd-0 kSDZnm sc-32f8a63d-0 iKoONW sc-149e2564-5 hoCRDl\" data-test-id=\"NameValueWrapper-1\">\n<p class=\"sc-59f902fd-0 kSDZnm sc-99f1fd2f-0 NUQxh sc-149e2564-6 kjVhdX\" data-test-id=\"Name-1\">Couleur du bracelet Vert<\/p>\n<\/div>\n<div class=\"sc-59f902fd-0 kSDZnm sc-32f8a63d-0 iKoONW sc-149e2564-5 hoCRDl\" data-test-id=\"NameValueWrapper-2\">\n<div class=\"sc-59f902fd-0 kSDZnm sc-149e2564-8 juAlza\" data-test-id=\"ValueBox-2\">\n<p class=\"sc-59f902fd-0 kSDZnm sc-99f1fd2f-0 NUQxh sc-149e2564-7 lcGbrO\" data-test-id=\"Value-2\">\n<\/div>\n<\/div>\n<div class=\"sc-59f902fd-0 kSDZnm sc-32f8a63d-0 iKoONW sc-149e2564-5 hoCRDl\" data-test-id=\"NameValueWrapper-3\">\n<p class=\"sc-59f902fd-0 kSDZnm sc-99f1fd2f-0 NUQxh sc-149e2564-6 kjVhdX\" data-test-id=\"Name-3\">Boucle 20\/18 mm<\/p>\n<\/div>\n<div class=\"sc-59f902fd-0 kSDZnm sc-32f8a63d-0 iKoONW sc-149e2564-5 hoCRDl\" data-test-id=\"NameValueWrapper-4\">\n<p class=\"sc-59f902fd-0 kSDZnm sc-99f1fd2f-0 NUQxh sc-149e2564-6 kjVhdX\" data-test-id=\"Name-4\">Mat\u00e9riau de la boucle Acier inoxydable<\/p>\n<\/div>\n<div class=\"sc-59f902fd-0 kSDZnm sc-32f8a63d-0 iKoONW sc-149e2564-5 hoCRDl\" data-test-id=\"NameValueWrapper-5\">\n<p class=\"sc-59f902fd-0 kSDZnm sc-99f1fd2f-0 NUQxh sc-149e2564-6 kjVhdX\" data-test-id=\"Name-5\">Type de boucle Languette<\/p>\n<\/div>\n<div class=\"sc-59f902fd-0 kSDZnm sc-32f8a63d-0 iKoONW sc-149e2564-5 hoCRDl\" data-test-id=\"NameValueWrapper-6\">\n<p class=\"sc-59f902fd-0 kSDZnm sc-99f1fd2f-0 NUQxh sc-149e2564-6 kjVhdX\" data-test-id=\"Name-6\">Taille de la boucle 18 mm<\/p>\n<\/div>\n<\/div>\n","protected":false},"excerpt":{"rendered":"<p>Breitling Top Time B31 vert r\u00e9f. AB3113171L1X1 Breitling Calibre B31 (Manufacture) Mouvement M\u00e9canique, remontage automatique R\u00e9serve de marche Environ 78 heures Vibration 28 800 a\/h Fen\u00eatre de calendrier dans le cadran Mat\u00e9riau du bo\u00eetier Acier inoxydable Fond viss\u00e9 (verre saphir) R\u00e9sistance \u00e0 l&#8217;eau 10 bars Lunette fixe Couronne non viss\u00e9e, deux joints Cristal de saphir [&hellip;]<\/p>\n","protected":false},"featured_media":114441,"template":"","meta":{"_crdt_document":"","advanced_seo_description":"","jetpack_seo_html_title":"","jetpack_seo_noindex":false},"product_brand":[],"product_cat":[2657],"product_tag":[3705],"berocket_brand":[],"woo-feed-brand":[],"class_list":{"0":"post-114444","1":"product","2":"type-product","3":"status-publish","4":"has-post-thumbnail","6":"product_cat-breitling-fr","7":"product_tag-top0-temps","9":"first","10":"instock","11":"sale","12":"taxable","13":"shipping-taxable","14":"purchasable","15":"product-type-simple"},"bundled_by":[],"bundle_stock_status":"instock","bundle_stock_quantity":1,"bundle_virtual":false,"bundle_layout":"","bundle_add_to_cart_form_location":"","bundle_editable_in_cart":false,"bundle_sold_individually_context":"","bundle_item_grouping":"","bundle_min_size":"","bundle_max_size":"","bundle_price":[],"bundled_items":[],"bundle_sell_ids":[],"group_of_quantity":0,"min_quantity":0,"max_quantity":"","exclude_order_quantity_value_rules":"no","exclude_category_quantity_rules":"no","combine_variations":"no","jetpack_sharing_enabled":true,"jetpack_likes_enabled":true,"_links":{"self":[{"href":"https:\/\/watchdeluxe.it\/fr\/wp-json\/wp\/v2\/product\/114444","targetHints":{"allow":["GET"]}}],"collection":[{"href":"https:\/\/watchdeluxe.it\/fr\/wp-json\/wp\/v2\/product"}],"about":[{"href":"https:\/\/watchdeluxe.it\/fr\/wp-json\/wp\/v2\/types\/product"}],"wp:featuredmedia":[{"embeddable":true,"href":"https:\/\/watchdeluxe.it\/fr\/wp-json\/wp\/v2\/media\/114441"}],"wp:attachment":[{"href":"https:\/\/watchdeluxe.it\/fr\/wp-json\/wp\/v2\/media?parent=114444"}],"wp:term":[{"taxonomy":"product_brand","embeddable":true,"href":"https:\/\/watchdeluxe.it\/fr\/wp-json\/wp\/v2\/product_brand?post=114444"},{"taxonomy":"product_cat","embeddable":true,"href":"https:\/\/watchdeluxe.it\/fr\/wp-json\/wp\/v2\/product_cat?post=114444"},{"taxonomy":"product_tag","embeddable":true,"href":"https:\/\/watchdeluxe.it\/fr\/wp-json\/wp\/v2\/product_tag?post=114444"},{"taxonomy":"berocket_brand","embeddable":true,"href":"https:\/\/watchdeluxe.it\/fr\/wp-json\/wp\/v2\/berocket_brand?post=114444"},{"taxonomy":"woo-feed-brand","embeddable":true,"href":"https:\/\/watchdeluxe.it\/fr\/wp-json\/wp\/v2\/woo-feed-brand?post=114444"}],"curies":[{"name":"wp","href":"https:\/\/api.w.org\/{rel}","templated":true}]}}