{"id":113283,"date":"2025-02-17T11:34:00","date_gmt":"2025-02-17T10:34:00","guid":{"rendered":"https:\/\/watchdeluxe.it\/prodotto\/iwc-portugaise-reserve-7-jours-ref-iw501705\/"},"modified":"2025-11-26T09:53:38","modified_gmt":"2025-11-26T08:53:38","slug":"iwc-portugaise-reserve-7-jours-ref-iw501705","status":"publish","type":"product","link":"https:\/\/watchdeluxe.it\/fr\/prodotto\/iwc-portugaise-reserve-7-jours-ref-iw501705\/","title":{"rendered":"Iwc Portugaise r\u00e9serve 7 jours r\u00e9f. IW501705"},"content":{"rendered":"<p>Iwc Portugaise r\u00e9serve 7 jours r\u00e9f. IW501705<\/p>\n<p><span class=\"iwc-product-specs-item__label\">Calibre <\/span> <span class=\"iwc-product-specs-item__value\"> 52011 Calibre <\/span><\/p>\n<div id=\"case-section-details\" class=\"iwc-product-specs__tab-content iwc-case-section expanded\" data-toggle-id=\"case-section-details\">\n<ul class=\"iwc-product-specs-details expanded\" role=\"list\" data-toggle-id=\"case-section-details\">\n<li class=\"iwc-product-specs-item\" role=\"listitem\"> <span class=\"iwc-product-specs-item__label\"> Bo\u00eetier <\/span> <span class=\"iwc-product-specs-item__value\"> Bo\u00eetier en acier <\/span> <\/li>\n<li class=\"iwc-product-specs-item\" role=\"listitem\"> <span class=\"iwc-product-specs-item__label\"> Diam\u00e8tre <\/span> <span class=\"iwc-product-specs-item__value\"> 42.4 <\/span> <span class=\"iwc-unit-small\"> mm <\/span> <\/li>\n<li class=\"iwc-product-specs-item\" role=\"listitem\"> <span class=\"iwc-product-specs-item__label\"> Epaisseur <\/span> <span class=\"iwc-product-specs-item__value\"> 12.9 <\/span> <span class=\"iwc-unit-small\"> mm <\/span> <\/li>\n<li class=\"iwc-product-specs-item\" role=\"listitem\"> <span class=\"iwc-product-specs-item__label\"> Dos <\/span> <span class=\"iwc-product-specs-item__value\"> Fond transparent en verre saphir <\/span> <\/li>\n<li class=\"iwc-product-specs-item\"> <span class=\"iwc-product-specs-item__label\"> R\u00e9sistance \u00e0 l&#8217;eau <\/span> <span class=\"iwc-product-specs-item__value\"> 5,0 bars <\/span> <\/li>\n<\/ul>\n<\/div>\n<div id=\"features-section-details\" class=\"iwc-product-specs__tab-content iwc-features-section expanded\" data-toggle-id=\"features-section-details\">\n<ul class=\"iwc-product-specs-details expanded\" role=\"list\" data-toggle-id=\"features-section-details\">\n<li class=\"iwc-product-specs-item\" role=\"listitem\">Petite seconde avec dispositif d&#8217;arr\u00eat<\/li>\n<li class=\"iwc-product-specs-item\" role=\"listitem\">Rotor avec m\u00e9daillon en or 18 carats<\/li>\n<li class=\"iwc-product-specs-item\" role=\"listitem\">Syst\u00e8me de charge automatique Pellaton<\/li>\n<li class=\"iwc-product-specs-item\" role=\"listitem\">Dater<\/li>\n<li class=\"iwc-product-specs-item\" role=\"listitem\">Indication de la r\u00e9serve de marche<\/li>\n<li class=\"iwc-product-specs-item\" role=\"listitem\">R\u00e9serve de marche de 7 jours<\/li>\n<li class=\"iwc-product-specs-item\" role=\"listitem\">Verres saphir \u00e0 double bo\u00eete. Traitement antireflet sur les deux faces <\/li>\n<\/ul>\n<\/div>\n<div class=\"iwc-pdp-v3-product-info__list-wrapper\">\n<ul class=\"iwc-pdp-v3-product-info__list\">\n<li class=\"iwc-pdp-v3-product-info__list-item\">Quadrant des dunes<\/li>\n<li class=\"iwc-pdp-v3-product-info__list-item\">Bracelet en cuir d&#8217;alligator noir Largeur du bracelet 22,0 mm<\/li>\n<\/ul>\n<\/div>\n","protected":false},"excerpt":{"rendered":"<p>Iwc Portugaise r\u00e9serve 7 jours r\u00e9f. IW501705 Calibre 52011 Calibre Bo\u00eetier Bo\u00eetier en acier Diam\u00e8tre 42.4 mm Epaisseur 12.9 mm Dos Fond transparent en verre saphir R\u00e9sistance \u00e0 l&#8217;eau 5,0 bars Petite seconde avec dispositif d&#8217;arr\u00eat Rotor avec m\u00e9daillon en or 18 carats Syst\u00e8me de charge automatique Pellaton Dater Indication de la r\u00e9serve de marche [&hellip;]<\/p>\n","protected":false},"featured_media":113278,"template":"","meta":{"_crdt_document":"","advanced_seo_description":"","jetpack_seo_html_title":"","jetpack_seo_noindex":false},"product_brand":[],"product_cat":[2229],"product_tag":[2882],"berocket_brand":[],"woo-feed-brand":[],"class_list":{"0":"post-113283","1":"product","2":"type-product","3":"status-publish","4":"has-post-thumbnail","6":"product_cat-iwc-fr","7":"product_tag-portugais","9":"first","10":"instock","11":"sale","12":"taxable","13":"shipping-taxable","14":"purchasable","15":"product-type-simple"},"bundled_by":[],"bundle_stock_status":"instock","bundle_stock_quantity":1,"bundle_virtual":false,"bundle_layout":"","bundle_add_to_cart_form_location":"","bundle_editable_in_cart":false,"bundle_sold_individually_context":"","bundle_item_grouping":"","bundle_min_size":"","bundle_max_size":"","bundle_price":[],"bundled_items":[],"bundle_sell_ids":[],"group_of_quantity":0,"min_quantity":0,"max_quantity":"","exclude_order_quantity_value_rules":"no","exclude_category_quantity_rules":"no","combine_variations":"no","jetpack_sharing_enabled":true,"jetpack_likes_enabled":true,"_links":{"self":[{"href":"https:\/\/watchdeluxe.it\/fr\/wp-json\/wp\/v2\/product\/113283","targetHints":{"allow":["GET"]}}],"collection":[{"href":"https:\/\/watchdeluxe.it\/fr\/wp-json\/wp\/v2\/product"}],"about":[{"href":"https:\/\/watchdeluxe.it\/fr\/wp-json\/wp\/v2\/types\/product"}],"wp:featuredmedia":[{"embeddable":true,"href":"https:\/\/watchdeluxe.it\/fr\/wp-json\/wp\/v2\/media\/113278"}],"wp:attachment":[{"href":"https:\/\/watchdeluxe.it\/fr\/wp-json\/wp\/v2\/media?parent=113283"}],"wp:term":[{"taxonomy":"product_brand","embeddable":true,"href":"https:\/\/watchdeluxe.it\/fr\/wp-json\/wp\/v2\/product_brand?post=113283"},{"taxonomy":"product_cat","embeddable":true,"href":"https:\/\/watchdeluxe.it\/fr\/wp-json\/wp\/v2\/product_cat?post=113283"},{"taxonomy":"product_tag","embeddable":true,"href":"https:\/\/watchdeluxe.it\/fr\/wp-json\/wp\/v2\/product_tag?post=113283"},{"taxonomy":"berocket_brand","embeddable":true,"href":"https:\/\/watchdeluxe.it\/fr\/wp-json\/wp\/v2\/berocket_brand?post=113283"},{"taxonomy":"woo-feed-brand","embeddable":true,"href":"https:\/\/watchdeluxe.it\/fr\/wp-json\/wp\/v2\/woo-feed-brand?post=113283"}],"curies":[{"name":"wp","href":"https:\/\/api.w.org\/{rel}","templated":true}]}}