{"id":112569,"date":"2025-01-17T15:58:37","date_gmt":"2025-01-17T14:58:37","guid":{"rendered":"https:\/\/watchdeluxe.it\/prodotto\/omega-seamaster-diver-300m-black-ref-210-30-42-20-01-010\/"},"modified":"2026-04-09T09:22:56","modified_gmt":"2026-04-09T07:22:56","slug":"omega-seamaster-diver-300m-black-ref-210-30-42-20-01-010","status":"publish","type":"product","link":"https:\/\/watchdeluxe.it\/fr\/prodotto\/omega-seamaster-diver-300m-black-ref-210-30-42-20-01-010\/","title":{"rendered":"Omega Seamaster diver 300m noir r\u00e9f. 210.30.42.20.01.010"},"content":{"rendered":"<p>Omega Seamaster diver 300m noir r\u00e9f. 210.30.42.20.01.010<\/p>\n<p>FormeRonde<br \/>\nTaille42 mm<br \/>\nMat\u00e9riau du bo\u00eetierAcier<br \/>\nType de verreSaphir<br \/>\n\u00c9tanch\u00e9it\u00e9300 m<\/p>\n<p>Mouvement<\/p>\n<p>MouvementAutomatique<\/p>\n<p>Fonctions<\/p>\n<p>ComplicationSimple<\/p>\n<p>Cadran<\/p>\n<p>CadranNoir<\/p>\n<p>Bracelet<\/p>\n<p>BraceletAcier<\/p>\n","protected":false},"excerpt":{"rendered":"<p>Omega Seamaster diver 300m noir r\u00e9f. 210.30.42.20.01.010 FormeRonde Taille42 mm Mat\u00e9riau du bo\u00eetierAcier Type de verreSaphir \u00c9tanch\u00e9it\u00e9300 m Mouvement MouvementAutomatique Fonctions ComplicationSimple Cadran CadranNoir Bracelet BraceletAcier<\/p>\n","protected":false},"featured_media":164769,"template":"","meta":{"_crdt_document":"","advanced_seo_description":"","jetpack_seo_html_title":"","jetpack_seo_noindex":false},"product_brand":[],"product_cat":[2310],"product_tag":[2312],"berocket_brand":[],"woo-feed-brand":[],"class_list":{"0":"post-112569","1":"product","2":"type-product","3":"status-publish","4":"has-post-thumbnail","6":"product_cat-omega-fr","7":"product_tag-seamaster-fr","9":"first","10":"instock","11":"sale","12":"taxable","13":"shipping-taxable","14":"purchasable","15":"product-type-simple"},"bundled_by":[],"bundle_stock_status":"instock","bundle_stock_quantity":1,"bundle_virtual":false,"bundle_layout":"","bundle_add_to_cart_form_location":"","bundle_editable_in_cart":false,"bundle_sold_individually_context":"","bundle_item_grouping":"","bundle_min_size":"","bundle_max_size":"","bundle_price":[],"bundled_items":[],"bundle_sell_ids":[],"group_of_quantity":0,"min_quantity":0,"max_quantity":"","exclude_order_quantity_value_rules":"no","exclude_category_quantity_rules":"no","combine_variations":"no","exclude_global_add_ons":[],"addons":[],"jetpack_sharing_enabled":true,"jetpack_likes_enabled":true,"_links":{"self":[{"href":"https:\/\/watchdeluxe.it\/fr\/wp-json\/wp\/v2\/product\/112569","targetHints":{"allow":["GET"]}}],"collection":[{"href":"https:\/\/watchdeluxe.it\/fr\/wp-json\/wp\/v2\/product"}],"about":[{"href":"https:\/\/watchdeluxe.it\/fr\/wp-json\/wp\/v2\/types\/product"}],"wp:featuredmedia":[{"embeddable":true,"href":"https:\/\/watchdeluxe.it\/fr\/wp-json\/wp\/v2\/media\/164769"}],"wp:attachment":[{"href":"https:\/\/watchdeluxe.it\/fr\/wp-json\/wp\/v2\/media?parent=112569"}],"wp:term":[{"taxonomy":"product_brand","embeddable":true,"href":"https:\/\/watchdeluxe.it\/fr\/wp-json\/wp\/v2\/product_brand?post=112569"},{"taxonomy":"product_cat","embeddable":true,"href":"https:\/\/watchdeluxe.it\/fr\/wp-json\/wp\/v2\/product_cat?post=112569"},{"taxonomy":"product_tag","embeddable":true,"href":"https:\/\/watchdeluxe.it\/fr\/wp-json\/wp\/v2\/product_tag?post=112569"},{"taxonomy":"berocket_brand","embeddable":true,"href":"https:\/\/watchdeluxe.it\/fr\/wp-json\/wp\/v2\/berocket_brand?post=112569"},{"taxonomy":"woo-feed-brand","embeddable":true,"href":"https:\/\/watchdeluxe.it\/fr\/wp-json\/wp\/v2\/woo-feed-brand?post=112569"}],"curies":[{"name":"wp","href":"https:\/\/api.w.org\/{rel}","templated":true}]}}