{"id":111277,"date":"2024-11-27T15:30:25","date_gmt":"2024-11-27T14:30:25","guid":{"rendered":"https:\/\/watchdeluxe.it\/prodotto\/omega-constellation-28-mm-meteorite-ref-131-15-28-60-99-001\/"},"modified":"2024-11-27T15:30:25","modified_gmt":"2024-11-27T14:30:25","slug":"omega-constellation-28-mm-meteorite-ref-131-15-28-60-99-001","status":"publish","type":"product","link":"https:\/\/watchdeluxe.it\/fr\/prodotto\/omega-constellation-28-mm-meteorite-ref-131-15-28-60-99-001\/","title":{"rendered":"Omega Constellation 28 mm m\u00e9t\u00e9orite r\u00e9f. 131.15.28.60.99.001"},"content":{"rendered":"<p>Omega Constellation 28 mm m\u00e9t\u00e9orite r\u00e9f. 131.15.28.60.99.001 Distance entre cornes 17.5 mm De corne \u00e0 corne 30.5 mm Epaisseur 8.5 mm Diam\u00e8tre 28 mm<\/p>\n<p>Bo\u00eetier en acier<\/p>\n<p>Couleur du cadran Lavande<\/p>\n<p>Verre saphir<\/p>\n<p>D\u00f4me inrayable avec traitement antireflet sur les deux faces Etanch\u00e9it\u00e9 3 bars (30 m\u00e8tres \/ 100 pieds) Poids total du produit (env.) 81 gCalibreOmega 4061Type de mouvement Quartz<\/p>\n","protected":false},"excerpt":{"rendered":"<p>Omega Constellation 28 mm m\u00e9t\u00e9orite r\u00e9f. 131.15.28.60.99.001 Distance entre cornes 17.5 mm De corne \u00e0 corne 30.5 mm Epaisseur 8.5 mm Diam\u00e8tre 28 mm Bo\u00eetier en acier Couleur du cadran Lavande Verre saphir D\u00f4me inrayable avec traitement antireflet sur les deux faces Etanch\u00e9it\u00e9 3 bars (30 m\u00e8tres \/ 100 pieds) Poids total du produit (env.) [&hellip;]<\/p>\n","protected":false},"featured_media":111283,"template":"","meta":{"_crdt_document":"","advanced_seo_description":"","jetpack_seo_html_title":"","jetpack_seo_noindex":false},"product_brand":[2155],"product_cat":[2310],"product_tag":[2977],"berocket_brand":[],"woo-feed-brand":[],"class_list":{"0":"post-111277","1":"product","2":"type-product","3":"status-publish","4":"has-post-thumbnail","6":"product_brand-omega","7":"product_cat-omega-fr","8":"product_tag-constellation-fr","10":"first","11":"instock","12":"sale","13":"taxable","14":"shipping-taxable","15":"purchasable","16":"product-type-simple"},"bundled_by":[],"bundle_stock_status":"instock","bundle_stock_quantity":1,"bundle_virtual":false,"bundle_layout":"","bundle_add_to_cart_form_location":"","bundle_editable_in_cart":false,"bundle_sold_individually_context":"","bundle_item_grouping":"","bundle_min_size":"","bundle_max_size":"","bundle_price":[],"bundled_items":[],"bundle_sell_ids":[],"group_of_quantity":0,"min_quantity":0,"max_quantity":"","exclude_order_quantity_value_rules":"no","exclude_category_quantity_rules":"no","combine_variations":"no","jetpack_sharing_enabled":true,"jetpack_likes_enabled":true,"_links":{"self":[{"href":"https:\/\/watchdeluxe.it\/fr\/wp-json\/wp\/v2\/product\/111277","targetHints":{"allow":["GET"]}}],"collection":[{"href":"https:\/\/watchdeluxe.it\/fr\/wp-json\/wp\/v2\/product"}],"about":[{"href":"https:\/\/watchdeluxe.it\/fr\/wp-json\/wp\/v2\/types\/product"}],"wp:featuredmedia":[{"embeddable":true,"href":"https:\/\/watchdeluxe.it\/fr\/wp-json\/wp\/v2\/media\/111283"}],"wp:attachment":[{"href":"https:\/\/watchdeluxe.it\/fr\/wp-json\/wp\/v2\/media?parent=111277"}],"wp:term":[{"taxonomy":"product_brand","embeddable":true,"href":"https:\/\/watchdeluxe.it\/fr\/wp-json\/wp\/v2\/product_brand?post=111277"},{"taxonomy":"product_cat","embeddable":true,"href":"https:\/\/watchdeluxe.it\/fr\/wp-json\/wp\/v2\/product_cat?post=111277"},{"taxonomy":"product_tag","embeddable":true,"href":"https:\/\/watchdeluxe.it\/fr\/wp-json\/wp\/v2\/product_tag?post=111277"},{"taxonomy":"berocket_brand","embeddable":true,"href":"https:\/\/watchdeluxe.it\/fr\/wp-json\/wp\/v2\/berocket_brand?post=111277"},{"taxonomy":"woo-feed-brand","embeddable":true,"href":"https:\/\/watchdeluxe.it\/fr\/wp-json\/wp\/v2\/woo-feed-brand?post=111277"}],"curies":[{"name":"wp","href":"https:\/\/api.w.org\/{rel}","templated":true}]}}