{"id":111212,"date":"2024-11-26T16:40:29","date_gmt":"2024-11-26T15:40:29","guid":{"rendered":"https:\/\/watchdeluxe.it\/prodotto\/nomos-tangente-38-date-katzengold-ref-179-s8\/"},"modified":"2025-11-26T10:12:07","modified_gmt":"2025-11-26T09:12:07","slug":"nomos-tangente-38-date-katzengold-ref-179-s8","status":"publish","type":"product","link":"https:\/\/watchdeluxe.it\/fr\/prodotto\/nomos-tangente-38-date-katzengold-ref-179-s8\/","title":{"rendered":"Nomos Tangente 38 date Katzengold ref. 179.s8"},"content":{"rendered":"<p>Nomos Tangente 38 date Katzengold ref. 179.s8<\/p>\n<div class=\"list-couple\">\n<div class=\"specs-list\">\n<dl>\n<dt>Bo\u00eetier<\/dt>\n<dd>\nacier inoxydable, fond saphir bipartite<\/dd>\n<\/dl>\n<dl>\n<dt>Verre<\/dt>\n<dd>verre saphir<\/dd>\n<\/dl>\n<dl>\n<dt>Charge<\/dt>\n<dd>manuel<\/dd>\n<\/dl>\n<dl>\n<dt>Dimensions<\/dt>\n<dd>\n<p>diam\u00e8tre <span class=\"size-property\"> 37,5 mm <\/span> \u00e9paisseur<span class=\"size-property\"> 6,8 mm <\/span> Taille de la boucle ext\u00e9rieure<span class=\"size-property\"> 47,7 mm <\/span><\/dd>\n<\/dl>\n<dl>\n<dt>R\u00e9sistance \u00e0 l&#8217;eau<\/dt>\n<dd>3 atm (r\u00e9sistant aux \u00e9claboussures)<\/dd>\n<\/dl>\n<\/div>\n<div class=\"specs-list\">\n<dl>\n<dt>Cadran<\/dt>\n<dd>\n<p>soleil jaune, anneau des minutes blanc cr\u00e8me, affichage de la date des secondes rose \u00e0 6 heures, fond de date blanc-argent\u00e9<\/dd>\n<\/dl>\n<dl>\n<dt>Mains<\/dt>\n<dd>rhodi\u00e9es<\/dd>\n<\/dl>\n<dl>\n<dt>sangle<\/dt>\n<dd>bracelet en tissu gris clair, tiss\u00e9, r\u00e9sistant \u00e0 l&#8217;eau<br \/>\n<span class=\"size-property\"> largeur des cornes 19 mm <\/span><\/dd>\n<\/dl>\n<dl>\n<dt>\u00c9DITION LIMIT\u00c9E AVEC GRAVURE<\/dt>\n<dd>Edition limit\u00e9e Tangente &#8211; 175 ans d&#8217;horlogerie Glash\u00fctte Katzengold 1\/175<\/dd>\n<\/dl>\n<\/div>\n<\/div>\n","protected":false},"excerpt":{"rendered":"<p>Nomos Tangente 38 date Katzengold ref. 179.s8 Bo\u00eetier acier inoxydable, fond saphir bipartite Verre verre saphir Charge manuel Dimensions diam\u00e8tre 37,5 mm \u00e9paisseur 6,8 mm Taille de la boucle ext\u00e9rieure 47,7 mm R\u00e9sistance \u00e0 l&#8217;eau 3 atm (r\u00e9sistant aux \u00e9claboussures) Cadran soleil jaune, anneau des minutes blanc cr\u00e8me, affichage de la date des secondes rose [&hellip;]<\/p>\n","protected":false},"featured_media":127125,"template":"","meta":{"_crdt_document":"","advanced_seo_description":"","jetpack_seo_html_title":"","jetpack_seo_noindex":false},"product_brand":[2154],"product_cat":[3908],"product_tag":[],"berocket_brand":[],"woo-feed-brand":[],"class_list":{"0":"post-111212","1":"product","2":"type-product","3":"status-publish","4":"has-post-thumbnail","6":"product_brand-nomos-glashutte","7":"product_cat-sans-categorie","9":"first","10":"outofstock","11":"sale","12":"taxable","13":"shipping-taxable","14":"purchasable","15":"product-type-simple"},"bundled_by":[],"bundle_stock_status":"outofstock","bundle_stock_quantity":0,"bundle_virtual":false,"bundle_layout":"","bundle_add_to_cart_form_location":"","bundle_editable_in_cart":false,"bundle_sold_individually_context":"","bundle_item_grouping":"","bundle_min_size":"","bundle_max_size":"","bundle_price":[],"bundled_items":[],"bundle_sell_ids":[],"group_of_quantity":0,"min_quantity":0,"max_quantity":"","exclude_order_quantity_value_rules":"no","exclude_category_quantity_rules":"no","combine_variations":"no","jetpack_sharing_enabled":true,"jetpack_likes_enabled":true,"_links":{"self":[{"href":"https:\/\/watchdeluxe.it\/fr\/wp-json\/wp\/v2\/product\/111212","targetHints":{"allow":["GET"]}}],"collection":[{"href":"https:\/\/watchdeluxe.it\/fr\/wp-json\/wp\/v2\/product"}],"about":[{"href":"https:\/\/watchdeluxe.it\/fr\/wp-json\/wp\/v2\/types\/product"}],"wp:featuredmedia":[{"embeddable":true,"href":"https:\/\/watchdeluxe.it\/fr\/wp-json\/"}],"wp:attachment":[{"href":"https:\/\/watchdeluxe.it\/fr\/wp-json\/wp\/v2\/media?parent=111212"}],"wp:term":[{"taxonomy":"product_brand","embeddable":true,"href":"https:\/\/watchdeluxe.it\/fr\/wp-json\/wp\/v2\/product_brand?post=111212"},{"taxonomy":"product_cat","embeddable":true,"href":"https:\/\/watchdeluxe.it\/fr\/wp-json\/wp\/v2\/product_cat?post=111212"},{"taxonomy":"product_tag","embeddable":true,"href":"https:\/\/watchdeluxe.it\/fr\/wp-json\/wp\/v2\/product_tag?post=111212"},{"taxonomy":"berocket_brand","embeddable":true,"href":"https:\/\/watchdeluxe.it\/fr\/wp-json\/wp\/v2\/berocket_brand?post=111212"},{"taxonomy":"woo-feed-brand","embeddable":true,"href":"https:\/\/watchdeluxe.it\/fr\/wp-json\/wp\/v2\/woo-feed-brand?post=111212"}],"curies":[{"name":"wp","href":"https:\/\/api.w.org\/{rel}","templated":true}]}}