{"id":111057,"date":"2024-11-26T16:04:38","date_gmt":"2024-11-26T15:04:38","guid":{"rendered":"https:\/\/watchdeluxe.it\/prodotto\/nomos-tangente-38-date-pastell-ref-179-s21\/"},"modified":"2026-04-17T10:15:40","modified_gmt":"2026-04-17T08:15:40","slug":"nomos-tangente-38-date-pastell-ref-179-s21","status":"publish","type":"product","link":"https:\/\/watchdeluxe.it\/fr\/prodotto\/nomos-tangente-38-date-pastell-ref-179-s21\/","title":{"rendered":"Nomos Tangente 38 Date Pastell ref. 179.s21"},"content":{"rendered":"<p>Nomos Tangente 38 Date Pastell ref. 179.s21<\/p>\n<div class=\"list-couple\">\n<div class=\"specs-list\">\n<dl>\n<dt>Bo\u00eetier<\/dt>\n<dd>\nacier inoxydable, fond saphir bipartite<\/dd>\n<\/dl>\n<dl>\n<dt>Verre<\/dt>\n<dd>verre saphir<\/dd>\n<\/dl>\n<dl>\n<dt>Charge<\/dt>\n<dd>manuel<\/dd>\n<\/dl>\n<dl>\n<dt>Dimensions<\/dt>\n<dd>\n<p>diam\u00e8tre <span class=\"size-property\"> 37,5 mm <\/span> \u00e9paisseur<span class=\"size-property\"> 6,8 mm <\/span> Taille de la boucle ext\u00e9rieure<span class=\"size-property\"> 47,7 mm <\/span><\/dd>\n<\/dl>\n<dl>\n<dt>R\u00e9sistance \u00e0 l&#8217;eau<\/dt>\n<dd>3 atm (r\u00e9sistant aux \u00e9claboussures)<\/dd>\n<\/dl>\n<\/div>\n<div class=\"specs-list\">\n<dl>\n<dt>Cadran<\/dt>\n<dd>\n<p>anneau des minutes rose corail, anneau ext\u00e9rieur corail, affichage de la date en second plan beige clair \u00e0 6 heures, fond de date blanc-argent\u00e9<\/dd>\n<\/dl>\n<dl>\n<dt>Mains<\/dt>\n<dd>rhodi\u00e9es<\/dd>\n<\/dl>\n<dl>\n<dt>sangle<\/dt>\n<dd>bracelet en tissu gris clair, tiss\u00e9, r\u00e9sistant \u00e0 l&#8217;eau<br \/>\n<span class=\"size-property\"> largeur des cornes 19 mm <\/span><\/dd>\n<\/dl>\n<dl>\n<dt>\u00c9DITION LIMIT\u00c9E AVEC GRAVURE<\/dt>\n<dd>Edition limit\u00e9e Tangente &#8211; 175 ans d&#8217;horlogerie Glash\u00fctte Pastell 1\/175<\/dd>\n<\/dl>\n<\/div>\n<\/div>\n","protected":false},"excerpt":{"rendered":"<p>Nomos Tangente 38 Date Pastell ref. 179.s21 Bo\u00eetier acier inoxydable, fond saphir bipartite Verre verre saphir Charge manuel Dimensions diam\u00e8tre 37,5 mm \u00e9paisseur 6,8 mm Taille de la boucle ext\u00e9rieure 47,7 mm R\u00e9sistance \u00e0 l&#8217;eau 3 atm (r\u00e9sistant aux \u00e9claboussures) Cadran anneau des minutes rose corail, anneau ext\u00e9rieur corail, affichage de la date en second [&hellip;]<\/p>\n","protected":false},"featured_media":176714,"template":"","meta":{"_crdt_document":"","advanced_seo_description":"","jetpack_seo_html_title":"","jetpack_seo_noindex":false},"product_brand":[],"product_cat":[2376],"product_tag":[2417],"berocket_brand":[],"woo-feed-brand":[],"class_list":{"0":"post-111057","1":"product","2":"type-product","3":"status-publish","4":"has-post-thumbnail","6":"product_cat-nomos-glashutte-fr","7":"product_tag-tangente-fr","9":"first","10":"instock","11":"sale","12":"taxable","13":"shipping-taxable","14":"purchasable","15":"product-type-simple"},"bundled_by":[],"bundle_stock_status":"instock","bundle_stock_quantity":1,"bundle_virtual":false,"bundle_layout":"","bundle_add_to_cart_form_location":"","bundle_editable_in_cart":false,"bundle_sold_individually_context":"","bundle_item_grouping":"","bundle_min_size":"","bundle_max_size":"","bundle_price":[],"bundled_items":[],"bundle_sell_ids":[],"group_of_quantity":0,"min_quantity":0,"max_quantity":"","exclude_order_quantity_value_rules":"no","exclude_category_quantity_rules":"no","combine_variations":"no","jetpack_sharing_enabled":true,"jetpack_likes_enabled":true,"_links":{"self":[{"href":"https:\/\/watchdeluxe.it\/fr\/wp-json\/wp\/v2\/product\/111057","targetHints":{"allow":["GET"]}}],"collection":[{"href":"https:\/\/watchdeluxe.it\/fr\/wp-json\/wp\/v2\/product"}],"about":[{"href":"https:\/\/watchdeluxe.it\/fr\/wp-json\/wp\/v2\/types\/product"}],"wp:featuredmedia":[{"embeddable":true,"href":"https:\/\/watchdeluxe.it\/fr\/wp-json\/wp\/v2\/media\/176714"}],"wp:attachment":[{"href":"https:\/\/watchdeluxe.it\/fr\/wp-json\/wp\/v2\/media?parent=111057"}],"wp:term":[{"taxonomy":"product_brand","embeddable":true,"href":"https:\/\/watchdeluxe.it\/fr\/wp-json\/wp\/v2\/product_brand?post=111057"},{"taxonomy":"product_cat","embeddable":true,"href":"https:\/\/watchdeluxe.it\/fr\/wp-json\/wp\/v2\/product_cat?post=111057"},{"taxonomy":"product_tag","embeddable":true,"href":"https:\/\/watchdeluxe.it\/fr\/wp-json\/wp\/v2\/product_tag?post=111057"},{"taxonomy":"berocket_brand","embeddable":true,"href":"https:\/\/watchdeluxe.it\/fr\/wp-json\/wp\/v2\/berocket_brand?post=111057"},{"taxonomy":"woo-feed-brand","embeddable":true,"href":"https:\/\/watchdeluxe.it\/fr\/wp-json\/wp\/v2\/woo-feed-brand?post=111057"}],"curies":[{"name":"wp","href":"https:\/\/api.w.org\/{rel}","templated":true}]}}