{"id":110642,"date":"2024-11-25T15:43:02","date_gmt":"2024-11-25T14:43:02","guid":{"rendered":"https:\/\/watchdeluxe.it\/prodotto\/baume-mercier-clifton-baumatic-ref-m0a10758\/"},"modified":"2024-11-25T15:43:02","modified_gmt":"2024-11-25T14:43:02","slug":"baume-mercier-clifton-baumatic-ref-m0a10758","status":"publish","type":"product","link":"https:\/\/watchdeluxe.it\/fr\/prodotto\/baume-mercier-clifton-baumatic-ref-m0a10758\/","title":{"rendered":"Baume &amp; Mercier Clifton Baumatic ref. M0A10758"},"content":{"rendered":"<p>Baume &amp; Mercier Clifton Baumatic ref. M0A10758<\/p>\n<p><strong>Mouvement<\/strong>: automatique de manufacture, Baumatic BM13-1975AC1<br \/>\n<strong>Caract\u00e9ristiques du calibre<\/strong>: fr\u00e9quence 28800.0vph\/4.0hz, r\u00e9serve de marche de 5 jours, antimagn\u00e9tique<br \/>\n<strong>Fonction<\/strong>: phases de lune avec aiguille de calendrier, seconde centrale, minutes et heures<br \/>\n<strong>Mat\u00e9riau du bo\u00eetier<\/strong>: acier inoxydable poli et satin\u00e9, verre saphir \u00e0 l&#8217;avant et \u00e0 l&#8217;arri\u00e8re.<br \/>\n<strong>Diam\u00e8tre et \u00e9paisseur du bo\u00eetier<\/strong>: 39,0 mm x 11,1 mm<br \/>\n<strong>Cadran<\/strong>: laqu\u00e9 gris avec effet ombr\u00e9, index et aiguilles en or rose <strong>Bracelet :<\/strong> cuir d&#8217;alligator noir, boucle d\u00e9ployante triple avec cran de s\u00e9curit\u00e9<\/p>\n<p><strong>R\u00e9sistance \u00e0 l&#8217;eau<\/strong>: 5 ATM (environ 50 m)<\/p>\n","protected":false},"excerpt":{"rendered":"<p>Baume &amp; Mercier Clifton Baumatic ref. M0A10758 Mouvement: automatique de manufacture, Baumatic BM13-1975AC1 Caract\u00e9ristiques du calibre: fr\u00e9quence 28800.0vph\/4.0hz, r\u00e9serve de marche de 5 jours, antimagn\u00e9tique Fonction: phases de lune avec aiguille de calendrier, seconde centrale, minutes et heures Mat\u00e9riau du bo\u00eetier: acier inoxydable poli et satin\u00e9, verre saphir \u00e0 l&#8217;avant et \u00e0 l&#8217;arri\u00e8re. Diam\u00e8tre et [&hellip;]<\/p>\n","protected":false},"featured_media":110636,"template":"","meta":{"_crdt_document":"","advanced_seo_description":"","jetpack_seo_html_title":"","jetpack_seo_noindex":false},"product_brand":[],"product_cat":[5515],"product_tag":[2621],"berocket_brand":[],"woo-feed-brand":[],"class_list":{"0":"post-110642","1":"product","2":"type-product","3":"status-publish","4":"has-post-thumbnail","6":"product_cat-baume-mercier-fr2","7":"product_tag-clifton-fr","9":"first","10":"instock","11":"sale","12":"taxable","13":"shipping-taxable","14":"purchasable","15":"product-type-simple"},"bundled_by":[],"bundle_stock_status":"instock","bundle_stock_quantity":1,"bundle_virtual":false,"bundle_layout":"","bundle_add_to_cart_form_location":"","bundle_editable_in_cart":false,"bundle_sold_individually_context":"","bundle_item_grouping":"","bundle_min_size":"","bundle_max_size":"","bundle_price":[],"bundled_items":[],"bundle_sell_ids":[],"group_of_quantity":0,"min_quantity":0,"max_quantity":"","exclude_order_quantity_value_rules":"no","exclude_category_quantity_rules":"no","combine_variations":"no","jetpack_sharing_enabled":true,"jetpack_likes_enabled":true,"_links":{"self":[{"href":"https:\/\/watchdeluxe.it\/fr\/wp-json\/wp\/v2\/product\/110642","targetHints":{"allow":["GET"]}}],"collection":[{"href":"https:\/\/watchdeluxe.it\/fr\/wp-json\/wp\/v2\/product"}],"about":[{"href":"https:\/\/watchdeluxe.it\/fr\/wp-json\/wp\/v2\/types\/product"}],"wp:featuredmedia":[{"embeddable":true,"href":"https:\/\/watchdeluxe.it\/fr\/wp-json\/wp\/v2\/media\/110636"}],"wp:attachment":[{"href":"https:\/\/watchdeluxe.it\/fr\/wp-json\/wp\/v2\/media?parent=110642"}],"wp:term":[{"taxonomy":"product_brand","embeddable":true,"href":"https:\/\/watchdeluxe.it\/fr\/wp-json\/wp\/v2\/product_brand?post=110642"},{"taxonomy":"product_cat","embeddable":true,"href":"https:\/\/watchdeluxe.it\/fr\/wp-json\/wp\/v2\/product_cat?post=110642"},{"taxonomy":"product_tag","embeddable":true,"href":"https:\/\/watchdeluxe.it\/fr\/wp-json\/wp\/v2\/product_tag?post=110642"},{"taxonomy":"berocket_brand","embeddable":true,"href":"https:\/\/watchdeluxe.it\/fr\/wp-json\/wp\/v2\/berocket_brand?post=110642"},{"taxonomy":"woo-feed-brand","embeddable":true,"href":"https:\/\/watchdeluxe.it\/fr\/wp-json\/wp\/v2\/woo-feed-brand?post=110642"}],"curies":[{"name":"wp","href":"https:\/\/api.w.org\/{rel}","templated":true}]}}