{"id":110483,"date":"2024-11-25T11:58:14","date_gmt":"2024-11-25T10:58:14","guid":{"rendered":"https:\/\/watchdeluxe.it\/prodotto\/montblanc-soft-compact-shoulder-bag-ref-198742\/"},"modified":"2024-11-25T11:58:14","modified_gmt":"2024-11-25T10:58:14","slug":"montblanc-soft-compact-shoulder-bag-ref-198742","status":"publish","type":"product","link":"https:\/\/watchdeluxe.it\/fr\/prodotto\/montblanc-soft-compact-shoulder-bag-ref-198742\/","title":{"rendered":"Montblanc Soft Compact Shoulder Bag ref. 198742"},"content":{"rendered":"<p>Montblanc Soft Compact Shoulder Bag ref. 198742<\/p>\n<p><span class=\"value\">Ce sac \u00e0 bandouli\u00e8re tendance de la s\u00e9rie Soft met en valeur l&#8217;extraordinaire savoir-faire de Montblanc avec son cuir noir souple et son design innovant, compl\u00e9t\u00e9 par des poches ext\u00e9rieures pour un acc\u00e8s facile aux objets essentiels. Chaque d\u00e9tail, des coutures aux glissi\u00e8res, est con\u00e7u pour refl\u00e9ter la forme d&#8217;une plume, le c\u0153ur de l&#8217;h\u00e9ritage et de l&#8217;essence de Montblanc. <\/span><\/p>\n<ul class=\"mt-16 grid grid-cols-[repeat(2,1fr)] gap-x-10 gap-y-20 sm:mt-33 sm:grid-cols-[repeat(auto-fill,minmax(20%,_1fr))] sm:gap-y-30\">\n<li class=\"\"><span class=\" font-serif text-body-12 leading-[1] sm:text-captions-14 block\">Mati\u00e8re<\/span><span class=\" text-body-12 font-medium sm:text-captions-14\">Cuir de veau<\/span><\/li>\n<li class=\"\"><span class=\" font-serif text-body-12 leading-[1] sm:text-captions-14 block\">COULEUR<\/span><span class=\" text-body-12 font-medium sm:text-captions-14\">Noir<\/span><\/li>\n<li class=\"\"><span class=\" font-serif text-body-12 leading-[1] sm:text-captions-14 block\">Dimensions : 170 x 60 x H 270 MM<\/span><span class=\" text-body-12 font-medium sm:text-captions-14\">170 x 60 x H 270 MM<\/span><\/li>\n<\/ul>\n","protected":false},"excerpt":{"rendered":"<p>Montblanc Soft Compact Shoulder Bag ref. 198742 Ce sac \u00e0 bandouli\u00e8re tendance de la s\u00e9rie Soft met en valeur l&#8217;extraordinaire savoir-faire de Montblanc avec son cuir noir souple et son design innovant, compl\u00e9t\u00e9 par des poches ext\u00e9rieures pour un acc\u00e8s facile aux objets essentiels. Chaque d\u00e9tail, des coutures aux glissi\u00e8res, est con\u00e7u pour refl\u00e9ter la [&hellip;]<\/p>\n","protected":false},"featured_media":110476,"template":"","meta":{"_crdt_document":"","advanced_seo_description":"","jetpack_seo_html_title":"","jetpack_seo_noindex":false},"product_brand":[],"product_cat":[2241],"product_tag":[2394],"berocket_brand":[],"woo-feed-brand":[],"class_list":{"0":"post-110483","1":"product","2":"type-product","3":"status-publish","4":"has-post-thumbnail","6":"product_cat-montblanc-fr","7":"product_tag-sacs","9":"first","10":"instock","11":"sale","12":"taxable","13":"shipping-taxable","14":"purchasable","15":"product-type-simple"},"bundled_by":[],"bundle_stock_status":"instock","bundle_stock_quantity":1,"bundle_virtual":false,"bundle_layout":"","bundle_add_to_cart_form_location":"","bundle_editable_in_cart":false,"bundle_sold_individually_context":"","bundle_item_grouping":"","bundle_min_size":"","bundle_max_size":"","bundle_price":[],"bundled_items":[],"bundle_sell_ids":[],"group_of_quantity":0,"min_quantity":0,"max_quantity":"","exclude_order_quantity_value_rules":"no","exclude_category_quantity_rules":"no","combine_variations":"no","jetpack_sharing_enabled":true,"jetpack_likes_enabled":true,"_links":{"self":[{"href":"https:\/\/watchdeluxe.it\/fr\/wp-json\/wp\/v2\/product\/110483","targetHints":{"allow":["GET"]}}],"collection":[{"href":"https:\/\/watchdeluxe.it\/fr\/wp-json\/wp\/v2\/product"}],"about":[{"href":"https:\/\/watchdeluxe.it\/fr\/wp-json\/wp\/v2\/types\/product"}],"wp:featuredmedia":[{"embeddable":true,"href":"https:\/\/watchdeluxe.it\/fr\/wp-json\/wp\/v2\/media\/110476"}],"wp:attachment":[{"href":"https:\/\/watchdeluxe.it\/fr\/wp-json\/wp\/v2\/media?parent=110483"}],"wp:term":[{"taxonomy":"product_brand","embeddable":true,"href":"https:\/\/watchdeluxe.it\/fr\/wp-json\/wp\/v2\/product_brand?post=110483"},{"taxonomy":"product_cat","embeddable":true,"href":"https:\/\/watchdeluxe.it\/fr\/wp-json\/wp\/v2\/product_cat?post=110483"},{"taxonomy":"product_tag","embeddable":true,"href":"https:\/\/watchdeluxe.it\/fr\/wp-json\/wp\/v2\/product_tag?post=110483"},{"taxonomy":"berocket_brand","embeddable":true,"href":"https:\/\/watchdeluxe.it\/fr\/wp-json\/wp\/v2\/berocket_brand?post=110483"},{"taxonomy":"woo-feed-brand","embeddable":true,"href":"https:\/\/watchdeluxe.it\/fr\/wp-json\/wp\/v2\/woo-feed-brand?post=110483"}],"curies":[{"name":"wp","href":"https:\/\/api.w.org\/{rel}","templated":true}]}}