{"id":109728,"date":"2025-01-10T10:58:28","date_gmt":"2025-01-10T09:58:28","guid":{"rendered":"https:\/\/watchdeluxe.it\/prodotto\/oris-divers-date-39-mmm-ref-73377954055-set\/"},"modified":"2025-01-10T10:58:46","modified_gmt":"2025-01-10T09:58:46","slug":"oris-divers-date-39-mmm-ref-73377954055-set","status":"publish","type":"product","link":"https:\/\/watchdeluxe.it\/fr\/prodotto\/oris-divers-date-39-mmm-ref-73377954055-set\/","title":{"rendered":"Oris Divers Date 39 mmm r\u00e9f. 73377954055-SET"},"content":{"rendered":"<p>Oris Divers Date 39 mmm ref. 73377954055-SET <strong>Taille :<\/strong> 39 mm <strong>Mouvement :<\/strong> Automatique, <span class=\"watch-feature-text-big ng-binding\">Oris 733-1<\/span> <strong>Mat\u00e9riau du bo\u00eetier :<\/strong> Acier, lunette en c\u00e9ramique <strong>Fond :<\/strong> Verre saphir<\/p>\n<p><strong>Cadran :<\/strong> bleu<br \/>\n<strong>Mat\u00e9riau du bracelet :<\/strong> acier, avec bracelet suppl\u00e9mentaire en caoutchouc<br \/>\n<strong>R\u00e9sistance \u00e0 l&#8217;eau :<\/strong> 200M<\/p>\n","protected":false},"excerpt":{"rendered":"<p>Oris Divers Date 39 mmm ref. 73377954055-SET Taille : 39 mm Mouvement : Automatique, Oris 733-1 Mat\u00e9riau du bo\u00eetier : Acier, lunette en c\u00e9ramique Fond : Verre saphir Cadran : bleu Mat\u00e9riau du bracelet : acier, avec bracelet suppl\u00e9mentaire en caoutchouc R\u00e9sistance \u00e0 l&#8217;eau : 200M<\/p>\n","protected":false},"featured_media":109721,"template":"","meta":{"_crdt_document":"","advanced_seo_description":"","jetpack_seo_html_title":"","jetpack_seo_noindex":false},"product_brand":[2156],"product_cat":[2465],"product_tag":[2467],"berocket_brand":[],"woo-feed-brand":[],"class_list":{"0":"post-109728","1":"product","2":"type-product","3":"status-publish","4":"has-post-thumbnail","6":"product_brand-oris","7":"product_cat-oris-fr","8":"product_tag-plongeurs","10":"first","11":"instock","12":"sale","13":"taxable","14":"shipping-taxable","15":"purchasable","16":"product-type-simple"},"bundled_by":[],"bundle_stock_status":"instock","bundle_stock_quantity":1,"bundle_virtual":false,"bundle_layout":"","bundle_add_to_cart_form_location":"","bundle_editable_in_cart":false,"bundle_sold_individually_context":"","bundle_item_grouping":"","bundle_min_size":"","bundle_max_size":"","bundle_price":[],"bundled_items":[],"bundle_sell_ids":[],"group_of_quantity":0,"min_quantity":0,"max_quantity":"","exclude_order_quantity_value_rules":"no","exclude_category_quantity_rules":"no","combine_variations":"no","jetpack_sharing_enabled":true,"jetpack_likes_enabled":true,"_links":{"self":[{"href":"https:\/\/watchdeluxe.it\/fr\/wp-json\/wp\/v2\/product\/109728","targetHints":{"allow":["GET"]}}],"collection":[{"href":"https:\/\/watchdeluxe.it\/fr\/wp-json\/wp\/v2\/product"}],"about":[{"href":"https:\/\/watchdeluxe.it\/fr\/wp-json\/wp\/v2\/types\/product"}],"wp:featuredmedia":[{"embeddable":true,"href":"https:\/\/watchdeluxe.it\/fr\/wp-json\/wp\/v2\/media\/109721"}],"wp:attachment":[{"href":"https:\/\/watchdeluxe.it\/fr\/wp-json\/wp\/v2\/media?parent=109728"}],"wp:term":[{"taxonomy":"product_brand","embeddable":true,"href":"https:\/\/watchdeluxe.it\/fr\/wp-json\/wp\/v2\/product_brand?post=109728"},{"taxonomy":"product_cat","embeddable":true,"href":"https:\/\/watchdeluxe.it\/fr\/wp-json\/wp\/v2\/product_cat?post=109728"},{"taxonomy":"product_tag","embeddable":true,"href":"https:\/\/watchdeluxe.it\/fr\/wp-json\/wp\/v2\/product_tag?post=109728"},{"taxonomy":"berocket_brand","embeddable":true,"href":"https:\/\/watchdeluxe.it\/fr\/wp-json\/wp\/v2\/berocket_brand?post=109728"},{"taxonomy":"woo-feed-brand","embeddable":true,"href":"https:\/\/watchdeluxe.it\/fr\/wp-json\/wp\/v2\/woo-feed-brand?post=109728"}],"curies":[{"name":"wp","href":"https:\/\/api.w.org\/{rel}","templated":true}]}}