{"id":109698,"date":"2024-11-05T15:54:05","date_gmt":"2024-11-05T14:54:05","guid":{"rendered":"https:\/\/watchdeluxe.it\/prodotto\/hamilton-jazzmaster-performer-chronographe-ref-h36606110\/"},"modified":"2026-05-08T17:58:36","modified_gmt":"2026-05-08T15:58:36","slug":"hamilton-jazzmaster-performer-chronographe-ref-h36606110","status":"publish","type":"product","link":"https:\/\/watchdeluxe.it\/fr\/prodotto\/hamilton-jazzmaster-performer-chronographe-ref-h36606110\/","title":{"rendered":"Hamilton Jazzmaster Performer chronographe r\u00e9f. H36606110"},"content":{"rendered":"<p>Hamilton Jazzmaster performer chronographe ref. H36606110<\/p>\n<div id=\"additional\" class=\"content\" role=\"tabpanel\" data-role=\"content\" aria-labelledby=\"tab-label-additional\" aria-hidden=\"false\">\n<ul class=\"product attribute details row no-margin no-style-ul\">\n<li><span class=\"attribute-label\">R\u00e9f\u00e9rence<\/span> <span class=\"attribute-value\">H36606110<\/span><\/li>\n<li><span class=\"attribute-label\">Calibre<\/span> <span class=\"attribute-value\">H-31<\/span><\/li>\n<li><span class=\"attribute-label\">Collection<\/span> <span class=\"attribute-value\">Jazzmaster<\/span><\/li>\n<li><span class=\"attribute-label\">Mouvement<\/span> <span class=\"attribute-value\">Remontage automatique<\/span><\/li>\n<li><span class=\"attribute-label\">Dimensions du bo\u00eetier<\/span> <span class=\"attribute-value\">42 mm<\/span><\/li>\n<li><span class=\"attribute-label\">\u00c9paisseur (mm)<\/span> <span class=\"attribute-value\">15.22<\/span><\/li>\n<li><span class=\"attribute-label\">Couleur du cadran<\/span> <span class=\"attribute-value\">blanc<\/span><\/li>\n<li><span class=\"attribute-label\">Mat\u00e9riau du bo\u00eetier<\/span> <span class=\"attribute-value\">Acier<\/span><\/li>\n<li><span class=\"attribute-label\">Verre<\/span> <span class=\"attribute-value\">Saphir<\/span><\/li>\n<li><span class=\"attribute-label\">Largeur de la boucle<\/span> <span class=\"attribute-value\">22 mm<\/span><\/li>\n<li><span class=\"attribute-label\">R\u00e9serve de marche<\/span> <span class=\"attribute-value\">60 heures<\/span><\/li>\n<li><span class=\"attribute-label\">Statut de la collection<\/span> <span class=\"attribute-value\">Collection actuelle<\/span><\/li>\n<li><span class=\"attribute-label\">R\u00e9sistance \u00e0 l&#8217;eau<\/span> <span class=\"attribute-value\">10 bars (100m)<\/span><\/li>\n<li><span class=\"attribute-label\">Anti-reflet<\/span> <span class=\"attribute-value\">Oui<\/span><\/li>\n<li><span class=\"attribute-label\">Dos visible<\/span> <span class=\"attribute-value\">Oui<\/span><\/li>\n<li><span class=\"attribute-label\">Couronne \u00e0 vis<\/span> <span class=\"attribute-value\">Oui<\/span><\/li>\n<li><span class=\"attribute-label\">Nivachron<\/span> <span class=\"attribute-value\">Oui<\/span><\/li>\n<\/ul>\n<\/div>\n","protected":false},"excerpt":{"rendered":"<p>Hamilton Jazzmaster performer chronographe ref. H36606110 R\u00e9f\u00e9rence H36606110 Calibre H-31 Collection Jazzmaster Mouvement Remontage automatique Dimensions du bo\u00eetier 42 mm \u00c9paisseur (mm) 15.22 Couleur du cadran blanc Mat\u00e9riau du bo\u00eetier Acier Verre Saphir Largeur de la boucle 22 mm R\u00e9serve de marche 60 heures Statut de la collection Collection actuelle R\u00e9sistance \u00e0 l&#8217;eau 10 bars [&hellip;]<\/p>\n","protected":false},"featured_media":109690,"template":"","meta":{"_crdt_document":"","advanced_seo_description":"","jetpack_seo_html_title":"","jetpack_seo_noindex":false},"product_brand":[],"product_cat":[2292],"product_tag":[2599],"berocket_brand":[],"woo-feed-brand":[],"class_list":{"0":"post-109698","1":"product","2":"type-product","3":"status-publish","4":"has-post-thumbnail","6":"product_cat-hamilton-fr","7":"product_tag-jazzmaster-fr","9":"first","10":"instock","11":"sale","12":"taxable","13":"shipping-taxable","14":"purchasable","15":"product-type-simple"},"bundled_by":[],"bundle_stock_status":"instock","bundle_stock_quantity":1,"bundle_virtual":false,"bundle_layout":"","bundle_add_to_cart_form_location":"","bundle_editable_in_cart":false,"bundle_sold_individually_context":"","bundle_item_grouping":"","bundle_min_size":"","bundle_max_size":"","bundle_price":[],"bundled_items":[],"bundle_sell_ids":[],"group_of_quantity":0,"min_quantity":0,"max_quantity":"","exclude_order_quantity_value_rules":"no","exclude_category_quantity_rules":"no","combine_variations":"no","jetpack_sharing_enabled":true,"jetpack_likes_enabled":true,"_links":{"self":[{"href":"https:\/\/watchdeluxe.it\/fr\/wp-json\/wp\/v2\/product\/109698","targetHints":{"allow":["GET"]}}],"collection":[{"href":"https:\/\/watchdeluxe.it\/fr\/wp-json\/wp\/v2\/product"}],"about":[{"href":"https:\/\/watchdeluxe.it\/fr\/wp-json\/wp\/v2\/types\/product"}],"wp:featuredmedia":[{"embeddable":true,"href":"https:\/\/watchdeluxe.it\/fr\/wp-json\/wp\/v2\/media\/109690"}],"wp:attachment":[{"href":"https:\/\/watchdeluxe.it\/fr\/wp-json\/wp\/v2\/media?parent=109698"}],"wp:term":[{"taxonomy":"product_brand","embeddable":true,"href":"https:\/\/watchdeluxe.it\/fr\/wp-json\/wp\/v2\/product_brand?post=109698"},{"taxonomy":"product_cat","embeddable":true,"href":"https:\/\/watchdeluxe.it\/fr\/wp-json\/wp\/v2\/product_cat?post=109698"},{"taxonomy":"product_tag","embeddable":true,"href":"https:\/\/watchdeluxe.it\/fr\/wp-json\/wp\/v2\/product_tag?post=109698"},{"taxonomy":"berocket_brand","embeddable":true,"href":"https:\/\/watchdeluxe.it\/fr\/wp-json\/wp\/v2\/berocket_brand?post=109698"},{"taxonomy":"woo-feed-brand","embeddable":true,"href":"https:\/\/watchdeluxe.it\/fr\/wp-json\/wp\/v2\/woo-feed-brand?post=109698"}],"curies":[{"name":"wp","href":"https:\/\/api.w.org\/{rel}","templated":true}]}}