{"id":109263,"date":"2024-10-02T15:26:07","date_gmt":"2024-10-02T13:26:07","guid":{"rendered":"https:\/\/watchdeluxe.it\/prodotto\/hamilton-khaki-field-murph-steel-38-mm-ref-h70405130\/"},"modified":"2024-10-02T15:26:07","modified_gmt":"2024-10-02T13:26:07","slug":"hamilton-khaki-field-murph-steel-38-mm-ref-h70405130","status":"publish","type":"product","link":"https:\/\/watchdeluxe.it\/fr\/prodotto\/hamilton-khaki-field-murph-steel-38-mm-ref-h70405130\/","title":{"rendered":"Hamilton Khaki Field Murph Steel 38 mm REF.\nH70405130"},"content":{"rendered":"<p>Hamilton Khaki Field Murph Steel 38 mm REF.<br \/>\nH70405130 Montre avec mouvement m\u00e9canique \u00e0 remontage automatique, calibre H-10 garantissant 80 heures de r\u00e9serve de marche.<br \/>\nBalancier-spiral Nivachron en alliage de titane, intouchable par les champs magn\u00e9tiques.<br \/>\nBo\u00eetier en acier inoxydable de 38 mm de diam\u00e8tre, largeur des cornes 20 mm. Couronne extractible molet\u00e9e pour la mise \u00e0 l&#8217;heure.<br \/>\nEtanche \u00e0 10 bars\/100 m\u00e8tres.<br \/>\nCadran noir poli, avec logo \u00e0 12 heures, aiguille lumibrite d\u00e9di\u00e9e visible dans l&#8217;obscurit\u00e9.<br \/>\nVerre saphir bomb\u00e9 antireflet.<br \/>\nFond transparent viss\u00e9.<br \/>\nBracelet en acier inoxydable avec boucle d\u00e9ployante portant le logo Hamilton.<\/p>\n","protected":false},"excerpt":{"rendered":"<p>Hamilton Khaki Field Murph Steel 38 mm REF. H70405130 Montre avec mouvement m\u00e9canique \u00e0 remontage automatique, calibre H-10 garantissant 80 heures de r\u00e9serve de marche. Balancier-spiral Nivachron en alliage de titane, intouchable par les champs magn\u00e9tiques. Bo\u00eetier en acier inoxydable de 38 mm de diam\u00e8tre, largeur des cornes 20 mm. Couronne extractible molet\u00e9e pour la [&hellip;]<\/p>\n","protected":false},"featured_media":109259,"template":"","meta":{"_crdt_document":"","advanced_seo_description":"","jetpack_seo_html_title":"","jetpack_seo_noindex":false},"product_brand":[],"product_cat":[2292],"product_tag":[2306],"berocket_brand":[],"woo-feed-brand":[],"class_list":{"0":"post-109263","1":"product","2":"type-product","3":"status-publish","4":"has-post-thumbnail","6":"product_cat-hamilton-fr","7":"product_tag-kaki","9":"first","10":"instock","11":"sale","12":"taxable","13":"shipping-taxable","14":"purchasable","15":"product-type-simple"},"bundled_by":[],"bundle_stock_status":"instock","bundle_stock_quantity":null,"bundle_virtual":false,"bundle_layout":"","bundle_add_to_cart_form_location":"","bundle_editable_in_cart":false,"bundle_sold_individually_context":"","bundle_item_grouping":"","bundle_min_size":"","bundle_max_size":"","bundle_price":[],"bundled_items":[],"bundle_sell_ids":[],"group_of_quantity":0,"min_quantity":0,"max_quantity":"","exclude_order_quantity_value_rules":"no","exclude_category_quantity_rules":"no","combine_variations":"no","jetpack_sharing_enabled":true,"jetpack_likes_enabled":true,"_links":{"self":[{"href":"https:\/\/watchdeluxe.it\/fr\/wp-json\/wp\/v2\/product\/109263","targetHints":{"allow":["GET"]}}],"collection":[{"href":"https:\/\/watchdeluxe.it\/fr\/wp-json\/wp\/v2\/product"}],"about":[{"href":"https:\/\/watchdeluxe.it\/fr\/wp-json\/wp\/v2\/types\/product"}],"wp:featuredmedia":[{"embeddable":true,"href":"https:\/\/watchdeluxe.it\/fr\/wp-json\/wp\/v2\/media\/109259"}],"wp:attachment":[{"href":"https:\/\/watchdeluxe.it\/fr\/wp-json\/wp\/v2\/media?parent=109263"}],"wp:term":[{"taxonomy":"product_brand","embeddable":true,"href":"https:\/\/watchdeluxe.it\/fr\/wp-json\/wp\/v2\/product_brand?post=109263"},{"taxonomy":"product_cat","embeddable":true,"href":"https:\/\/watchdeluxe.it\/fr\/wp-json\/wp\/v2\/product_cat?post=109263"},{"taxonomy":"product_tag","embeddable":true,"href":"https:\/\/watchdeluxe.it\/fr\/wp-json\/wp\/v2\/product_tag?post=109263"},{"taxonomy":"berocket_brand","embeddable":true,"href":"https:\/\/watchdeluxe.it\/fr\/wp-json\/wp\/v2\/berocket_brand?post=109263"},{"taxonomy":"woo-feed-brand","embeddable":true,"href":"https:\/\/watchdeluxe.it\/fr\/wp-json\/wp\/v2\/woo-feed-brand?post=109263"}],"curies":[{"name":"wp","href":"https:\/\/api.w.org\/{rel}","templated":true}]}}