{"id":109120,"date":"2024-09-27T17:46:25","date_gmt":"2024-09-27T15:46:25","guid":{"rendered":"https:\/\/watchdeluxe.it\/prodotto\/iwc-portuguese-42-ref-iw501704\/"},"modified":"2025-11-26T09:52:38","modified_gmt":"2025-11-26T08:52:38","slug":"iwc-portuguese-42-ref-iw501704","status":"publish","type":"product","link":"https:\/\/watchdeluxe.it\/fr\/prodotto\/iwc-portuguese-42-ref-iw501704\/","title":{"rendered":"Iwc Portuguese 42 ref. IW501704"},"content":{"rendered":"<p>Iwc Portuguese 42 ref. IW501704<\/p>\n<p>Bo\u00eetier en acier, remontage automatique, diam\u00e8tre 42,4 mm, bleu, bracelet en acier, largeur du bracelet 22,0 mm.<\/p>\n<ul class=\"iwc-product-information-details expanded\" role=\"list\" data-toggle-id=\"features-section-details\">\n<li class=\"iwc-product-detail-item\" role=\"listitem\">Petite seconde avec dispositif d&#8217;arr\u00eat<\/li>\n<li class=\"iwc-product-detail-item\" role=\"listitem\">Rotor avec m\u00e9daillon en or 18 carats<\/li>\n<li class=\"iwc-product-detail-item\" role=\"listitem\">Syst\u00e8me de charge automatique Pellaton<\/li>\n<li class=\"iwc-product-detail-item\" role=\"listitem\">Dater<\/li>\n<li class=\"iwc-product-detail-item\" role=\"listitem\">Indication de la r\u00e9serve de marche<\/li>\n<li class=\"iwc-product-detail-item\" role=\"listitem\">R\u00e9serve de marche de 7 jours<\/li>\n<li class=\"iwc-product-detail-item\" role=\"listitem\">Double verre saphir avec bord arqu\u00e9, traitement antireflet sur les deux faces<\/li>\n<\/ul>\n","protected":false},"excerpt":{"rendered":"<p>Iwc Portuguese 42 ref. IW501704 Bo\u00eetier en acier, remontage automatique, diam\u00e8tre 42,4 mm, bleu, bracelet en acier, largeur du bracelet 22,0 mm. Petite seconde avec dispositif d&#8217;arr\u00eat Rotor avec m\u00e9daillon en or 18 carats Syst\u00e8me de charge automatique Pellaton Dater Indication de la r\u00e9serve de marche R\u00e9serve de marche de 7 jours Double verre saphir [&hellip;]<\/p>\n","protected":false},"featured_media":109115,"template":"","meta":{"_crdt_document":"","advanced_seo_description":"","jetpack_seo_html_title":"","jetpack_seo_noindex":false},"product_brand":[],"product_cat":[2229],"product_tag":[3716],"berocket_brand":[],"woo-feed-brand":[],"class_list":{"0":"post-109120","1":"product","2":"type-product","3":"status-publish","4":"has-post-thumbnail","6":"product_cat-iwc-fr","7":"product_tag-portoghese-2","9":"first","10":"instock","11":"sale","12":"taxable","13":"shipping-taxable","14":"purchasable","15":"product-type-simple"},"bundled_by":[],"bundle_stock_status":"instock","bundle_stock_quantity":1,"bundle_virtual":false,"bundle_layout":"","bundle_add_to_cart_form_location":"","bundle_editable_in_cart":false,"bundle_sold_individually_context":"","bundle_item_grouping":"","bundle_min_size":"","bundle_max_size":"","bundle_price":[],"bundled_items":[],"bundle_sell_ids":[],"group_of_quantity":0,"min_quantity":0,"max_quantity":"","exclude_order_quantity_value_rules":"no","exclude_category_quantity_rules":"no","combine_variations":"no","jetpack_sharing_enabled":true,"jetpack_likes_enabled":true,"_links":{"self":[{"href":"https:\/\/watchdeluxe.it\/fr\/wp-json\/wp\/v2\/product\/109120","targetHints":{"allow":["GET"]}}],"collection":[{"href":"https:\/\/watchdeluxe.it\/fr\/wp-json\/wp\/v2\/product"}],"about":[{"href":"https:\/\/watchdeluxe.it\/fr\/wp-json\/wp\/v2\/types\/product"}],"wp:featuredmedia":[{"embeddable":true,"href":"https:\/\/watchdeluxe.it\/fr\/wp-json\/wp\/v2\/media\/109115"}],"wp:attachment":[{"href":"https:\/\/watchdeluxe.it\/fr\/wp-json\/wp\/v2\/media?parent=109120"}],"wp:term":[{"taxonomy":"product_brand","embeddable":true,"href":"https:\/\/watchdeluxe.it\/fr\/wp-json\/wp\/v2\/product_brand?post=109120"},{"taxonomy":"product_cat","embeddable":true,"href":"https:\/\/watchdeluxe.it\/fr\/wp-json\/wp\/v2\/product_cat?post=109120"},{"taxonomy":"product_tag","embeddable":true,"href":"https:\/\/watchdeluxe.it\/fr\/wp-json\/wp\/v2\/product_tag?post=109120"},{"taxonomy":"berocket_brand","embeddable":true,"href":"https:\/\/watchdeluxe.it\/fr\/wp-json\/wp\/v2\/berocket_brand?post=109120"},{"taxonomy":"woo-feed-brand","embeddable":true,"href":"https:\/\/watchdeluxe.it\/fr\/wp-json\/wp\/v2\/woo-feed-brand?post=109120"}],"curies":[{"name":"wp","href":"https:\/\/api.w.org\/{rel}","templated":true}]}}