{"id":109044,"date":"2024-09-27T17:20:37","date_gmt":"2024-09-27T15:20:37","guid":{"rendered":"https:\/\/watchdeluxe.it\/prodotto\/iwc-pilots-chronograph-41-mercedes-amg-edition-ref-iw388108\/"},"modified":"2025-11-26T09:52:11","modified_gmt":"2025-11-26T08:52:11","slug":"iwc-pilots-chronograph-41-mercedes-amg-edition-ref-iw388108","status":"publish","type":"product","link":"https:\/\/watchdeluxe.it\/fr\/prodotto\/iwc-pilots-chronograph-41-mercedes-amg-edition-ref-iw388108\/","title":{"rendered":"Iwc Pilot&#8217;s chronograph 41 Mercedes Amg edition ref. IW388108"},"content":{"rendered":"<p>Iwc Pilot&#8217;s chronograph 41 Mercedes Amg edition ref. IW388108<\/p>\n<p>Titane Bo\u00eetier,<\/p>\n<p>Chargement automatique,<\/p>\n<p>Diam\u00e8tre 41,0 mm,<\/p>\n<p>Noir avec \u00e9l\u00e9ments luminescents,<\/p>\n<p>Bracelet en caoutchouc vert avec syst\u00e8me de remplacement EasX-CHANGE, largeur du bracelet 20,0 mm.<\/p>\n<ul class=\"iwc-product-information-details expanded\" role=\"list\" data-toggle-id=\"features-section-details\">\n<li class=\"iwc-product-detail-item\" role=\"listitem\">Petite seconde avec dispositif d&#8217;arr\u00eat<\/li>\n<li class=\"iwc-product-detail-item\" role=\"listitem\">Syst\u00e8me de changement rapide du bracelet IWC<\/li>\n<li class=\"iwc-product-detail-item\" role=\"listitem\">Verre saphir, convexe, antireflet sur les deux faces<\/li>\n<li class=\"iwc-product-detail-item\" role=\"listitem\">Verre saphir anti-pression<\/li>\n<li class=\"iwc-product-detail-item\" role=\"listitem\">Affichage de la date et du jour de la semaine<\/li>\n<li class=\"iwc-product-detail-item\" role=\"listitem\">Fonction chronographe pour les heures, les minutes et les secondes<\/li>\n<li class=\"iwc-product-detail-item\" role=\"listitem\">Sangle suppl\u00e9mentaire incluse<\/li>\n<\/ul>\n","protected":false},"excerpt":{"rendered":"<p>Iwc Pilot&#8217;s chronograph 41 Mercedes Amg edition ref. IW388108 Titane Bo\u00eetier, Chargement automatique, Diam\u00e8tre 41,0 mm, Noir avec \u00e9l\u00e9ments luminescents, Bracelet en caoutchouc vert avec syst\u00e8me de remplacement EasX-CHANGE, largeur du bracelet 20,0 mm. Petite seconde avec dispositif d&#8217;arr\u00eat Syst\u00e8me de changement rapide du bracelet IWC Verre saphir, convexe, antireflet sur les deux faces Verre [&hellip;]<\/p>\n","protected":false},"featured_media":109039,"template":"","meta":{"_crdt_document":"","advanced_seo_description":"","jetpack_seo_html_title":"","jetpack_seo_noindex":false},"product_brand":[],"product_cat":[2229],"product_tag":[3957],"berocket_brand":[],"woo-feed-brand":[],"class_list":{"0":"post-109044","1":"product","2":"type-product","3":"status-publish","4":"has-post-thumbnail","6":"product_cat-iwc-fr","7":"product_tag-pilote","9":"first","10":"instock","11":"sale","12":"taxable","13":"shipping-taxable","14":"purchasable","15":"product-type-simple"},"bundled_by":[],"bundle_stock_status":"instock","bundle_stock_quantity":1,"bundle_virtual":false,"bundle_layout":"","bundle_add_to_cart_form_location":"","bundle_editable_in_cart":false,"bundle_sold_individually_context":"","bundle_item_grouping":"","bundle_min_size":"","bundle_max_size":"","bundle_price":[],"bundled_items":[],"bundle_sell_ids":[],"group_of_quantity":0,"min_quantity":0,"max_quantity":"","exclude_order_quantity_value_rules":"no","exclude_category_quantity_rules":"no","combine_variations":"no","jetpack_sharing_enabled":true,"jetpack_likes_enabled":true,"_links":{"self":[{"href":"https:\/\/watchdeluxe.it\/fr\/wp-json\/wp\/v2\/product\/109044","targetHints":{"allow":["GET"]}}],"collection":[{"href":"https:\/\/watchdeluxe.it\/fr\/wp-json\/wp\/v2\/product"}],"about":[{"href":"https:\/\/watchdeluxe.it\/fr\/wp-json\/wp\/v2\/types\/product"}],"wp:featuredmedia":[{"embeddable":true,"href":"https:\/\/watchdeluxe.it\/fr\/wp-json\/wp\/v2\/media\/109039"}],"wp:attachment":[{"href":"https:\/\/watchdeluxe.it\/fr\/wp-json\/wp\/v2\/media?parent=109044"}],"wp:term":[{"taxonomy":"product_brand","embeddable":true,"href":"https:\/\/watchdeluxe.it\/fr\/wp-json\/wp\/v2\/product_brand?post=109044"},{"taxonomy":"product_cat","embeddable":true,"href":"https:\/\/watchdeluxe.it\/fr\/wp-json\/wp\/v2\/product_cat?post=109044"},{"taxonomy":"product_tag","embeddable":true,"href":"https:\/\/watchdeluxe.it\/fr\/wp-json\/wp\/v2\/product_tag?post=109044"},{"taxonomy":"berocket_brand","embeddable":true,"href":"https:\/\/watchdeluxe.it\/fr\/wp-json\/wp\/v2\/berocket_brand?post=109044"},{"taxonomy":"woo-feed-brand","embeddable":true,"href":"https:\/\/watchdeluxe.it\/fr\/wp-json\/wp\/v2\/woo-feed-brand?post=109044"}],"curies":[{"name":"wp","href":"https:\/\/api.w.org\/{rel}","templated":true}]}}